{"id":124,"date":"2020-04-28T16:52:24","date_gmt":"2020-04-28T14:52:24","guid":{"rendered":"http:\/\/ixajhje.cluster028.hosting.ovh.net\/?page_id=124"},"modified":"2020-05-07T12:42:24","modified_gmt":"2020-05-07T10:42:24","slug":"location-de-salle","status":"publish","type":"page","link":"https:\/\/www.salsa-grenoble.fr\/index.php\/location-de-salle\/","title":{"rendered":"Location de salle"},"content":{"rendered":"\n<figure class=\"wp-block-image size-large\"><img loading=\"lazy\" decoding=\"async\" width=\"820\" height=\"549\" src=\"http:\/\/ixajhje.cluster028.hosting.ovh.net\/wp-content\/uploads\/2020\/04\/centre-de-danse-salsa-greno.jpg\" alt=\"\" class=\"wp-image-125\" srcset=\"https:\/\/www.salsa-grenoble.fr\/wp-content\/uploads\/2020\/04\/centre-de-danse-salsa-greno.jpg 820w, https:\/\/www.salsa-grenoble.fr\/wp-content\/uploads\/2020\/04\/centre-de-danse-salsa-greno-300x201.jpg 300w, https:\/\/www.salsa-grenoble.fr\/wp-content\/uploads\/2020\/04\/centre-de-danse-salsa-greno-768x514.jpg 768w, https:\/\/www.salsa-grenoble.fr\/wp-content\/uploads\/2020\/04\/centre-de-danse-salsa-greno-403x270.jpg 403w\" sizes=\"auto, (max-width: 820px) 100vw, 820px\" \/><\/figure>\n\n\n\n<p><strong>Tarif \u00a0<\/strong>: Nous contacter au 06 20 26 83 45 &#8211; ou contact@salsa-grenoble.fr<br>\u00a0Une assurance RC (responsabilit\u00e9 civile) pour la soir\u00e9e est obligatoire en cas de soucis.\u00a0<br>\u00a0\u00a0<br><strong>Jours <\/strong>: Samedi ou dimanche ou jours f\u00e9ri\u00e9s en semaine ou pendant la p\u00e9riode des vacances scolaires.\u00a0<br><strong>D\u00e9coration <\/strong>: La salle a d\u00e9j\u00e0 une d\u00e9co sur le th\u00e8me de Cuba, il y a juste \u00e0 personnaliser un peu.\u00a0<br><strong>Superficie salle<\/strong> : 150 m2\u00a0<br><strong>Places assises <\/strong>: Environ 30 personnes\u00a0<br><strong>Frigo <\/strong>: Frigo pour les boissons dispo.\u00a0<br><strong>Lumi\u00e8re et sono dispo<\/strong>, il y a juste \u00e0 ramener un ordinateur ou t\u00e9l\u00e9phone pour passer sa musique.\u00a0<br><strong>Cabine DJ disponible\u00a0<\/strong><br><strong>Salle Climatis\u00e9e.<\/strong>\u00a0<br><strong>\u00a0Vaisselle <\/strong>: Pr\u00e9voir vos verres en plastique.\u00a0<br><strong>WC \/ douche<\/strong> : 2 wc dispo et 1 douche\u00a0<br><br><strong>Options <\/strong>: Possibilit\u00e9 d&rsquo;utiliser une tireuse \u00e0 bi\u00e8re avec f\u00fbt de 15 L ou 30 L &#8211; Prix suivant la bi\u00e8re\u00a0<br><strong>Acc\u00e8s <\/strong>: Rocade \u00e0 2 min, tram A \u00ab\u00a0Berriat magasin\u00a0\u00bb \u00e0 3 min \u00e0 pied, Bus \u00e0 2 min, Tram C \u00ab\u00a0Vallier-Catane\u00a0\u00bb.\u00a0<br>La salle se trouve \u00e0 200 m de la Belle Electrique.\u00a0<br><strong>Voisinage <\/strong>: Pas possible de jouer de la musique live, des percussions ou de mettre tr\u00e8s fort les basses en soir\u00e9e.\u00a0<br><br><strong>1 heure d&rsquo;animation latino pour vos invit\u00e9s<\/strong> : Pr\u00e9voir 100 euros de plus.<br><br><strong>Nettoyage <\/strong>: Il y a juste \u00e0 d\u00e9barrasser toutes vos affaires (Pr\u00e9voir sac poubelle de 130 L), le nettoyage est compris dans le prix\u00a0<br><strong>Sol <\/strong>: Sol tout en parquet\u00a0<br><strong>Caution <\/strong>: Une caution de 1500 euros sera demand\u00e9e et restitu\u00e9e apr\u00e8s l&rsquo;\u00e9tat des lieux.\u00a0<br>Un \u00e9tat des lieux sera fait avant le d\u00e9but de location.<\/p>\n\n\n\n<hr class=\"wp-block-separator\"\/>\n\n\n\n<figure class=\"wp-block-image size-large\"><img loading=\"lazy\" decoding=\"async\" width=\"386\" height=\"100\" src=\"http:\/\/ixajhje.cluster028.hosting.ovh.net\/wp-content\/uploads\/2020\/04\/location-salle.png\" alt=\"\" class=\"wp-image-126\" srcset=\"https:\/\/www.salsa-grenoble.fr\/wp-content\/uploads\/2020\/04\/location-salle.png 386w, https:\/\/www.salsa-grenoble.fr\/wp-content\/uploads\/2020\/04\/location-salle-300x78.png 300w\" sizes=\"auto, (max-width: 386px) 100vw, 386px\" \/><\/figure>\n","protected":false},"excerpt":{"rendered":"<p>Tarif \u00a0: Nous contacter au 06 20 26 83 45 &#8211; ou contact@salsa-grenoble.fr\u00a0Une assurance RC (responsabilit\u00e9 civile) pour la soir\u00e9e est obligatoire en cas de soucis.\u00a0\u00a0\u00a0Jours : Samedi ou dimanche ou jours f\u00e9ri\u00e9s en semaine ou pendant la p\u00e9riode des vacances scolaires.\u00a0D\u00e9coration : La salle a d\u00e9j\u00e0 une d\u00e9co sur le th\u00e8me de Cuba, il y a juste \u00e0 personnaliser un peu.\u00a0Superficie salle : 150 m2\u00a0Places assises : Environ 30 personnes\u00a0Frigo : Frigo pour les boissons dispo.\u00a0Lumi\u00e8re et sono dispo,&#8230;<\/p>\n<p class=\"read-more\"><a class=\"btn btn-default\" href=\"https:\/\/www.salsa-grenoble.fr\/index.php\/location-de-salle\/\">Lire la suite<span class=\"screen-reader-text\"> Lire la suite<\/span><\/a><\/p>\n","protected":false},"author":1,"featured_media":0,"parent":0,"menu_order":0,"comment_status":"closed","ping_status":"closed","template":"","meta":{"_bbp_topic_count":0,"_bbp_reply_count":0,"_bbp_total_topic_count":0,"_bbp_total_reply_count":0,"_bbp_voice_count":0,"_bbp_anonymous_reply_count":0,"_bbp_topic_count_hidden":0,"_bbp_reply_count_hidden":0,"_bbp_forum_subforum_count":0,"footnotes":""},"class_list":["post-124","page","type-page","status-publish","hentry"],"yoast_head":"<!-- This site is optimized with the Yoast SEO plugin v25.8 - https:\/\/yoast.com\/wordpress\/plugins\/seo\/ -->\n<title>Location de salle - Salsa Grenoble<\/title>\n<meta name=\"description\" content=\"Location de salle \u00e0 Grenoble, quartier Bouchayer Viallet, au 10 rue Ampere.\" \/>\n<meta name=\"robots\" content=\"index, follow, max-snippet:-1, max-image-preview:large, max-video-preview:-1\" \/>\n<link rel=\"canonical\" href=\"https:\/\/www.salsa-grenoble.fr\/index.php\/location-de-salle\/\" \/>\n<meta property=\"og:locale\" content=\"fr_FR\" \/>\n<meta property=\"og:type\" content=\"article\" \/>\n<meta property=\"og:title\" content=\"Location de salle - Salsa Grenoble\" \/>\n<meta property=\"og:description\" content=\"Location de salle \u00e0 Grenoble, quartier Bouchayer Viallet, au 10 rue Ampere.\" \/>\n<meta property=\"og:url\" content=\"https:\/\/www.salsa-grenoble.fr\/index.php\/location-de-salle\/\" \/>\n<meta property=\"og:site_name\" content=\"Salsa Grenoble\" \/>\n<meta property=\"article:publisher\" content=\"https:\/\/www.facebook.com\/groups\/48137432717\/\" \/>\n<meta property=\"article:modified_time\" content=\"2020-05-07T10:42:24+00:00\" \/>\n<meta property=\"og:image\" content=\"http:\/\/ixajhje.cluster028.hosting.ovh.net\/wp-content\/uploads\/2020\/04\/centre-de-danse-salsa-greno.jpg\" \/>\n<meta name=\"twitter:card\" content=\"summary_large_image\" \/>\n<meta name=\"twitter:label1\" content=\"Dur\u00e9e de lecture estim\u00e9e\" \/>\n\t<meta name=\"twitter:data1\" content=\"1 minute\" \/>\n<script type=\"application\/ld+json\" class=\"yoast-schema-graph\">{\"@context\":\"https:\/\/schema.org\",\"@graph\":[{\"@type\":\"WebPage\",\"@id\":\"https:\/\/www.salsa-grenoble.fr\/index.php\/location-de-salle\/\",\"url\":\"https:\/\/www.salsa-grenoble.fr\/index.php\/location-de-salle\/\",\"name\":\"Location de salle - Salsa Grenoble\",\"isPartOf\":{\"@id\":\"https:\/\/www.salsa-grenoble.fr\/#website\"},\"primaryImageOfPage\":{\"@id\":\"https:\/\/www.salsa-grenoble.fr\/index.php\/location-de-salle\/#primaryimage\"},\"image\":{\"@id\":\"https:\/\/www.salsa-grenoble.fr\/index.php\/location-de-salle\/#primaryimage\"},\"thumbnailUrl\":\"http:\/\/ixajhje.cluster028.hosting.ovh.net\/wp-content\/uploads\/2020\/04\/centre-de-danse-salsa-greno.jpg\",\"datePublished\":\"2020-04-28T14:52:24+00:00\",\"dateModified\":\"2020-05-07T10:42:24+00:00\",\"description\":\"Location de salle \u00e0 Grenoble, quartier Bouchayer Viallet, au 10 rue Ampere.\",\"breadcrumb\":{\"@id\":\"https:\/\/www.salsa-grenoble.fr\/index.php\/location-de-salle\/#breadcrumb\"},\"inLanguage\":\"fr-FR\",\"potentialAction\":[{\"@type\":\"ReadAction\",\"target\":[\"https:\/\/www.salsa-grenoble.fr\/index.php\/location-de-salle\/\"]}]},{\"@type\":\"ImageObject\",\"inLanguage\":\"fr-FR\",\"@id\":\"https:\/\/www.salsa-grenoble.fr\/index.php\/location-de-salle\/#primaryimage\",\"url\":\"http:\/\/ixajhje.cluster028.hosting.ovh.net\/wp-content\/uploads\/2020\/04\/centre-de-danse-salsa-greno.jpg\",\"contentUrl\":\"http:\/\/ixajhje.cluster028.hosting.ovh.net\/wp-content\/uploads\/2020\/04\/centre-de-danse-salsa-greno.jpg\"},{\"@type\":\"BreadcrumbList\",\"@id\":\"https:\/\/www.salsa-grenoble.fr\/index.php\/location-de-salle\/#breadcrumb\",\"itemListElement\":[{\"@type\":\"ListItem\",\"position\":1,\"name\":\"Accueil\",\"item\":\"https:\/\/www.salsa-grenoble.fr\/\"},{\"@type\":\"ListItem\",\"position\":2,\"name\":\"Location de salle\"}]},{\"@type\":\"WebSite\",\"@id\":\"https:\/\/www.salsa-grenoble.fr\/#website\",\"url\":\"https:\/\/www.salsa-grenoble.fr\/\",\"name\":\"Salsa Grenoble\",\"description\":\"Votre \u00e9cole de salsa cubaine \u00e0 Grenoble\",\"publisher\":{\"@id\":\"https:\/\/www.salsa-grenoble.fr\/#organization\"},\"potentialAction\":[{\"@type\":\"SearchAction\",\"target\":{\"@type\":\"EntryPoint\",\"urlTemplate\":\"https:\/\/www.salsa-grenoble.fr\/?s={search_term_string}\"},\"query-input\":{\"@type\":\"PropertyValueSpecification\",\"valueRequired\":true,\"valueName\":\"search_term_string\"}}],\"inLanguage\":\"fr-FR\"},{\"@type\":\"Organization\",\"@id\":\"https:\/\/www.salsa-grenoble.fr\/#organization\",\"name\":\"ecole de danse Salsa Grenoble\",\"url\":\"https:\/\/www.salsa-grenoble.fr\/\",\"logo\":{\"@type\":\"ImageObject\",\"inLanguage\":\"fr-FR\",\"@id\":\"https:\/\/www.salsa-grenoble.fr\/#\/schema\/logo\/image\/\",\"url\":\"https:\/\/www.salsa-grenoble.fr\/wp-content\/uploads\/2020\/04\/salsa-gre-presentation2.png\",\"contentUrl\":\"https:\/\/www.salsa-grenoble.fr\/wp-content\/uploads\/2020\/04\/salsa-gre-presentation2.png\",\"width\":820,\"height\":220,\"caption\":\"ecole de danse Salsa Grenoble\"},\"image\":{\"@id\":\"https:\/\/www.salsa-grenoble.fr\/#\/schema\/logo\/image\/\"},\"sameAs\":[\"https:\/\/www.facebook.com\/groups\/48137432717\/\",\"https:\/\/www.youtube.com\/channel\/UCZTDZZxtrEhODW5fUUtoRPQ\"]}]}<\/script>\n<!-- \/ Yoast SEO plugin. -->","yoast_head_json":{"title":"Location de salle - Salsa Grenoble","description":"Location de salle \u00e0 Grenoble, quartier Bouchayer Viallet, au 10 rue Ampere.","robots":{"index":"index","follow":"follow","max-snippet":"max-snippet:-1","max-image-preview":"max-image-preview:large","max-video-preview":"max-video-preview:-1"},"canonical":"https:\/\/www.salsa-grenoble.fr\/index.php\/location-de-salle\/","og_locale":"fr_FR","og_type":"article","og_title":"Location de salle - Salsa Grenoble","og_description":"Location de salle \u00e0 Grenoble, quartier Bouchayer Viallet, au 10 rue Ampere.","og_url":"https:\/\/www.salsa-grenoble.fr\/index.php\/location-de-salle\/","og_site_name":"Salsa Grenoble","article_publisher":"https:\/\/www.facebook.com\/groups\/48137432717\/","article_modified_time":"2020-05-07T10:42:24+00:00","og_image":[{"url":"http:\/\/ixajhje.cluster028.hosting.ovh.net\/wp-content\/uploads\/2020\/04\/centre-de-danse-salsa-greno.jpg","type":"","width":"","height":""}],"twitter_card":"summary_large_image","twitter_misc":{"Dur\u00e9e de lecture estim\u00e9e":"1 minute"},"schema":{"@context":"https:\/\/schema.org","@graph":[{"@type":"WebPage","@id":"https:\/\/www.salsa-grenoble.fr\/index.php\/location-de-salle\/","url":"https:\/\/www.salsa-grenoble.fr\/index.php\/location-de-salle\/","name":"Location de salle - Salsa Grenoble","isPartOf":{"@id":"https:\/\/www.salsa-grenoble.fr\/#website"},"primaryImageOfPage":{"@id":"https:\/\/www.salsa-grenoble.fr\/index.php\/location-de-salle\/#primaryimage"},"image":{"@id":"https:\/\/www.salsa-grenoble.fr\/index.php\/location-de-salle\/#primaryimage"},"thumbnailUrl":"http:\/\/ixajhje.cluster028.hosting.ovh.net\/wp-content\/uploads\/2020\/04\/centre-de-danse-salsa-greno.jpg","datePublished":"2020-04-28T14:52:24+00:00","dateModified":"2020-05-07T10:42:24+00:00","description":"Location de salle \u00e0 Grenoble, quartier Bouchayer Viallet, au 10 rue Ampere.","breadcrumb":{"@id":"https:\/\/www.salsa-grenoble.fr\/index.php\/location-de-salle\/#breadcrumb"},"inLanguage":"fr-FR","potentialAction":[{"@type":"ReadAction","target":["https:\/\/www.salsa-grenoble.fr\/index.php\/location-de-salle\/"]}]},{"@type":"ImageObject","inLanguage":"fr-FR","@id":"https:\/\/www.salsa-grenoble.fr\/index.php\/location-de-salle\/#primaryimage","url":"http:\/\/ixajhje.cluster028.hosting.ovh.net\/wp-content\/uploads\/2020\/04\/centre-de-danse-salsa-greno.jpg","contentUrl":"http:\/\/ixajhje.cluster028.hosting.ovh.net\/wp-content\/uploads\/2020\/04\/centre-de-danse-salsa-greno.jpg"},{"@type":"BreadcrumbList","@id":"https:\/\/www.salsa-grenoble.fr\/index.php\/location-de-salle\/#breadcrumb","itemListElement":[{"@type":"ListItem","position":1,"name":"Accueil","item":"https:\/\/www.salsa-grenoble.fr\/"},{"@type":"ListItem","position":2,"name":"Location de salle"}]},{"@type":"WebSite","@id":"https:\/\/www.salsa-grenoble.fr\/#website","url":"https:\/\/www.salsa-grenoble.fr\/","name":"Salsa Grenoble","description":"Votre \u00e9cole de salsa cubaine \u00e0 Grenoble","publisher":{"@id":"https:\/\/www.salsa-grenoble.fr\/#organization"},"potentialAction":[{"@type":"SearchAction","target":{"@type":"EntryPoint","urlTemplate":"https:\/\/www.salsa-grenoble.fr\/?s={search_term_string}"},"query-input":{"@type":"PropertyValueSpecification","valueRequired":true,"valueName":"search_term_string"}}],"inLanguage":"fr-FR"},{"@type":"Organization","@id":"https:\/\/www.salsa-grenoble.fr\/#organization","name":"ecole de danse Salsa Grenoble","url":"https:\/\/www.salsa-grenoble.fr\/","logo":{"@type":"ImageObject","inLanguage":"fr-FR","@id":"https:\/\/www.salsa-grenoble.fr\/#\/schema\/logo\/image\/","url":"https:\/\/www.salsa-grenoble.fr\/wp-content\/uploads\/2020\/04\/salsa-gre-presentation2.png","contentUrl":"https:\/\/www.salsa-grenoble.fr\/wp-content\/uploads\/2020\/04\/salsa-gre-presentation2.png","width":820,"height":220,"caption":"ecole de danse Salsa Grenoble"},"image":{"@id":"https:\/\/www.salsa-grenoble.fr\/#\/schema\/logo\/image\/"},"sameAs":["https:\/\/www.facebook.com\/groups\/48137432717\/","https:\/\/www.youtube.com\/channel\/UCZTDZZxtrEhODW5fUUtoRPQ"]}]}},"_links":{"self":[{"href":"https:\/\/www.salsa-grenoble.fr\/index.php\/wp-json\/wp\/v2\/pages\/124","targetHints":{"allow":["GET"]}}],"collection":[{"href":"https:\/\/www.salsa-grenoble.fr\/index.php\/wp-json\/wp\/v2\/pages"}],"about":[{"href":"https:\/\/www.salsa-grenoble.fr\/index.php\/wp-json\/wp\/v2\/types\/page"}],"author":[{"embeddable":true,"href":"https:\/\/www.salsa-grenoble.fr\/index.php\/wp-json\/wp\/v2\/users\/1"}],"replies":[{"embeddable":true,"href":"https:\/\/www.salsa-grenoble.fr\/index.php\/wp-json\/wp\/v2\/comments?post=124"}],"version-history":[{"count":3,"href":"https:\/\/www.salsa-grenoble.fr\/index.php\/wp-json\/wp\/v2\/pages\/124\/revisions"}],"predecessor-version":[{"id":285,"href":"https:\/\/www.salsa-grenoble.fr\/index.php\/wp-json\/wp\/v2\/pages\/124\/revisions\/285"}],"wp:attachment":[{"href":"https:\/\/www.salsa-grenoble.fr\/index.php\/wp-json\/wp\/v2\/media?parent=124"}],"curies":[{"name":"wp","href":"https:\/\/api.w.org\/{rel}","templated":true}]}}