{"id":128,"date":"2020-04-28T16:59:28","date_gmt":"2020-04-28T14:59:28","guid":{"rendered":"http:\/\/ixajhje.cluster028.hosting.ovh.net\/?page_id=128"},"modified":"2020-05-04T14:10:19","modified_gmt":"2020-05-04T12:10:19","slug":"les-niveaux-de-danse","status":"publish","type":"page","link":"https:\/\/www.salsa-grenoble.fr\/index.php\/les-niveaux-de-danse\/","title":{"rendered":"Les niveaux de danse"},"content":{"rendered":"\n<div class=\"wp-block-columns is-layout-flex wp-container-core-columns-is-layout-9d6595d7 wp-block-columns-is-layout-flex\">\n<div class=\"wp-block-column is-layout-flow wp-block-column-is-layout-flow\" style=\"flex-basis:33.33%\">\n<p><strong><span class=\"has-inline-color has-vivid-red-color\">Niveau 1 <\/span><\/strong><\/p>\n<\/div>\n\n\n\n<div class=\"wp-block-column is-layout-flow wp-block-column-is-layout-flow\" style=\"flex-basis:66.66%\">\n<p>On reprend tout \u00e0 z\u00e9ro, vous n\u2019avez pas besoin d\u2019avoir fait d\u2019autres danses avant.&nbsp;<br>La <strong>p\u00e9dagogie unique<\/strong> d\u00e9velopp\u00e9e par Foudil, fondateur de Salsa Grenoble vous donnera <strong>des bases solides<\/strong> : c&rsquo;est l&rsquo;\u00e9tape la plus importante !!<br>A travers ce programme complet, nous ne demandons pas aux \u00e9l\u00e8ves de reproduire m\u00e9caniquement des figures, mais de comprendre pour les r\u00e9aliser parfaitement et, par la suite, pouvoir improviser.&nbsp;<br>A travers ce programme tr\u00e8s complet, le guidage, les instruments, les automatismes, l&rsquo;aisance et les notions de ryhtme, de style n&rsquo;auront plus de secrets pour vous.<\/p>\n<\/div>\n<\/div>\n\n\n\n<hr class=\"wp-block-separator\"\/>\n\n\n\n<div class=\"wp-block-columns is-layout-flex wp-container-core-columns-is-layout-9d6595d7 wp-block-columns-is-layout-flex\">\n<div class=\"wp-block-column is-layout-flow wp-block-column-is-layout-flow\" style=\"flex-basis:33.33%\">\n<p><strong><span class=\"has-inline-color has-vivid-red-color\">Niveau 2<\/span><\/strong><\/p>\n<\/div>\n\n\n\n<div class=\"wp-block-column is-layout-flow wp-block-column-is-layout-flow\" style=\"flex-basis:66.66%\">\n<p>Pr\u00e9requis : vous avez suivi le niveau 1 chez Salsa Grenoble, ou vous venez d\u2019une autre \u00e9cole (une \u00e9valuation vous permettra de savoir si votre niveau vous permet d\u2019int\u00e9grer ce cours).\u00a0<br>Dans ce cours, nous nous appuyons sur vos bases pour commencer ensemble \u00e0 ma\u00eetriser : le style, la rythmique, les techniques de d\u00e9placement sp\u00e9cifiques \u00e0 la salsa cubaine, des encha\u00eenements bas\u00e9s sur la figure \u00ab Coca Cola \u00bb, les jeux de pieds solo ou en position ferm\u00e9e.\u00a0<\/p>\n<\/div>\n<\/div>\n\n\n\n<hr class=\"wp-block-separator\"\/>\n\n\n\n<div class=\"wp-block-columns is-layout-flex wp-container-core-columns-is-layout-9d6595d7 wp-block-columns-is-layout-flex\">\n<div class=\"wp-block-column is-layout-flow wp-block-column-is-layout-flow\" style=\"flex-basis:33.33%\">\n<p><strong><span class=\"has-inline-color has-vivid-red-color\">Niveau  3<\/span><\/strong><\/p>\n<\/div>\n\n\n\n<div class=\"wp-block-column is-layout-flow wp-block-column-is-layout-flow\" style=\"flex-basis:66.66%\">\n<p>Pr\u00e9requis : il faut avoir suivi le niveau 2 chez Salsa Grenoble, ou vous venez d\u2019une autre \u00e9cole (une \u00e9valuation vous permettra de savoir si votre niveau vous permet d\u2019int\u00e9grer ce cours).\u00a0<br>Dans ce cours niveau 3, nous voyons des encha\u00eenements <strong>plus complexes<\/strong>, la pr\u00e9cision et la souplesse du guidage, la ma\u00eetrise de la rumba. Nous <strong>approfondissons<\/strong> votre style, la compr\u00e9hension de la rythmique.<\/p>\n<\/div>\n<\/div>\n\n\n\n<hr class=\"wp-block-separator\"\/>\n\n\n\n<div class=\"wp-block-columns is-layout-flex wp-container-core-columns-is-layout-9d6595d7 wp-block-columns-is-layout-flex\">\n<div class=\"wp-block-column is-layout-flow wp-block-column-is-layout-flow\" style=\"flex-basis:33.33%\">\n<p><strong><span class=\"has-inline-color has-vivid-red-color\">Evolutif<\/span><\/strong><\/p>\n<\/div>\n\n\n\n<div class=\"wp-block-column is-layout-flow wp-block-column-is-layout-flow\" style=\"flex-basis:66.66%\">\n<p>Kizomba <br>La p\u00e9dagogie unique \u00e0 Grenoble d\u00e9velopp\u00e9e par Foudil vous permettra de comprendre les bases de la Kizomba. Cette danse demande une grande pr\u00e9cision dans le guidage et sa compr\u00e9hension.&nbsp;<br>Venez tester un cours et vous serez convaincu par nos m\u00e9thodes d&rsquo;apprentissage !&nbsp;<br>Foudil est un des 1er professeur de Kizomba \u00e0 Grenoble depuis 2010 !&nbsp;<\/p>\n<\/div>\n<\/div>\n\n\n\n<p><\/p>\n","protected":false},"excerpt":{"rendered":"<p>Niveau 1 On reprend tout \u00e0 z\u00e9ro, vous n\u2019avez pas besoin d\u2019avoir fait d\u2019autres danses avant.&nbsp;La p\u00e9dagogie unique d\u00e9velopp\u00e9e par Foudil, fondateur de Salsa Grenoble vous donnera des bases solides : c&rsquo;est l&rsquo;\u00e9tape la plus importante !!A travers ce programme complet, nous ne demandons pas aux \u00e9l\u00e8ves de reproduire m\u00e9caniquement des figures, mais de comprendre pour les r\u00e9aliser parfaitement et, par la suite, pouvoir improviser.&nbsp;A travers ce programme tr\u00e8s complet, le guidage, les instruments, les automatismes, l&rsquo;aisance et les notions&#8230;<\/p>\n<p class=\"read-more\"><a class=\"btn btn-default\" href=\"https:\/\/www.salsa-grenoble.fr\/index.php\/les-niveaux-de-danse\/\">Lire la suite<span class=\"screen-reader-text\"> Lire la suite<\/span><\/a><\/p>\n","protected":false},"author":1,"featured_media":0,"parent":0,"menu_order":0,"comment_status":"closed","ping_status":"closed","template":"","meta":{"_bbp_topic_count":0,"_bbp_reply_count":0,"_bbp_total_topic_count":0,"_bbp_total_reply_count":0,"_bbp_voice_count":0,"_bbp_anonymous_reply_count":0,"_bbp_topic_count_hidden":0,"_bbp_reply_count_hidden":0,"_bbp_forum_subforum_count":0,"footnotes":""},"class_list":["post-128","page","type-page","status-publish","hentry"],"yoast_head":"<!-- This site is optimized with the Yoast SEO plugin v25.8 - https:\/\/yoast.com\/wordpress\/plugins\/seo\/ -->\n<title>Les niveaux de danse - Salsa Grenoble<\/title>\n<meta name=\"description\" content=\"Explications des diff\u00e9rents niveaux de danse chez Salsa Grenoble\" \/>\n<meta name=\"robots\" content=\"index, follow, max-snippet:-1, max-image-preview:large, max-video-preview:-1\" \/>\n<link rel=\"canonical\" href=\"https:\/\/www.salsa-grenoble.fr\/index.php\/les-niveaux-de-danse\/\" \/>\n<meta property=\"og:locale\" content=\"fr_FR\" \/>\n<meta property=\"og:type\" content=\"article\" \/>\n<meta property=\"og:title\" content=\"Les niveaux de danse - Salsa Grenoble\" \/>\n<meta property=\"og:description\" content=\"Explications des diff\u00e9rents niveaux de danse chez Salsa Grenoble\" \/>\n<meta property=\"og:url\" content=\"https:\/\/www.salsa-grenoble.fr\/index.php\/les-niveaux-de-danse\/\" \/>\n<meta property=\"og:site_name\" content=\"Salsa Grenoble\" \/>\n<meta property=\"article:publisher\" content=\"https:\/\/www.facebook.com\/groups\/48137432717\/\" \/>\n<meta property=\"article:modified_time\" content=\"2020-05-04T12:10:19+00:00\" \/>\n<meta name=\"twitter:card\" content=\"summary_large_image\" \/>\n<meta name=\"twitter:label1\" content=\"Dur\u00e9e de lecture estim\u00e9e\" \/>\n\t<meta name=\"twitter:data1\" content=\"2 minutes\" \/>\n<script type=\"application\/ld+json\" class=\"yoast-schema-graph\">{\"@context\":\"https:\/\/schema.org\",\"@graph\":[{\"@type\":\"WebPage\",\"@id\":\"https:\/\/www.salsa-grenoble.fr\/index.php\/les-niveaux-de-danse\/\",\"url\":\"https:\/\/www.salsa-grenoble.fr\/index.php\/les-niveaux-de-danse\/\",\"name\":\"Les niveaux de danse - Salsa Grenoble\",\"isPartOf\":{\"@id\":\"https:\/\/www.salsa-grenoble.fr\/#website\"},\"datePublished\":\"2020-04-28T14:59:28+00:00\",\"dateModified\":\"2020-05-04T12:10:19+00:00\",\"description\":\"Explications des diff\u00e9rents niveaux de danse chez Salsa Grenoble\",\"breadcrumb\":{\"@id\":\"https:\/\/www.salsa-grenoble.fr\/index.php\/les-niveaux-de-danse\/#breadcrumb\"},\"inLanguage\":\"fr-FR\",\"potentialAction\":[{\"@type\":\"ReadAction\",\"target\":[\"https:\/\/www.salsa-grenoble.fr\/index.php\/les-niveaux-de-danse\/\"]}]},{\"@type\":\"BreadcrumbList\",\"@id\":\"https:\/\/www.salsa-grenoble.fr\/index.php\/les-niveaux-de-danse\/#breadcrumb\",\"itemListElement\":[{\"@type\":\"ListItem\",\"position\":1,\"name\":\"Accueil\",\"item\":\"https:\/\/www.salsa-grenoble.fr\/\"},{\"@type\":\"ListItem\",\"position\":2,\"name\":\"Les niveaux de danse\"}]},{\"@type\":\"WebSite\",\"@id\":\"https:\/\/www.salsa-grenoble.fr\/#website\",\"url\":\"https:\/\/www.salsa-grenoble.fr\/\",\"name\":\"Salsa Grenoble\",\"description\":\"Votre \u00e9cole de salsa cubaine \u00e0 Grenoble\",\"publisher\":{\"@id\":\"https:\/\/www.salsa-grenoble.fr\/#organization\"},\"potentialAction\":[{\"@type\":\"SearchAction\",\"target\":{\"@type\":\"EntryPoint\",\"urlTemplate\":\"https:\/\/www.salsa-grenoble.fr\/?s={search_term_string}\"},\"query-input\":{\"@type\":\"PropertyValueSpecification\",\"valueRequired\":true,\"valueName\":\"search_term_string\"}}],\"inLanguage\":\"fr-FR\"},{\"@type\":\"Organization\",\"@id\":\"https:\/\/www.salsa-grenoble.fr\/#organization\",\"name\":\"ecole de danse Salsa Grenoble\",\"url\":\"https:\/\/www.salsa-grenoble.fr\/\",\"logo\":{\"@type\":\"ImageObject\",\"inLanguage\":\"fr-FR\",\"@id\":\"https:\/\/www.salsa-grenoble.fr\/#\/schema\/logo\/image\/\",\"url\":\"https:\/\/www.salsa-grenoble.fr\/wp-content\/uploads\/2020\/04\/salsa-gre-presentation2.png\",\"contentUrl\":\"https:\/\/www.salsa-grenoble.fr\/wp-content\/uploads\/2020\/04\/salsa-gre-presentation2.png\",\"width\":820,\"height\":220,\"caption\":\"ecole de danse Salsa Grenoble\"},\"image\":{\"@id\":\"https:\/\/www.salsa-grenoble.fr\/#\/schema\/logo\/image\/\"},\"sameAs\":[\"https:\/\/www.facebook.com\/groups\/48137432717\/\",\"https:\/\/www.youtube.com\/channel\/UCZTDZZxtrEhODW5fUUtoRPQ\"]}]}<\/script>\n<!-- \/ Yoast SEO plugin. -->","yoast_head_json":{"title":"Les niveaux de danse - Salsa Grenoble","description":"Explications des diff\u00e9rents niveaux de danse chez Salsa Grenoble","robots":{"index":"index","follow":"follow","max-snippet":"max-snippet:-1","max-image-preview":"max-image-preview:large","max-video-preview":"max-video-preview:-1"},"canonical":"https:\/\/www.salsa-grenoble.fr\/index.php\/les-niveaux-de-danse\/","og_locale":"fr_FR","og_type":"article","og_title":"Les niveaux de danse - Salsa Grenoble","og_description":"Explications des diff\u00e9rents niveaux de danse chez Salsa Grenoble","og_url":"https:\/\/www.salsa-grenoble.fr\/index.php\/les-niveaux-de-danse\/","og_site_name":"Salsa Grenoble","article_publisher":"https:\/\/www.facebook.com\/groups\/48137432717\/","article_modified_time":"2020-05-04T12:10:19+00:00","twitter_card":"summary_large_image","twitter_misc":{"Dur\u00e9e de lecture estim\u00e9e":"2 minutes"},"schema":{"@context":"https:\/\/schema.org","@graph":[{"@type":"WebPage","@id":"https:\/\/www.salsa-grenoble.fr\/index.php\/les-niveaux-de-danse\/","url":"https:\/\/www.salsa-grenoble.fr\/index.php\/les-niveaux-de-danse\/","name":"Les niveaux de danse - Salsa Grenoble","isPartOf":{"@id":"https:\/\/www.salsa-grenoble.fr\/#website"},"datePublished":"2020-04-28T14:59:28+00:00","dateModified":"2020-05-04T12:10:19+00:00","description":"Explications des diff\u00e9rents niveaux de danse chez Salsa Grenoble","breadcrumb":{"@id":"https:\/\/www.salsa-grenoble.fr\/index.php\/les-niveaux-de-danse\/#breadcrumb"},"inLanguage":"fr-FR","potentialAction":[{"@type":"ReadAction","target":["https:\/\/www.salsa-grenoble.fr\/index.php\/les-niveaux-de-danse\/"]}]},{"@type":"BreadcrumbList","@id":"https:\/\/www.salsa-grenoble.fr\/index.php\/les-niveaux-de-danse\/#breadcrumb","itemListElement":[{"@type":"ListItem","position":1,"name":"Accueil","item":"https:\/\/www.salsa-grenoble.fr\/"},{"@type":"ListItem","position":2,"name":"Les niveaux de danse"}]},{"@type":"WebSite","@id":"https:\/\/www.salsa-grenoble.fr\/#website","url":"https:\/\/www.salsa-grenoble.fr\/","name":"Salsa Grenoble","description":"Votre \u00e9cole de salsa cubaine \u00e0 Grenoble","publisher":{"@id":"https:\/\/www.salsa-grenoble.fr\/#organization"},"potentialAction":[{"@type":"SearchAction","target":{"@type":"EntryPoint","urlTemplate":"https:\/\/www.salsa-grenoble.fr\/?s={search_term_string}"},"query-input":{"@type":"PropertyValueSpecification","valueRequired":true,"valueName":"search_term_string"}}],"inLanguage":"fr-FR"},{"@type":"Organization","@id":"https:\/\/www.salsa-grenoble.fr\/#organization","name":"ecole de danse Salsa Grenoble","url":"https:\/\/www.salsa-grenoble.fr\/","logo":{"@type":"ImageObject","inLanguage":"fr-FR","@id":"https:\/\/www.salsa-grenoble.fr\/#\/schema\/logo\/image\/","url":"https:\/\/www.salsa-grenoble.fr\/wp-content\/uploads\/2020\/04\/salsa-gre-presentation2.png","contentUrl":"https:\/\/www.salsa-grenoble.fr\/wp-content\/uploads\/2020\/04\/salsa-gre-presentation2.png","width":820,"height":220,"caption":"ecole de danse Salsa Grenoble"},"image":{"@id":"https:\/\/www.salsa-grenoble.fr\/#\/schema\/logo\/image\/"},"sameAs":["https:\/\/www.facebook.com\/groups\/48137432717\/","https:\/\/www.youtube.com\/channel\/UCZTDZZxtrEhODW5fUUtoRPQ"]}]}},"_links":{"self":[{"href":"https:\/\/www.salsa-grenoble.fr\/index.php\/wp-json\/wp\/v2\/pages\/128","targetHints":{"allow":["GET"]}}],"collection":[{"href":"https:\/\/www.salsa-grenoble.fr\/index.php\/wp-json\/wp\/v2\/pages"}],"about":[{"href":"https:\/\/www.salsa-grenoble.fr\/index.php\/wp-json\/wp\/v2\/types\/page"}],"author":[{"embeddable":true,"href":"https:\/\/www.salsa-grenoble.fr\/index.php\/wp-json\/wp\/v2\/users\/1"}],"replies":[{"embeddable":true,"href":"https:\/\/www.salsa-grenoble.fr\/index.php\/wp-json\/wp\/v2\/comments?post=128"}],"version-history":[{"count":2,"href":"https:\/\/www.salsa-grenoble.fr\/index.php\/wp-json\/wp\/v2\/pages\/128\/revisions"}],"predecessor-version":[{"id":236,"href":"https:\/\/www.salsa-grenoble.fr\/index.php\/wp-json\/wp\/v2\/pages\/128\/revisions\/236"}],"wp:attachment":[{"href":"https:\/\/www.salsa-grenoble.fr\/index.php\/wp-json\/wp\/v2\/media?parent=128"}],"curies":[{"name":"wp","href":"https:\/\/api.w.org\/{rel}","templated":true}]}}