{"id":1550,"date":"2025-09-04T14:41:13","date_gmt":"2025-09-04T12:41:13","guid":{"rendered":"https:\/\/www.salsa-grenoble.fr\/?page_id=1550"},"modified":"2025-10-12T19:06:02","modified_gmt":"2025-10-12T17:06:02","slug":"groupes-sur-whats-app","status":"publish","type":"page","link":"https:\/\/www.salsa-grenoble.fr\/index.php\/groupes-sur-whats-app\/","title":{"rendered":"Groupes sur What&rsquo;s App"},"content":{"rendered":"\n<figure class=\"wp-block-image size-large\"><img loading=\"lazy\" decoding=\"async\" width=\"1024\" height=\"154\" src=\"https:\/\/www.salsa-grenoble.fr\/wp-content\/uploads\/2025\/09\/Communaute-Salsa-Grenoble-1024x154.jpg\" alt=\"\" class=\"wp-image-1551\" srcset=\"https:\/\/www.salsa-grenoble.fr\/wp-content\/uploads\/2025\/09\/Communaute-Salsa-Grenoble-1024x154.jpg 1024w, https:\/\/www.salsa-grenoble.fr\/wp-content\/uploads\/2025\/09\/Communaute-Salsa-Grenoble-300x45.jpg 300w, https:\/\/www.salsa-grenoble.fr\/wp-content\/uploads\/2025\/09\/Communaute-Salsa-Grenoble-768x115.jpg 768w, https:\/\/www.salsa-grenoble.fr\/wp-content\/uploads\/2025\/09\/Communaute-Salsa-Grenoble-1536x231.jpg 1536w, https:\/\/www.salsa-grenoble.fr\/wp-content\/uploads\/2025\/09\/Communaute-Salsa-Grenoble-604x91.jpg 604w, https:\/\/www.salsa-grenoble.fr\/wp-content\/uploads\/2025\/09\/Communaute-Salsa-Grenoble.jpg 1771w\" sizes=\"auto, (max-width: 1024px) 100vw, 1024px\" \/><\/figure>\n\n\n\n<p><strong><mark style=\"background-color:rgba(0, 0, 0, 0)\" class=\"has-inline-color has-vivid-red-color\">Pour rejoindre la communaut\u00e9 Salsa Grenoble<\/mark><\/strong><br>Pour rejoindre les groupes, scannez le QR code qui se trouve \u00e0 l&rsquo;\u00e9cole de danse (Cabine DJ)<br>Vous trouverez \u00e0 cette page, les diff\u00e9rents groupes SG pour vous tenir au courant des stages de danse, des vid\u00e9os de cours, \u00e9v\u00e8nements Salsa Grenoble.<br><br><strong><mark style=\"background-color:rgba(0, 0, 0, 0)\" class=\"has-inline-color has-vivid-red-color\">NOS PROCHAINES SOIREES SBK (<\/mark><\/strong><mark style=\"background-color:rgba(0, 0, 0, 0)\" class=\"has-inline-color has-vivid-red-color\"><strong>S<\/strong>alsa <strong>B<\/strong>achata <strong>K<\/strong>izomba<\/mark><strong><mark style=\"background-color:rgba(0, 0, 0, 0)\" class=\"has-inline-color has-vivid-red-color\">)<\/mark><\/strong><br><strong>SG-SOIREES-SALSA-GRENOBLE<\/strong><br>Tenez vous inform\u00e9 des prochaines soir\u00e9es SG.<strong> <\/strong><br><br><strong><mark style=\"background-color:rgba(0, 0, 0, 0)\" class=\"has-inline-color has-vivid-red-color\">SALSA CUBAINE<\/mark><\/strong><br><strong>SG-COURS-SALSA-NIV 1 <\/strong><br>Ce groupe concerne les \u00e9l\u00e8ves qui d\u00e9marrent en septembre, les niveaux 1.<br><br><strong><strong>SG-COURS-SALSA-NIV <\/strong>2<\/strong><br>Ce groupe concerne les \u00e9l\u00e8ves qui ont suivi au moins une saison de cours.<br><br><strong><strong>SG-COURS-SALSA-NIV <\/strong>3<\/strong><br>Ce groupe concerne les \u00e9l\u00e8ves qui ont suivi au moins deux saison de cours.<br><br><strong>SG-COURS-RUEDA<\/strong><br>Ce groupe concerne les \u00e9l\u00e8ves qui d\u00e9marrent en septembre.<br><br><strong>SG-STAGES-RYTHME-ET-STYLE<\/strong><br>Tenez vous inform\u00e9 des prochains stages de Rythme et Style.<br><br><strong>SG-STAGES-MUSICALITE<\/strong><br>Informations sur les stages de musicalit\u00e9s pour apprendre \u00e0 danser sur le rythme.<br><br><br><strong><mark style=\"background-color:rgba(0, 0, 0, 0)\" class=\"has-inline-color has-vivid-red-color\">BACHATA<\/mark><\/strong><br><strong>SG-COURS-BACHATA<\/strong><br>Ce groupe concerne les \u00e9l\u00e8ves qui d\u00e9marrent en septembre.<br><br><strong>SG-STAGES-BACHATA<\/strong><br>Tenez vous inform\u00e9 des prochains stages de bachata.<br><br><strong><mark style=\"background-color:rgba(0, 0, 0, 0)\" class=\"has-inline-color has-vivid-red-color\">KIZOMBA<\/mark><\/strong><br><strong>SG-COURS-KIZOMBA<\/strong><br>Ce groupe concerne les \u00e9l\u00e8ves qui d\u00e9marrent en septembre.<br><br><strong>SG-STAGE-KIZOMBA<\/strong><br>Tenez vous inform\u00e9 des prochains stages de kizomba.<br><br><strong><mark style=\"background-color:rgba(0, 0, 0, 0)\" class=\"has-inline-color has-vivid-red-color\">SALSA-BACHATA-REGGAETON-KIZ-RUMBA<\/mark><\/strong><br><strong>SG-STAGES-STYLE-FEMMES <\/strong><br>Tenez vous inform\u00e9 des prochains stages de style femmes avec Aur\u00e9lie.<br><br><strong><mark style=\"background-color:rgba(0, 0, 0, 0)\" class=\"has-inline-color has-vivid-red-color\">ORGANISATION DE VOYAGE A CUBA<\/mark><\/strong><br><strong>SG-VOYAGES-A-CUBA<\/strong><br>Informations sur nos prochains voyages \u00e0 Cuba.<br><br><\/p>\n\n\n\n<p><\/p>\n","protected":false},"excerpt":{"rendered":"<p>Pour rejoindre la communaut\u00e9 Salsa GrenoblePour rejoindre les groupes, scannez le QR code qui se trouve \u00e0 l&rsquo;\u00e9cole de danse (Cabine DJ)Vous trouverez \u00e0 cette page, les diff\u00e9rents groupes SG pour vous tenir au courant des stages de danse, des vid\u00e9os de cours, \u00e9v\u00e8nements Salsa Grenoble. NOS PROCHAINES SOIREES SBK (Salsa Bachata Kizomba)SG-SOIREES-SALSA-GRENOBLETenez vous inform\u00e9 des prochaines soir\u00e9es SG. SALSA CUBAINESG-COURS-SALSA-NIV 1 Ce groupe concerne les \u00e9l\u00e8ves qui d\u00e9marrent en septembre, les niveaux 1. SG-COURS-SALSA-NIV 2Ce groupe concerne les \u00e9l\u00e8ves&#8230;<\/p>\n<p class=\"read-more\"><a class=\"btn btn-default\" href=\"https:\/\/www.salsa-grenoble.fr\/index.php\/groupes-sur-whats-app\/\">Lire la suite<span class=\"screen-reader-text\"> Lire la suite<\/span><\/a><\/p>\n","protected":false},"author":1,"featured_media":0,"parent":0,"menu_order":0,"comment_status":"closed","ping_status":"closed","template":"","meta":{"_bbp_topic_count":0,"_bbp_reply_count":0,"_bbp_total_topic_count":0,"_bbp_total_reply_count":0,"_bbp_voice_count":0,"_bbp_anonymous_reply_count":0,"_bbp_topic_count_hidden":0,"_bbp_reply_count_hidden":0,"_bbp_forum_subforum_count":0,"footnotes":""},"class_list":["post-1550","page","type-page","status-publish","hentry"],"yoast_head":"<!-- This site is optimized with the Yoast SEO plugin v25.8 - https:\/\/yoast.com\/wordpress\/plugins\/seo\/ -->\n<title>Groupes sur What&#039;s App - Salsa Grenoble<\/title>\n<meta name=\"robots\" content=\"index, follow, max-snippet:-1, max-image-preview:large, max-video-preview:-1\" \/>\n<link rel=\"canonical\" href=\"https:\/\/www.salsa-grenoble.fr\/index.php\/groupes-sur-whats-app\/\" \/>\n<meta property=\"og:locale\" content=\"fr_FR\" \/>\n<meta property=\"og:type\" content=\"article\" \/>\n<meta property=\"og:title\" content=\"Groupes sur What&#039;s App - Salsa Grenoble\" \/>\n<meta property=\"og:description\" content=\"Pour rejoindre la communaut\u00e9 Salsa GrenoblePour rejoindre les groupes, scannez le QR code qui se trouve \u00e0 l&rsquo;\u00e9cole de danse (Cabine DJ)Vous trouverez \u00e0 cette page, les diff\u00e9rents groupes SG pour vous tenir au courant des stages de danse, des vid\u00e9os de cours, \u00e9v\u00e8nements Salsa Grenoble. NOS PROCHAINES SOIREES SBK (Salsa Bachata Kizomba)SG-SOIREES-SALSA-GRENOBLETenez vous inform\u00e9 des prochaines soir\u00e9es SG. SALSA CUBAINESG-COURS-SALSA-NIV 1 Ce groupe concerne les \u00e9l\u00e8ves qui d\u00e9marrent en septembre, les niveaux 1. SG-COURS-SALSA-NIV 2Ce groupe concerne les \u00e9l\u00e8ves...Lire la suite Lire la suite\" \/>\n<meta property=\"og:url\" content=\"https:\/\/www.salsa-grenoble.fr\/index.php\/groupes-sur-whats-app\/\" \/>\n<meta property=\"og:site_name\" content=\"Salsa Grenoble\" \/>\n<meta property=\"article:publisher\" content=\"https:\/\/www.facebook.com\/groups\/48137432717\/\" \/>\n<meta property=\"article:modified_time\" content=\"2025-10-12T17:06:02+00:00\" \/>\n<meta property=\"og:image\" content=\"https:\/\/www.salsa-grenoble.fr\/wp-content\/uploads\/2025\/09\/Communaute-Salsa-Grenoble.jpg\" \/>\n\t<meta property=\"og:image:width\" content=\"1771\" \/>\n\t<meta property=\"og:image:height\" content=\"266\" \/>\n\t<meta property=\"og:image:type\" content=\"image\/jpeg\" \/>\n<meta name=\"twitter:card\" content=\"summary_large_image\" \/>\n<meta name=\"twitter:label1\" content=\"Dur\u00e9e de lecture estim\u00e9e\" \/>\n\t<meta name=\"twitter:data1\" content=\"2 minutes\" \/>\n<script type=\"application\/ld+json\" class=\"yoast-schema-graph\">{\"@context\":\"https:\/\/schema.org\",\"@graph\":[{\"@type\":\"WebPage\",\"@id\":\"https:\/\/www.salsa-grenoble.fr\/index.php\/groupes-sur-whats-app\/\",\"url\":\"https:\/\/www.salsa-grenoble.fr\/index.php\/groupes-sur-whats-app\/\",\"name\":\"Groupes sur What's App - Salsa Grenoble\",\"isPartOf\":{\"@id\":\"https:\/\/www.salsa-grenoble.fr\/#website\"},\"primaryImageOfPage\":{\"@id\":\"https:\/\/www.salsa-grenoble.fr\/index.php\/groupes-sur-whats-app\/#primaryimage\"},\"image\":{\"@id\":\"https:\/\/www.salsa-grenoble.fr\/index.php\/groupes-sur-whats-app\/#primaryimage\"},\"thumbnailUrl\":\"https:\/\/www.salsa-grenoble.fr\/wp-content\/uploads\/2025\/09\/Communaute-Salsa-Grenoble-1024x154.jpg\",\"datePublished\":\"2025-09-04T12:41:13+00:00\",\"dateModified\":\"2025-10-12T17:06:02+00:00\",\"breadcrumb\":{\"@id\":\"https:\/\/www.salsa-grenoble.fr\/index.php\/groupes-sur-whats-app\/#breadcrumb\"},\"inLanguage\":\"fr-FR\",\"potentialAction\":[{\"@type\":\"ReadAction\",\"target\":[\"https:\/\/www.salsa-grenoble.fr\/index.php\/groupes-sur-whats-app\/\"]}]},{\"@type\":\"ImageObject\",\"inLanguage\":\"fr-FR\",\"@id\":\"https:\/\/www.salsa-grenoble.fr\/index.php\/groupes-sur-whats-app\/#primaryimage\",\"url\":\"https:\/\/www.salsa-grenoble.fr\/wp-content\/uploads\/2025\/09\/Communaute-Salsa-Grenoble.jpg\",\"contentUrl\":\"https:\/\/www.salsa-grenoble.fr\/wp-content\/uploads\/2025\/09\/Communaute-Salsa-Grenoble.jpg\",\"width\":1771,\"height\":266},{\"@type\":\"BreadcrumbList\",\"@id\":\"https:\/\/www.salsa-grenoble.fr\/index.php\/groupes-sur-whats-app\/#breadcrumb\",\"itemListElement\":[{\"@type\":\"ListItem\",\"position\":1,\"name\":\"Accueil\",\"item\":\"https:\/\/www.salsa-grenoble.fr\/\"},{\"@type\":\"ListItem\",\"position\":2,\"name\":\"Groupes sur What&rsquo;s App\"}]},{\"@type\":\"WebSite\",\"@id\":\"https:\/\/www.salsa-grenoble.fr\/#website\",\"url\":\"https:\/\/www.salsa-grenoble.fr\/\",\"name\":\"Salsa Grenoble\",\"description\":\"Votre \u00e9cole de salsa cubaine \u00e0 Grenoble\",\"publisher\":{\"@id\":\"https:\/\/www.salsa-grenoble.fr\/#organization\"},\"potentialAction\":[{\"@type\":\"SearchAction\",\"target\":{\"@type\":\"EntryPoint\",\"urlTemplate\":\"https:\/\/www.salsa-grenoble.fr\/?s={search_term_string}\"},\"query-input\":{\"@type\":\"PropertyValueSpecification\",\"valueRequired\":true,\"valueName\":\"search_term_string\"}}],\"inLanguage\":\"fr-FR\"},{\"@type\":\"Organization\",\"@id\":\"https:\/\/www.salsa-grenoble.fr\/#organization\",\"name\":\"ecole de danse Salsa Grenoble\",\"url\":\"https:\/\/www.salsa-grenoble.fr\/\",\"logo\":{\"@type\":\"ImageObject\",\"inLanguage\":\"fr-FR\",\"@id\":\"https:\/\/www.salsa-grenoble.fr\/#\/schema\/logo\/image\/\",\"url\":\"https:\/\/www.salsa-grenoble.fr\/wp-content\/uploads\/2020\/04\/salsa-gre-presentation2.png\",\"contentUrl\":\"https:\/\/www.salsa-grenoble.fr\/wp-content\/uploads\/2020\/04\/salsa-gre-presentation2.png\",\"width\":820,\"height\":220,\"caption\":\"ecole de danse Salsa Grenoble\"},\"image\":{\"@id\":\"https:\/\/www.salsa-grenoble.fr\/#\/schema\/logo\/image\/\"},\"sameAs\":[\"https:\/\/www.facebook.com\/groups\/48137432717\/\",\"https:\/\/www.youtube.com\/channel\/UCZTDZZxtrEhODW5fUUtoRPQ\"]}]}<\/script>\n<!-- \/ Yoast SEO plugin. -->","yoast_head_json":{"title":"Groupes sur What's App - Salsa Grenoble","robots":{"index":"index","follow":"follow","max-snippet":"max-snippet:-1","max-image-preview":"max-image-preview:large","max-video-preview":"max-video-preview:-1"},"canonical":"https:\/\/www.salsa-grenoble.fr\/index.php\/groupes-sur-whats-app\/","og_locale":"fr_FR","og_type":"article","og_title":"Groupes sur What's App - Salsa Grenoble","og_description":"Pour rejoindre la communaut\u00e9 Salsa GrenoblePour rejoindre les groupes, scannez le QR code qui se trouve \u00e0 l&rsquo;\u00e9cole de danse (Cabine DJ)Vous trouverez \u00e0 cette page, les diff\u00e9rents groupes SG pour vous tenir au courant des stages de danse, des vid\u00e9os de cours, \u00e9v\u00e8nements Salsa Grenoble. NOS PROCHAINES SOIREES SBK (Salsa Bachata Kizomba)SG-SOIREES-SALSA-GRENOBLETenez vous inform\u00e9 des prochaines soir\u00e9es SG. SALSA CUBAINESG-COURS-SALSA-NIV 1 Ce groupe concerne les \u00e9l\u00e8ves qui d\u00e9marrent en septembre, les niveaux 1. SG-COURS-SALSA-NIV 2Ce groupe concerne les \u00e9l\u00e8ves...Lire la suite Lire la suite","og_url":"https:\/\/www.salsa-grenoble.fr\/index.php\/groupes-sur-whats-app\/","og_site_name":"Salsa Grenoble","article_publisher":"https:\/\/www.facebook.com\/groups\/48137432717\/","article_modified_time":"2025-10-12T17:06:02+00:00","og_image":[{"width":1771,"height":266,"url":"https:\/\/www.salsa-grenoble.fr\/wp-content\/uploads\/2025\/09\/Communaute-Salsa-Grenoble.jpg","type":"image\/jpeg"}],"twitter_card":"summary_large_image","twitter_misc":{"Dur\u00e9e de lecture estim\u00e9e":"2 minutes"},"schema":{"@context":"https:\/\/schema.org","@graph":[{"@type":"WebPage","@id":"https:\/\/www.salsa-grenoble.fr\/index.php\/groupes-sur-whats-app\/","url":"https:\/\/www.salsa-grenoble.fr\/index.php\/groupes-sur-whats-app\/","name":"Groupes sur What's App - Salsa Grenoble","isPartOf":{"@id":"https:\/\/www.salsa-grenoble.fr\/#website"},"primaryImageOfPage":{"@id":"https:\/\/www.salsa-grenoble.fr\/index.php\/groupes-sur-whats-app\/#primaryimage"},"image":{"@id":"https:\/\/www.salsa-grenoble.fr\/index.php\/groupes-sur-whats-app\/#primaryimage"},"thumbnailUrl":"https:\/\/www.salsa-grenoble.fr\/wp-content\/uploads\/2025\/09\/Communaute-Salsa-Grenoble-1024x154.jpg","datePublished":"2025-09-04T12:41:13+00:00","dateModified":"2025-10-12T17:06:02+00:00","breadcrumb":{"@id":"https:\/\/www.salsa-grenoble.fr\/index.php\/groupes-sur-whats-app\/#breadcrumb"},"inLanguage":"fr-FR","potentialAction":[{"@type":"ReadAction","target":["https:\/\/www.salsa-grenoble.fr\/index.php\/groupes-sur-whats-app\/"]}]},{"@type":"ImageObject","inLanguage":"fr-FR","@id":"https:\/\/www.salsa-grenoble.fr\/index.php\/groupes-sur-whats-app\/#primaryimage","url":"https:\/\/www.salsa-grenoble.fr\/wp-content\/uploads\/2025\/09\/Communaute-Salsa-Grenoble.jpg","contentUrl":"https:\/\/www.salsa-grenoble.fr\/wp-content\/uploads\/2025\/09\/Communaute-Salsa-Grenoble.jpg","width":1771,"height":266},{"@type":"BreadcrumbList","@id":"https:\/\/www.salsa-grenoble.fr\/index.php\/groupes-sur-whats-app\/#breadcrumb","itemListElement":[{"@type":"ListItem","position":1,"name":"Accueil","item":"https:\/\/www.salsa-grenoble.fr\/"},{"@type":"ListItem","position":2,"name":"Groupes sur What&rsquo;s App"}]},{"@type":"WebSite","@id":"https:\/\/www.salsa-grenoble.fr\/#website","url":"https:\/\/www.salsa-grenoble.fr\/","name":"Salsa Grenoble","description":"Votre \u00e9cole de salsa cubaine \u00e0 Grenoble","publisher":{"@id":"https:\/\/www.salsa-grenoble.fr\/#organization"},"potentialAction":[{"@type":"SearchAction","target":{"@type":"EntryPoint","urlTemplate":"https:\/\/www.salsa-grenoble.fr\/?s={search_term_string}"},"query-input":{"@type":"PropertyValueSpecification","valueRequired":true,"valueName":"search_term_string"}}],"inLanguage":"fr-FR"},{"@type":"Organization","@id":"https:\/\/www.salsa-grenoble.fr\/#organization","name":"ecole de danse Salsa Grenoble","url":"https:\/\/www.salsa-grenoble.fr\/","logo":{"@type":"ImageObject","inLanguage":"fr-FR","@id":"https:\/\/www.salsa-grenoble.fr\/#\/schema\/logo\/image\/","url":"https:\/\/www.salsa-grenoble.fr\/wp-content\/uploads\/2020\/04\/salsa-gre-presentation2.png","contentUrl":"https:\/\/www.salsa-grenoble.fr\/wp-content\/uploads\/2020\/04\/salsa-gre-presentation2.png","width":820,"height":220,"caption":"ecole de danse Salsa Grenoble"},"image":{"@id":"https:\/\/www.salsa-grenoble.fr\/#\/schema\/logo\/image\/"},"sameAs":["https:\/\/www.facebook.com\/groups\/48137432717\/","https:\/\/www.youtube.com\/channel\/UCZTDZZxtrEhODW5fUUtoRPQ"]}]}},"_links":{"self":[{"href":"https:\/\/www.salsa-grenoble.fr\/index.php\/wp-json\/wp\/v2\/pages\/1550","targetHints":{"allow":["GET"]}}],"collection":[{"href":"https:\/\/www.salsa-grenoble.fr\/index.php\/wp-json\/wp\/v2\/pages"}],"about":[{"href":"https:\/\/www.salsa-grenoble.fr\/index.php\/wp-json\/wp\/v2\/types\/page"}],"author":[{"embeddable":true,"href":"https:\/\/www.salsa-grenoble.fr\/index.php\/wp-json\/wp\/v2\/users\/1"}],"replies":[{"embeddable":true,"href":"https:\/\/www.salsa-grenoble.fr\/index.php\/wp-json\/wp\/v2\/comments?post=1550"}],"version-history":[{"count":12,"href":"https:\/\/www.salsa-grenoble.fr\/index.php\/wp-json\/wp\/v2\/pages\/1550\/revisions"}],"predecessor-version":[{"id":1599,"href":"https:\/\/www.salsa-grenoble.fr\/index.php\/wp-json\/wp\/v2\/pages\/1550\/revisions\/1599"}],"wp:attachment":[{"href":"https:\/\/www.salsa-grenoble.fr\/index.php\/wp-json\/wp\/v2\/media?parent=1550"}],"curies":[{"name":"wp","href":"https:\/\/api.w.org\/{rel}","templated":true}]}}