{"id":161,"date":"2020-04-28T18:13:33","date_gmt":"2020-04-28T16:13:33","guid":{"rendered":"http:\/\/ixajhje.cluster028.hosting.ovh.net\/?page_id=161"},"modified":"2023-09-12T14:12:10","modified_gmt":"2023-09-12T12:12:10","slug":"nous-contacter","status":"publish","type":"page","link":"https:\/\/www.salsa-grenoble.fr\/index.php\/nous-contacter\/","title":{"rendered":"Contact-Acc\u00e8s"},"content":{"rendered":"\n<p><strong>T\u00e9l\u00e9phone \/ Email<\/strong><br>Contacter Salsa Grenoble&nbsp;<br>PAR SMS AU 06.20.26.83.45<br><br><br><strong>Adresse<\/strong><span class=\"has-inline-color has-vivid-red-color\"> <\/span><br>Centre de danse Salsa Grenoble&nbsp;<br><span class=\"has-inline-color has-vivid-red-color\">10 rue Amp\u00e8re&nbsp;<\/span><br>38000 Grenoble&nbsp;<br><\/p>\n\n\n\n<p><strong>Salle : Salsa Grenoble \u2013 Amp\u00e8re<\/strong><br><strong>Tram<\/strong><br>Tram C : arr\u00eat Vallier Catane&nbsp;<br>Tram A : arr\u00eat Berriat Le Magasin&nbsp;<\/p>\n\n\n\n<p><strong>Bus<\/strong><br>Bus C5 : arr\u00eat Cemoi<\/p>\n\n\n\n<p><strong>Parking Relais :<\/strong> 5 min \u00e0 pied.&nbsp;<\/p>\n\n\n\n<p><strong>Parking<br><\/strong>\u2013 tout le long de la rue Amp\u00e8re<br>\u2013 et derri\u00e8re le b\u00e2timent du Centre de danse Salsa Grenoble.\u00a0<\/p>\n\n\n\n<figure class=\"wp-block-image size-large\"><img loading=\"lazy\" decoding=\"async\" width=\"900\" height=\"424\" src=\"http:\/\/ixajhje.cluster028.hosting.ovh.net\/wp-content\/uploads\/2020\/04\/Salle-Salsa-Grenoble-1.jpg\" alt=\"\" class=\"wp-image-162\" srcset=\"https:\/\/www.salsa-grenoble.fr\/wp-content\/uploads\/2020\/04\/Salle-Salsa-Grenoble-1.jpg 900w, https:\/\/www.salsa-grenoble.fr\/wp-content\/uploads\/2020\/04\/Salle-Salsa-Grenoble-1-300x141.jpg 300w, https:\/\/www.salsa-grenoble.fr\/wp-content\/uploads\/2020\/04\/Salle-Salsa-Grenoble-1-768x362.jpg 768w, https:\/\/www.salsa-grenoble.fr\/wp-content\/uploads\/2020\/04\/Salle-Salsa-Grenoble-1-573x270.jpg 573w\" sizes=\"auto, (max-width: 900px) 100vw, 900px\" \/><\/figure>\n\n\n<p><iframe loading=\"lazy\" src=\"https:\/\/www.google.com\/maps\/embed?pb=!1m18!1m12!1m3!1d2812.0546887120754!2d5.70340261586848!3d45.18598917909861!2m3!1f0!2f0!3f0!3m2!1i1024!2i768!4f13.1!3m3!1m2!1s0x478af37ca39bd2e9%3A0x41b972206cd194e9!2s10%20Rue%20Amp%C3%A8re%2C%2038000%20Grenoble!5e0!3m2!1sfr!2sfr!4v1588594665350!5m2!1sfr!2sfr\" style=\"border:0;\" allowfullscreen=\"\" aria-hidden=\"false\" tabindex=\"0\" width=\"600\" height=\"450\" frameborder=\"0\"><\/iframe><\/p>\n","protected":false},"excerpt":{"rendered":"<p>T\u00e9l\u00e9phone \/ EmailContacter Salsa Grenoble&nbsp;PAR SMS AU 06.20.26.83.45 Adresse Centre de danse Salsa Grenoble&nbsp;10 rue Amp\u00e8re&nbsp;38000 Grenoble&nbsp; Salle : Salsa Grenoble \u2013 Amp\u00e8reTramTram C : arr\u00eat Vallier Catane&nbsp;Tram A : arr\u00eat Berriat Le Magasin&nbsp; BusBus C5 : arr\u00eat Cemoi Parking Relais : 5 min \u00e0 pied.&nbsp; Parking\u2013 tout le long de la rue Amp\u00e8re\u2013 et derri\u00e8re le b\u00e2timent du Centre de danse Salsa Grenoble.\u00a0<\/p>\n","protected":false},"author":1,"featured_media":0,"parent":0,"menu_order":0,"comment_status":"closed","ping_status":"closed","template":"","meta":{"_bbp_topic_count":0,"_bbp_reply_count":0,"_bbp_total_topic_count":0,"_bbp_total_reply_count":0,"_bbp_voice_count":0,"_bbp_anonymous_reply_count":0,"_bbp_topic_count_hidden":0,"_bbp_reply_count_hidden":0,"_bbp_forum_subforum_count":0,"footnotes":""},"class_list":["post-161","page","type-page","status-publish","hentry"],"yoast_head":"<!-- This site is optimized with the Yoast SEO plugin v25.8 - https:\/\/yoast.com\/wordpress\/plugins\/seo\/ -->\n<title>Contact-Acc\u00e8s - Salsa Grenoble<\/title>\n<meta name=\"description\" content=\"Contacter l&#039;ecole salsa grenoble, directeur Foudil.\" \/>\n<meta name=\"robots\" content=\"index, follow, max-snippet:-1, max-image-preview:large, max-video-preview:-1\" \/>\n<link rel=\"canonical\" href=\"https:\/\/www.salsa-grenoble.fr\/index.php\/nous-contacter\/\" \/>\n<meta property=\"og:locale\" content=\"fr_FR\" \/>\n<meta property=\"og:type\" content=\"article\" \/>\n<meta property=\"og:title\" content=\"Contact-Acc\u00e8s - Salsa Grenoble\" \/>\n<meta property=\"og:description\" content=\"Contacter l&#039;ecole salsa grenoble, directeur Foudil.\" \/>\n<meta property=\"og:url\" content=\"https:\/\/www.salsa-grenoble.fr\/index.php\/nous-contacter\/\" \/>\n<meta property=\"og:site_name\" content=\"Salsa Grenoble\" \/>\n<meta property=\"article:publisher\" content=\"https:\/\/www.facebook.com\/groups\/48137432717\/\" \/>\n<meta property=\"article:modified_time\" content=\"2023-09-12T12:12:10+00:00\" \/>\n<meta property=\"og:image\" content=\"http:\/\/ixajhje.cluster028.hosting.ovh.net\/wp-content\/uploads\/2020\/04\/Salle-Salsa-Grenoble-1.jpg\" \/>\n<meta name=\"twitter:card\" content=\"summary_large_image\" \/>\n<script type=\"application\/ld+json\" class=\"yoast-schema-graph\">{\"@context\":\"https:\/\/schema.org\",\"@graph\":[{\"@type\":\"WebPage\",\"@id\":\"https:\/\/www.salsa-grenoble.fr\/index.php\/nous-contacter\/\",\"url\":\"https:\/\/www.salsa-grenoble.fr\/index.php\/nous-contacter\/\",\"name\":\"Contact-Acc\u00e8s - Salsa Grenoble\",\"isPartOf\":{\"@id\":\"https:\/\/www.salsa-grenoble.fr\/#website\"},\"primaryImageOfPage\":{\"@id\":\"https:\/\/www.salsa-grenoble.fr\/index.php\/nous-contacter\/#primaryimage\"},\"image\":{\"@id\":\"https:\/\/www.salsa-grenoble.fr\/index.php\/nous-contacter\/#primaryimage\"},\"thumbnailUrl\":\"http:\/\/ixajhje.cluster028.hosting.ovh.net\/wp-content\/uploads\/2020\/04\/Salle-Salsa-Grenoble-1.jpg\",\"datePublished\":\"2020-04-28T16:13:33+00:00\",\"dateModified\":\"2023-09-12T12:12:10+00:00\",\"description\":\"Contacter l'ecole salsa grenoble, directeur Foudil.\",\"breadcrumb\":{\"@id\":\"https:\/\/www.salsa-grenoble.fr\/index.php\/nous-contacter\/#breadcrumb\"},\"inLanguage\":\"fr-FR\",\"potentialAction\":[{\"@type\":\"ReadAction\",\"target\":[\"https:\/\/www.salsa-grenoble.fr\/index.php\/nous-contacter\/\"]}]},{\"@type\":\"ImageObject\",\"inLanguage\":\"fr-FR\",\"@id\":\"https:\/\/www.salsa-grenoble.fr\/index.php\/nous-contacter\/#primaryimage\",\"url\":\"http:\/\/ixajhje.cluster028.hosting.ovh.net\/wp-content\/uploads\/2020\/04\/Salle-Salsa-Grenoble-1.jpg\",\"contentUrl\":\"http:\/\/ixajhje.cluster028.hosting.ovh.net\/wp-content\/uploads\/2020\/04\/Salle-Salsa-Grenoble-1.jpg\"},{\"@type\":\"BreadcrumbList\",\"@id\":\"https:\/\/www.salsa-grenoble.fr\/index.php\/nous-contacter\/#breadcrumb\",\"itemListElement\":[{\"@type\":\"ListItem\",\"position\":1,\"name\":\"Accueil\",\"item\":\"https:\/\/www.salsa-grenoble.fr\/\"},{\"@type\":\"ListItem\",\"position\":2,\"name\":\"Contact-Acc\u00e8s\"}]},{\"@type\":\"WebSite\",\"@id\":\"https:\/\/www.salsa-grenoble.fr\/#website\",\"url\":\"https:\/\/www.salsa-grenoble.fr\/\",\"name\":\"Salsa Grenoble\",\"description\":\"Votre \u00e9cole de salsa cubaine \u00e0 Grenoble\",\"publisher\":{\"@id\":\"https:\/\/www.salsa-grenoble.fr\/#organization\"},\"potentialAction\":[{\"@type\":\"SearchAction\",\"target\":{\"@type\":\"EntryPoint\",\"urlTemplate\":\"https:\/\/www.salsa-grenoble.fr\/?s={search_term_string}\"},\"query-input\":{\"@type\":\"PropertyValueSpecification\",\"valueRequired\":true,\"valueName\":\"search_term_string\"}}],\"inLanguage\":\"fr-FR\"},{\"@type\":\"Organization\",\"@id\":\"https:\/\/www.salsa-grenoble.fr\/#organization\",\"name\":\"ecole de danse Salsa Grenoble\",\"url\":\"https:\/\/www.salsa-grenoble.fr\/\",\"logo\":{\"@type\":\"ImageObject\",\"inLanguage\":\"fr-FR\",\"@id\":\"https:\/\/www.salsa-grenoble.fr\/#\/schema\/logo\/image\/\",\"url\":\"https:\/\/www.salsa-grenoble.fr\/wp-content\/uploads\/2020\/04\/salsa-gre-presentation2.png\",\"contentUrl\":\"https:\/\/www.salsa-grenoble.fr\/wp-content\/uploads\/2020\/04\/salsa-gre-presentation2.png\",\"width\":820,\"height\":220,\"caption\":\"ecole de danse Salsa Grenoble\"},\"image\":{\"@id\":\"https:\/\/www.salsa-grenoble.fr\/#\/schema\/logo\/image\/\"},\"sameAs\":[\"https:\/\/www.facebook.com\/groups\/48137432717\/\",\"https:\/\/www.youtube.com\/channel\/UCZTDZZxtrEhODW5fUUtoRPQ\"]}]}<\/script>\n<!-- \/ Yoast SEO plugin. -->","yoast_head_json":{"title":"Contact-Acc\u00e8s - Salsa Grenoble","description":"Contacter l'ecole salsa grenoble, directeur Foudil.","robots":{"index":"index","follow":"follow","max-snippet":"max-snippet:-1","max-image-preview":"max-image-preview:large","max-video-preview":"max-video-preview:-1"},"canonical":"https:\/\/www.salsa-grenoble.fr\/index.php\/nous-contacter\/","og_locale":"fr_FR","og_type":"article","og_title":"Contact-Acc\u00e8s - Salsa Grenoble","og_description":"Contacter l'ecole salsa grenoble, directeur Foudil.","og_url":"https:\/\/www.salsa-grenoble.fr\/index.php\/nous-contacter\/","og_site_name":"Salsa Grenoble","article_publisher":"https:\/\/www.facebook.com\/groups\/48137432717\/","article_modified_time":"2023-09-12T12:12:10+00:00","og_image":[{"url":"http:\/\/ixajhje.cluster028.hosting.ovh.net\/wp-content\/uploads\/2020\/04\/Salle-Salsa-Grenoble-1.jpg","type":"","width":"","height":""}],"twitter_card":"summary_large_image","schema":{"@context":"https:\/\/schema.org","@graph":[{"@type":"WebPage","@id":"https:\/\/www.salsa-grenoble.fr\/index.php\/nous-contacter\/","url":"https:\/\/www.salsa-grenoble.fr\/index.php\/nous-contacter\/","name":"Contact-Acc\u00e8s - Salsa Grenoble","isPartOf":{"@id":"https:\/\/www.salsa-grenoble.fr\/#website"},"primaryImageOfPage":{"@id":"https:\/\/www.salsa-grenoble.fr\/index.php\/nous-contacter\/#primaryimage"},"image":{"@id":"https:\/\/www.salsa-grenoble.fr\/index.php\/nous-contacter\/#primaryimage"},"thumbnailUrl":"http:\/\/ixajhje.cluster028.hosting.ovh.net\/wp-content\/uploads\/2020\/04\/Salle-Salsa-Grenoble-1.jpg","datePublished":"2020-04-28T16:13:33+00:00","dateModified":"2023-09-12T12:12:10+00:00","description":"Contacter l'ecole salsa grenoble, directeur Foudil.","breadcrumb":{"@id":"https:\/\/www.salsa-grenoble.fr\/index.php\/nous-contacter\/#breadcrumb"},"inLanguage":"fr-FR","potentialAction":[{"@type":"ReadAction","target":["https:\/\/www.salsa-grenoble.fr\/index.php\/nous-contacter\/"]}]},{"@type":"ImageObject","inLanguage":"fr-FR","@id":"https:\/\/www.salsa-grenoble.fr\/index.php\/nous-contacter\/#primaryimage","url":"http:\/\/ixajhje.cluster028.hosting.ovh.net\/wp-content\/uploads\/2020\/04\/Salle-Salsa-Grenoble-1.jpg","contentUrl":"http:\/\/ixajhje.cluster028.hosting.ovh.net\/wp-content\/uploads\/2020\/04\/Salle-Salsa-Grenoble-1.jpg"},{"@type":"BreadcrumbList","@id":"https:\/\/www.salsa-grenoble.fr\/index.php\/nous-contacter\/#breadcrumb","itemListElement":[{"@type":"ListItem","position":1,"name":"Accueil","item":"https:\/\/www.salsa-grenoble.fr\/"},{"@type":"ListItem","position":2,"name":"Contact-Acc\u00e8s"}]},{"@type":"WebSite","@id":"https:\/\/www.salsa-grenoble.fr\/#website","url":"https:\/\/www.salsa-grenoble.fr\/","name":"Salsa Grenoble","description":"Votre \u00e9cole de salsa cubaine \u00e0 Grenoble","publisher":{"@id":"https:\/\/www.salsa-grenoble.fr\/#organization"},"potentialAction":[{"@type":"SearchAction","target":{"@type":"EntryPoint","urlTemplate":"https:\/\/www.salsa-grenoble.fr\/?s={search_term_string}"},"query-input":{"@type":"PropertyValueSpecification","valueRequired":true,"valueName":"search_term_string"}}],"inLanguage":"fr-FR"},{"@type":"Organization","@id":"https:\/\/www.salsa-grenoble.fr\/#organization","name":"ecole de danse Salsa Grenoble","url":"https:\/\/www.salsa-grenoble.fr\/","logo":{"@type":"ImageObject","inLanguage":"fr-FR","@id":"https:\/\/www.salsa-grenoble.fr\/#\/schema\/logo\/image\/","url":"https:\/\/www.salsa-grenoble.fr\/wp-content\/uploads\/2020\/04\/salsa-gre-presentation2.png","contentUrl":"https:\/\/www.salsa-grenoble.fr\/wp-content\/uploads\/2020\/04\/salsa-gre-presentation2.png","width":820,"height":220,"caption":"ecole de danse Salsa Grenoble"},"image":{"@id":"https:\/\/www.salsa-grenoble.fr\/#\/schema\/logo\/image\/"},"sameAs":["https:\/\/www.facebook.com\/groups\/48137432717\/","https:\/\/www.youtube.com\/channel\/UCZTDZZxtrEhODW5fUUtoRPQ"]}]}},"_links":{"self":[{"href":"https:\/\/www.salsa-grenoble.fr\/index.php\/wp-json\/wp\/v2\/pages\/161","targetHints":{"allow":["GET"]}}],"collection":[{"href":"https:\/\/www.salsa-grenoble.fr\/index.php\/wp-json\/wp\/v2\/pages"}],"about":[{"href":"https:\/\/www.salsa-grenoble.fr\/index.php\/wp-json\/wp\/v2\/types\/page"}],"author":[{"embeddable":true,"href":"https:\/\/www.salsa-grenoble.fr\/index.php\/wp-json\/wp\/v2\/users\/1"}],"replies":[{"embeddable":true,"href":"https:\/\/www.salsa-grenoble.fr\/index.php\/wp-json\/wp\/v2\/comments?post=161"}],"version-history":[{"count":10,"href":"https:\/\/www.salsa-grenoble.fr\/index.php\/wp-json\/wp\/v2\/pages\/161\/revisions"}],"predecessor-version":[{"id":1070,"href":"https:\/\/www.salsa-grenoble.fr\/index.php\/wp-json\/wp\/v2\/pages\/161\/revisions\/1070"}],"wp:attachment":[{"href":"https:\/\/www.salsa-grenoble.fr\/index.php\/wp-json\/wp\/v2\/media?parent=161"}],"curies":[{"name":"wp","href":"https:\/\/api.w.org\/{rel}","templated":true}]}}