{"id":299,"date":"2020-05-07T19:33:57","date_gmt":"2020-05-07T17:33:57","guid":{"rendered":"http:\/\/www.salsa-grenoble.fr\/?page_id=299"},"modified":"2020-05-07T19:33:57","modified_gmt":"2020-05-07T17:33:57","slug":"ecole-de-danse-grenoble","status":"publish","type":"page","link":"https:\/\/www.salsa-grenoble.fr\/index.php\/ecole-de-danse-grenoble\/","title":{"rendered":"Ecole de danse Grenoble"},"content":{"rendered":"\n<figure class=\"wp-block-image size-large\"><img loading=\"lazy\" decoding=\"async\" width=\"800\" height=\"454\" src=\"https:\/\/www.salsa-grenoble.fr\/wp-content\/uploads\/2020\/04\/Rythme-style2.jpg\" alt=\"\" class=\"wp-image-132\" srcset=\"https:\/\/www.salsa-grenoble.fr\/wp-content\/uploads\/2020\/04\/Rythme-style2.jpg 800w, https:\/\/www.salsa-grenoble.fr\/wp-content\/uploads\/2020\/04\/Rythme-style2-300x170.jpg 300w, https:\/\/www.salsa-grenoble.fr\/wp-content\/uploads\/2020\/04\/Rythme-style2-768x436.jpg 768w, https:\/\/www.salsa-grenoble.fr\/wp-content\/uploads\/2020\/04\/Rythme-style2-476x270.jpg 476w\" sizes=\"auto, (max-width: 800px) 100vw, 800px\" \/><\/figure>\n\n\n\n<p>Salsa Grenoble est une \u00e9cole de danse situ\u00e9e \u00e0 Grenoble.<br>Elle existe depuis 2003 et cette \u00e9cole de danse \u00e0 form\u00e9 des milliers de salseros \u00e0 Grenoble. L&rsquo;\u00e9cole propose des cours de salsa, de bachata sensuelle, de kizomba, du reggaeton, du style femme, du latino danse.<br><br>Visitez la rubrique <a href=\"https:\/\/www.salsa-grenoble.fr\/index.php\/planning-tarifs\/\">planning <\/a>pour avoir plus de d\u00e9tails sur nos cours.<br><br>L&rsquo;\u00e9cole de danse Salsa Grenoble donne \u00e9galement des cours au centre ville de Grenoble, \u00e0 St Martin le Vinoux et \u00e0 Voiron.<br>Chaque \u00e9l\u00e8ve \u00e0 la possibilit\u00e9 de rattraper son cours loup\u00e9 dans le lieu de son choix.<br><br>L&rsquo;\u00e9cole de danse Salsa Grenoble propose \u00e9galement des soir\u00e9es r\u00e9guli\u00e8res un samedi soir sur deux. Ces soir\u00e9es sont ouvertes \u00e0 tous afin de vous permettre de d\u00e9couvrir l&rsquo;ambiance qui r\u00e8gne dans les cours Salsa Grenoble.<br><br>L&rsquo;\u00e9cole de danse Salsa Grenoble dispose \u00e9galement d&rsquo;une cha\u00eene <a href=\"https:\/\/www.youtube.com\/channel\/UCZTDZZxtrEhODW5fUUtoRPQ\">Youtube <\/a> qui propose pleins de vid\u00e9os pour apprendre la salsa solo ou en couple.<br>Il y a \u00e9galement le groupe <a href=\"https:\/\/www.facebook.com\/groups\/48137432717\/\">Facebook <\/a>de l&rsquo;\u00e9cole \u00ab\u00a0Salsa Grenoble\u00a0\u00bb.<br><br><\/p>\n","protected":false},"excerpt":{"rendered":"<p>Salsa Grenoble est une \u00e9cole de danse situ\u00e9e \u00e0 Grenoble.Elle existe depuis 2003 et cette \u00e9cole de danse \u00e0 form\u00e9 des milliers de salseros \u00e0 Grenoble. L&rsquo;\u00e9cole propose des cours de salsa, de bachata sensuelle, de kizomba, du reggaeton, du style femme, du latino danse. Visitez la rubrique planning pour avoir plus de d\u00e9tails sur nos cours. L&rsquo;\u00e9cole de danse Salsa Grenoble donne \u00e9galement des cours au centre ville de Grenoble, \u00e0 St Martin le Vinoux et \u00e0 Voiron.Chaque \u00e9l\u00e8ve&#8230;<\/p>\n<p class=\"read-more\"><a class=\"btn btn-default\" href=\"https:\/\/www.salsa-grenoble.fr\/index.php\/ecole-de-danse-grenoble\/\">Lire la suite<span class=\"screen-reader-text\"> Lire la suite<\/span><\/a><\/p>\n","protected":false},"author":1,"featured_media":0,"parent":0,"menu_order":0,"comment_status":"closed","ping_status":"closed","template":"","meta":{"_bbp_topic_count":0,"_bbp_reply_count":0,"_bbp_total_topic_count":0,"_bbp_total_reply_count":0,"_bbp_voice_count":0,"_bbp_anonymous_reply_count":0,"_bbp_topic_count_hidden":0,"_bbp_reply_count_hidden":0,"_bbp_forum_subforum_count":0,"footnotes":""},"class_list":["post-299","page","type-page","status-publish","hentry"],"yoast_head":"<!-- This site is optimized with the Yoast SEO plugin v25.8 - https:\/\/yoast.com\/wordpress\/plugins\/seo\/ -->\n<title>Ecole de danse Grenoble - Salsa Grenoble<\/title>\n<meta name=\"robots\" content=\"index, follow, max-snippet:-1, max-image-preview:large, max-video-preview:-1\" \/>\n<link rel=\"canonical\" href=\"https:\/\/www.salsa-grenoble.fr\/index.php\/ecole-de-danse-grenoble\/\" \/>\n<meta property=\"og:locale\" content=\"fr_FR\" \/>\n<meta property=\"og:type\" content=\"article\" \/>\n<meta property=\"og:title\" content=\"Ecole de danse Grenoble - Salsa Grenoble\" \/>\n<meta property=\"og:description\" content=\"Salsa Grenoble est une \u00e9cole de danse situ\u00e9e \u00e0 Grenoble.Elle existe depuis 2003 et cette \u00e9cole de danse \u00e0 form\u00e9 des milliers de salseros \u00e0 Grenoble. L&rsquo;\u00e9cole propose des cours de salsa, de bachata sensuelle, de kizomba, du reggaeton, du style femme, du latino danse. Visitez la rubrique planning pour avoir plus de d\u00e9tails sur nos cours. L&rsquo;\u00e9cole de danse Salsa Grenoble donne \u00e9galement des cours au centre ville de Grenoble, \u00e0 St Martin le Vinoux et \u00e0 Voiron.Chaque \u00e9l\u00e8ve...Lire la suite Lire la suite\" \/>\n<meta property=\"og:url\" content=\"https:\/\/www.salsa-grenoble.fr\/index.php\/ecole-de-danse-grenoble\/\" \/>\n<meta property=\"og:site_name\" content=\"Salsa Grenoble\" \/>\n<meta property=\"article:publisher\" content=\"https:\/\/www.facebook.com\/groups\/48137432717\/\" \/>\n<meta property=\"og:image\" content=\"http:\/\/www.salsa-grenoble.fr\/wp-content\/uploads\/2020\/04\/Rythme-style2.jpg\" \/>\n<meta name=\"twitter:card\" content=\"summary_large_image\" \/>\n<meta name=\"twitter:label1\" content=\"Dur\u00e9e de lecture estim\u00e9e\" \/>\n\t<meta name=\"twitter:data1\" content=\"1 minute\" \/>\n<script type=\"application\/ld+json\" class=\"yoast-schema-graph\">{\"@context\":\"https:\/\/schema.org\",\"@graph\":[{\"@type\":\"WebPage\",\"@id\":\"https:\/\/www.salsa-grenoble.fr\/index.php\/ecole-de-danse-grenoble\/\",\"url\":\"https:\/\/www.salsa-grenoble.fr\/index.php\/ecole-de-danse-grenoble\/\",\"name\":\"Ecole de danse Grenoble - Salsa Grenoble\",\"isPartOf\":{\"@id\":\"https:\/\/www.salsa-grenoble.fr\/#website\"},\"primaryImageOfPage\":{\"@id\":\"https:\/\/www.salsa-grenoble.fr\/index.php\/ecole-de-danse-grenoble\/#primaryimage\"},\"image\":{\"@id\":\"https:\/\/www.salsa-grenoble.fr\/index.php\/ecole-de-danse-grenoble\/#primaryimage\"},\"thumbnailUrl\":\"http:\/\/www.salsa-grenoble.fr\/wp-content\/uploads\/2020\/04\/Rythme-style2.jpg\",\"datePublished\":\"2020-05-07T17:33:57+00:00\",\"breadcrumb\":{\"@id\":\"https:\/\/www.salsa-grenoble.fr\/index.php\/ecole-de-danse-grenoble\/#breadcrumb\"},\"inLanguage\":\"fr-FR\",\"potentialAction\":[{\"@type\":\"ReadAction\",\"target\":[\"https:\/\/www.salsa-grenoble.fr\/index.php\/ecole-de-danse-grenoble\/\"]}]},{\"@type\":\"ImageObject\",\"inLanguage\":\"fr-FR\",\"@id\":\"https:\/\/www.salsa-grenoble.fr\/index.php\/ecole-de-danse-grenoble\/#primaryimage\",\"url\":\"http:\/\/www.salsa-grenoble.fr\/wp-content\/uploads\/2020\/04\/Rythme-style2.jpg\",\"contentUrl\":\"http:\/\/www.salsa-grenoble.fr\/wp-content\/uploads\/2020\/04\/Rythme-style2.jpg\"},{\"@type\":\"BreadcrumbList\",\"@id\":\"https:\/\/www.salsa-grenoble.fr\/index.php\/ecole-de-danse-grenoble\/#breadcrumb\",\"itemListElement\":[{\"@type\":\"ListItem\",\"position\":1,\"name\":\"Accueil\",\"item\":\"https:\/\/www.salsa-grenoble.fr\/\"},{\"@type\":\"ListItem\",\"position\":2,\"name\":\"Ecole de danse Grenoble\"}]},{\"@type\":\"WebSite\",\"@id\":\"https:\/\/www.salsa-grenoble.fr\/#website\",\"url\":\"https:\/\/www.salsa-grenoble.fr\/\",\"name\":\"Salsa Grenoble\",\"description\":\"Votre \u00e9cole de salsa cubaine \u00e0 Grenoble\",\"publisher\":{\"@id\":\"https:\/\/www.salsa-grenoble.fr\/#organization\"},\"potentialAction\":[{\"@type\":\"SearchAction\",\"target\":{\"@type\":\"EntryPoint\",\"urlTemplate\":\"https:\/\/www.salsa-grenoble.fr\/?s={search_term_string}\"},\"query-input\":{\"@type\":\"PropertyValueSpecification\",\"valueRequired\":true,\"valueName\":\"search_term_string\"}}],\"inLanguage\":\"fr-FR\"},{\"@type\":\"Organization\",\"@id\":\"https:\/\/www.salsa-grenoble.fr\/#organization\",\"name\":\"ecole de danse Salsa Grenoble\",\"url\":\"https:\/\/www.salsa-grenoble.fr\/\",\"logo\":{\"@type\":\"ImageObject\",\"inLanguage\":\"fr-FR\",\"@id\":\"https:\/\/www.salsa-grenoble.fr\/#\/schema\/logo\/image\/\",\"url\":\"https:\/\/www.salsa-grenoble.fr\/wp-content\/uploads\/2020\/04\/salsa-gre-presentation2.png\",\"contentUrl\":\"https:\/\/www.salsa-grenoble.fr\/wp-content\/uploads\/2020\/04\/salsa-gre-presentation2.png\",\"width\":820,\"height\":220,\"caption\":\"ecole de danse Salsa Grenoble\"},\"image\":{\"@id\":\"https:\/\/www.salsa-grenoble.fr\/#\/schema\/logo\/image\/\"},\"sameAs\":[\"https:\/\/www.facebook.com\/groups\/48137432717\/\",\"https:\/\/www.youtube.com\/channel\/UCZTDZZxtrEhODW5fUUtoRPQ\"]}]}<\/script>\n<!-- \/ Yoast SEO plugin. -->","yoast_head_json":{"title":"Ecole de danse Grenoble - Salsa Grenoble","robots":{"index":"index","follow":"follow","max-snippet":"max-snippet:-1","max-image-preview":"max-image-preview:large","max-video-preview":"max-video-preview:-1"},"canonical":"https:\/\/www.salsa-grenoble.fr\/index.php\/ecole-de-danse-grenoble\/","og_locale":"fr_FR","og_type":"article","og_title":"Ecole de danse Grenoble - Salsa Grenoble","og_description":"Salsa Grenoble est une \u00e9cole de danse situ\u00e9e \u00e0 Grenoble.Elle existe depuis 2003 et cette \u00e9cole de danse \u00e0 form\u00e9 des milliers de salseros \u00e0 Grenoble. L&rsquo;\u00e9cole propose des cours de salsa, de bachata sensuelle, de kizomba, du reggaeton, du style femme, du latino danse. Visitez la rubrique planning pour avoir plus de d\u00e9tails sur nos cours. L&rsquo;\u00e9cole de danse Salsa Grenoble donne \u00e9galement des cours au centre ville de Grenoble, \u00e0 St Martin le Vinoux et \u00e0 Voiron.Chaque \u00e9l\u00e8ve...Lire la suite Lire la suite","og_url":"https:\/\/www.salsa-grenoble.fr\/index.php\/ecole-de-danse-grenoble\/","og_site_name":"Salsa Grenoble","article_publisher":"https:\/\/www.facebook.com\/groups\/48137432717\/","og_image":[{"url":"http:\/\/www.salsa-grenoble.fr\/wp-content\/uploads\/2020\/04\/Rythme-style2.jpg","type":"","width":"","height":""}],"twitter_card":"summary_large_image","twitter_misc":{"Dur\u00e9e de lecture estim\u00e9e":"1 minute"},"schema":{"@context":"https:\/\/schema.org","@graph":[{"@type":"WebPage","@id":"https:\/\/www.salsa-grenoble.fr\/index.php\/ecole-de-danse-grenoble\/","url":"https:\/\/www.salsa-grenoble.fr\/index.php\/ecole-de-danse-grenoble\/","name":"Ecole de danse Grenoble - Salsa Grenoble","isPartOf":{"@id":"https:\/\/www.salsa-grenoble.fr\/#website"},"primaryImageOfPage":{"@id":"https:\/\/www.salsa-grenoble.fr\/index.php\/ecole-de-danse-grenoble\/#primaryimage"},"image":{"@id":"https:\/\/www.salsa-grenoble.fr\/index.php\/ecole-de-danse-grenoble\/#primaryimage"},"thumbnailUrl":"http:\/\/www.salsa-grenoble.fr\/wp-content\/uploads\/2020\/04\/Rythme-style2.jpg","datePublished":"2020-05-07T17:33:57+00:00","breadcrumb":{"@id":"https:\/\/www.salsa-grenoble.fr\/index.php\/ecole-de-danse-grenoble\/#breadcrumb"},"inLanguage":"fr-FR","potentialAction":[{"@type":"ReadAction","target":["https:\/\/www.salsa-grenoble.fr\/index.php\/ecole-de-danse-grenoble\/"]}]},{"@type":"ImageObject","inLanguage":"fr-FR","@id":"https:\/\/www.salsa-grenoble.fr\/index.php\/ecole-de-danse-grenoble\/#primaryimage","url":"http:\/\/www.salsa-grenoble.fr\/wp-content\/uploads\/2020\/04\/Rythme-style2.jpg","contentUrl":"http:\/\/www.salsa-grenoble.fr\/wp-content\/uploads\/2020\/04\/Rythme-style2.jpg"},{"@type":"BreadcrumbList","@id":"https:\/\/www.salsa-grenoble.fr\/index.php\/ecole-de-danse-grenoble\/#breadcrumb","itemListElement":[{"@type":"ListItem","position":1,"name":"Accueil","item":"https:\/\/www.salsa-grenoble.fr\/"},{"@type":"ListItem","position":2,"name":"Ecole de danse Grenoble"}]},{"@type":"WebSite","@id":"https:\/\/www.salsa-grenoble.fr\/#website","url":"https:\/\/www.salsa-grenoble.fr\/","name":"Salsa Grenoble","description":"Votre \u00e9cole de salsa cubaine \u00e0 Grenoble","publisher":{"@id":"https:\/\/www.salsa-grenoble.fr\/#organization"},"potentialAction":[{"@type":"SearchAction","target":{"@type":"EntryPoint","urlTemplate":"https:\/\/www.salsa-grenoble.fr\/?s={search_term_string}"},"query-input":{"@type":"PropertyValueSpecification","valueRequired":true,"valueName":"search_term_string"}}],"inLanguage":"fr-FR"},{"@type":"Organization","@id":"https:\/\/www.salsa-grenoble.fr\/#organization","name":"ecole de danse Salsa Grenoble","url":"https:\/\/www.salsa-grenoble.fr\/","logo":{"@type":"ImageObject","inLanguage":"fr-FR","@id":"https:\/\/www.salsa-grenoble.fr\/#\/schema\/logo\/image\/","url":"https:\/\/www.salsa-grenoble.fr\/wp-content\/uploads\/2020\/04\/salsa-gre-presentation2.png","contentUrl":"https:\/\/www.salsa-grenoble.fr\/wp-content\/uploads\/2020\/04\/salsa-gre-presentation2.png","width":820,"height":220,"caption":"ecole de danse Salsa Grenoble"},"image":{"@id":"https:\/\/www.salsa-grenoble.fr\/#\/schema\/logo\/image\/"},"sameAs":["https:\/\/www.facebook.com\/groups\/48137432717\/","https:\/\/www.youtube.com\/channel\/UCZTDZZxtrEhODW5fUUtoRPQ"]}]}},"_links":{"self":[{"href":"https:\/\/www.salsa-grenoble.fr\/index.php\/wp-json\/wp\/v2\/pages\/299","targetHints":{"allow":["GET"]}}],"collection":[{"href":"https:\/\/www.salsa-grenoble.fr\/index.php\/wp-json\/wp\/v2\/pages"}],"about":[{"href":"https:\/\/www.salsa-grenoble.fr\/index.php\/wp-json\/wp\/v2\/types\/page"}],"author":[{"embeddable":true,"href":"https:\/\/www.salsa-grenoble.fr\/index.php\/wp-json\/wp\/v2\/users\/1"}],"replies":[{"embeddable":true,"href":"https:\/\/www.salsa-grenoble.fr\/index.php\/wp-json\/wp\/v2\/comments?post=299"}],"version-history":[{"count":1,"href":"https:\/\/www.salsa-grenoble.fr\/index.php\/wp-json\/wp\/v2\/pages\/299\/revisions"}],"predecessor-version":[{"id":300,"href":"https:\/\/www.salsa-grenoble.fr\/index.php\/wp-json\/wp\/v2\/pages\/299\/revisions\/300"}],"wp:attachment":[{"href":"https:\/\/www.salsa-grenoble.fr\/index.php\/wp-json\/wp\/v2\/media?parent=299"}],"curies":[{"name":"wp","href":"https:\/\/api.w.org\/{rel}","templated":true}]}}