{"id":302,"date":"2020-05-08T14:32:47","date_gmt":"2020-05-08T12:32:47","guid":{"rendered":"http:\/\/www.salsa-grenoble.fr\/?page_id=302"},"modified":"2020-05-08T15:24:32","modified_gmt":"2020-05-08T13:24:32","slug":"salsa-cubaine-authentique","status":"publish","type":"page","link":"https:\/\/www.salsa-grenoble.fr\/index.php\/salsa-cubaine-authentique\/","title":{"rendered":"Salsa cubaine authentique"},"content":{"rendered":"\n<figure class=\"wp-block-image size-large\"><img loading=\"lazy\" decoding=\"async\" width=\"919\" height=\"515\" src=\"https:\/\/www.salsa-grenoble.fr\/wp-content\/uploads\/2020\/05\/Groupe-Cuba-2018-a54a1e62.jpg\" alt=\"\" class=\"wp-image-303\" srcset=\"https:\/\/www.salsa-grenoble.fr\/wp-content\/uploads\/2020\/05\/Groupe-Cuba-2018-a54a1e62.jpg 919w, https:\/\/www.salsa-grenoble.fr\/wp-content\/uploads\/2020\/05\/Groupe-Cuba-2018-a54a1e62-300x168.jpg 300w, https:\/\/www.salsa-grenoble.fr\/wp-content\/uploads\/2020\/05\/Groupe-Cuba-2018-a54a1e62-768x430.jpg 768w, https:\/\/www.salsa-grenoble.fr\/wp-content\/uploads\/2020\/05\/Groupe-Cuba-2018-a54a1e62-482x270.jpg 482w\" sizes=\"auto, (max-width: 919px) 100vw, 919px\" \/><figcaption>Salsa Grenoble \u00e0 Santiago de Cuba avec les danseurs cubains<\/figcaption><\/figure>\n\n\n\n<p><strong>L&rsquo;\u00e9cole de danse Salsa Grenoble vous garantis l&rsquo;enseignement de la salsa<\/strong> <strong>cubaine authentique !<\/strong><br> <br>Foudil, le fondateur de l&rsquo;\u00e9cole SG en 2003, s&rsquo;est form\u00e9 avec les premiers professeurs de salsa cubaine en France puis \u00e0 Cuba avec des professionnels dans chaque sp\u00e9cialit\u00e9 ! <br>L&rsquo;\u00e9cole est aujourd\u2019hui une r\u00e9f\u00e9rence incontournable \u00e0 Grenoble, elle a form\u00e9 des milliers de salseros y salseras (terme utilis\u00e9 pour parler d&rsquo;un danseur de salsa).<br>Salsa Grenoble est actuellement  l&rsquo;\u00e9cole qui regroupe le plus d&rsquo;\u00e9l\u00e8ves en salsa cubaine \u00e0 Grenoble ! <br><br><strong>Le succ\u00e8s de l&rsquo;\u00e9cole est d\u00fb : <\/strong><br>* Une p\u00e9dagogie unique d\u00e9velopp\u00e9e par Foudil qui vous permet de progresser rapidement et accessible  \u00e0 tous !   <br>\u00ab\u00a0<em>Chacun apprend \u00e0 sa vitesse, en presque 20 ans  d&rsquo;enseignement, je n&rsquo;ai jamais vu quelqu&rsquo;un ne pas y arriver ! Tout est une question de motivation, de vitesse d&rsquo;apprentissage adapt\u00e9e et aussi de confiance en son professeur.<br>Foudil\u00a0\u00bb<\/em><br><br>* Un lieu d&rsquo;enseignement qui vous procure une \u00e9nergie pour apprendre la danse. Un lieu accueillant o\u00f9 vous avez plaisir \u00e0 vous rendre.<br><br>* Des professeurs avec des grandes qualit\u00e9s humaines avant tout ! <br>La salsa cubaine est une danse de la rue, c&rsquo;est un loisir entre amis.<br>Une bonne p\u00e9dagogie associ\u00e9e \u00e0 des profs souriant, joyeux, gentils, respectueux donne un m\u00e9lange formidable.<br><br>* Les valeurs de l&rsquo;\u00e9cole de danse Salsa Grenoble : L&rsquo;entraide, le respect, la joie, l\u2019amiti\u00e9, la qualit\u00e9, la bonne humeur, la gentillesse, l&rsquo;\u00e9coute. <br>Ces valeurs sont garantis par Foudil le directeur de Salsa Grenoble.<br><br>* Le bouche \u00e0 oreille : Nous tenons quelques statistiques et nous sommes ravis de constat\u00e9s que beaucoup d&rsquo;\u00e9l\u00e8ves nous ont connu gr\u00e2ce \u00e0 nos anciens \u00e9l\u00e8ves qui nous recommande \u00e0 leurs amis. <br><br>* Salsa Grenoble \u00e9tant la seule \u00e9cole sp\u00e9cialis\u00e9e en salsa cubaine, avec 4 professeurs de salsa cubaine et plusieurs cours dans la semaine, les \u00e9l\u00e8ves ont la possibilit\u00e9 de rattraper leurs cours dans la semaine. <br>Deplus, Salsa Grenoble est pr\u00e9sent dans 4 lieux (Grenoble amp\u00e8re, Grenoble centre ville, St Martin le Vinoux, Voiron)<br><br>* Salsa Grenoble organise des \u00e9v\u00e8nements gratuits pour ses adh\u00e9rents.<br>Ap\u00e9ro-d\u00eenatoire avec soir\u00e9e, pratique salsa, stage \u00ab\u00a0Rythme et style\u00a0\u00bb.<br><br>* Salsa Grenoble organise chaque ann\u00e9e un voyage \u00e0 Cuba en petit groupe, les adh\u00e9rents SG sont prioritaires. <br>La team Cubaine de Salsa Grenoble a \u00e9t\u00e9 s\u00e9lectionn\u00e9e sur les m\u00eames valeurs.<br>Les professeurs SG se forment constamment ! <br><em>\u00a0\u00bb Je danse depuis environ 20 ans et je continue toujours d&rsquo;apprendre de nouvelles choses notamment dans les Orishas, la Columbia, la Rumba.<\/em><br><em>Foudil\u00a0\u00bb  <\/em><br><br>* Foudil s&rsquo;est form\u00e9 \u00e0 la rythmique avec des musiciens de renomm\u00e9s mondiale. La musique est expliqu\u00e9e avec des instruments en live !  <br><em>\u00ab\u00a0Ma\u00eetriser le rythme fait partie des fondations !<br>Foudil.<\/em>\u00ab\u00a0<br><br>* Chaque professeur de l&rsquo;\u00e9cole Salsa Grenoble a \u00e9t\u00e9 form\u00e9 avec Foudil, puis avec ces bases, chacun apporte sa touche personnelle ! <br>Vous arrivez au m\u00eame endroit mais en passant par diff\u00e9rents chemins.<\/p>\n\n\n\n<figure class=\"wp-block-image size-large\"><img loading=\"lazy\" decoding=\"async\" width=\"1024\" height=\"576\" src=\"https:\/\/www.salsa-grenoble.fr\/wp-content\/uploads\/2020\/05\/MiAmigoJose-1024x576.jpg\" alt=\"\" class=\"wp-image-309\" srcset=\"https:\/\/www.salsa-grenoble.fr\/wp-content\/uploads\/2020\/05\/MiAmigoJose-1024x576.jpg 1024w, https:\/\/www.salsa-grenoble.fr\/wp-content\/uploads\/2020\/05\/MiAmigoJose-300x169.jpg 300w, https:\/\/www.salsa-grenoble.fr\/wp-content\/uploads\/2020\/05\/MiAmigoJose-768x432.jpg 768w, https:\/\/www.salsa-grenoble.fr\/wp-content\/uploads\/2020\/05\/MiAmigoJose-1536x864.jpg 1536w, https:\/\/www.salsa-grenoble.fr\/wp-content\/uploads\/2020\/05\/MiAmigoJose-2048x1152.jpg 2048w, https:\/\/www.salsa-grenoble.fr\/wp-content\/uploads\/2020\/05\/MiAmigoJose-480x270.jpg 480w\" sizes=\"auto, (max-width: 1024px) 100vw, 1024px\" \/><figcaption>Foudil, Jos\u00e9 et sa fille \u00e0 Santiago de Cuba<\/figcaption><\/figure>\n\n\n\n<p>L&rsquo;\u00e9cole Salsa Grenoble permet aussi d&rsquo;aider des cubains. Des professeurs, des danseurs, des logeurs, et parfois des personnes avec un grand c\u0153ur rencontr\u00e9s par hasard comme ci-dessus Jos\u00e9 qui survit \u00e0 Santiago. <\/p>\n","protected":false},"excerpt":{"rendered":"<p>L&rsquo;\u00e9cole de danse Salsa Grenoble vous garantis l&rsquo;enseignement de la salsa cubaine authentique ! Foudil, le fondateur de l&rsquo;\u00e9cole SG en 2003, s&rsquo;est form\u00e9 avec les premiers professeurs de salsa cubaine en France puis \u00e0 Cuba avec des professionnels dans chaque sp\u00e9cialit\u00e9 ! L&rsquo;\u00e9cole est aujourd\u2019hui une r\u00e9f\u00e9rence incontournable \u00e0 Grenoble, elle a form\u00e9 des milliers de salseros y salseras (terme utilis\u00e9 pour parler d&rsquo;un danseur de salsa).Salsa Grenoble est actuellement l&rsquo;\u00e9cole qui regroupe le plus d&rsquo;\u00e9l\u00e8ves en salsa cubaine&#8230;<\/p>\n<p class=\"read-more\"><a class=\"btn btn-default\" href=\"https:\/\/www.salsa-grenoble.fr\/index.php\/salsa-cubaine-authentique\/\">Lire la suite<span class=\"screen-reader-text\"> Lire la suite<\/span><\/a><\/p>\n","protected":false},"author":1,"featured_media":0,"parent":0,"menu_order":0,"comment_status":"closed","ping_status":"closed","template":"","meta":{"_bbp_topic_count":0,"_bbp_reply_count":0,"_bbp_total_topic_count":0,"_bbp_total_reply_count":0,"_bbp_voice_count":0,"_bbp_anonymous_reply_count":0,"_bbp_topic_count_hidden":0,"_bbp_reply_count_hidden":0,"_bbp_forum_subforum_count":0,"footnotes":""},"class_list":["post-302","page","type-page","status-publish","hentry"],"yoast_head":"<!-- This site is optimized with the Yoast SEO plugin v25.8 - https:\/\/yoast.com\/wordpress\/plugins\/seo\/ -->\n<title>Salsa cubaine authentique - Salsa Grenoble<\/title>\n<meta name=\"robots\" content=\"index, follow, max-snippet:-1, max-image-preview:large, max-video-preview:-1\" \/>\n<link rel=\"canonical\" href=\"https:\/\/www.salsa-grenoble.fr\/index.php\/salsa-cubaine-authentique\/\" \/>\n<meta property=\"og:locale\" content=\"fr_FR\" \/>\n<meta property=\"og:type\" content=\"article\" \/>\n<meta property=\"og:title\" content=\"Salsa cubaine authentique - Salsa Grenoble\" \/>\n<meta property=\"og:description\" content=\"L&rsquo;\u00e9cole de danse Salsa Grenoble vous garantis l&rsquo;enseignement de la salsa cubaine authentique ! Foudil, le fondateur de l&rsquo;\u00e9cole SG en 2003, s&rsquo;est form\u00e9 avec les premiers professeurs de salsa cubaine en France puis \u00e0 Cuba avec des professionnels dans chaque sp\u00e9cialit\u00e9 ! L&rsquo;\u00e9cole est aujourd\u2019hui une r\u00e9f\u00e9rence incontournable \u00e0 Grenoble, elle a form\u00e9 des milliers de salseros y salseras (terme utilis\u00e9 pour parler d&rsquo;un danseur de salsa).Salsa Grenoble est actuellement l&rsquo;\u00e9cole qui regroupe le plus d&rsquo;\u00e9l\u00e8ves en salsa cubaine...Lire la suite Lire la suite\" \/>\n<meta property=\"og:url\" content=\"https:\/\/www.salsa-grenoble.fr\/index.php\/salsa-cubaine-authentique\/\" \/>\n<meta property=\"og:site_name\" content=\"Salsa Grenoble\" \/>\n<meta property=\"article:publisher\" content=\"https:\/\/www.facebook.com\/groups\/48137432717\/\" \/>\n<meta property=\"article:modified_time\" content=\"2020-05-08T13:24:32+00:00\" \/>\n<meta property=\"og:image\" content=\"http:\/\/www.salsa-grenoble.fr\/wp-content\/uploads\/2020\/05\/Groupe-Cuba-2018-a54a1e62.jpg\" \/>\n<meta name=\"twitter:card\" content=\"summary_large_image\" \/>\n<meta name=\"twitter:label1\" content=\"Dur\u00e9e de lecture estim\u00e9e\" \/>\n\t<meta name=\"twitter:data1\" content=\"3 minutes\" \/>\n<script type=\"application\/ld+json\" class=\"yoast-schema-graph\">{\"@context\":\"https:\/\/schema.org\",\"@graph\":[{\"@type\":\"WebPage\",\"@id\":\"https:\/\/www.salsa-grenoble.fr\/index.php\/salsa-cubaine-authentique\/\",\"url\":\"https:\/\/www.salsa-grenoble.fr\/index.php\/salsa-cubaine-authentique\/\",\"name\":\"Salsa cubaine authentique - Salsa Grenoble\",\"isPartOf\":{\"@id\":\"https:\/\/www.salsa-grenoble.fr\/#website\"},\"primaryImageOfPage\":{\"@id\":\"https:\/\/www.salsa-grenoble.fr\/index.php\/salsa-cubaine-authentique\/#primaryimage\"},\"image\":{\"@id\":\"https:\/\/www.salsa-grenoble.fr\/index.php\/salsa-cubaine-authentique\/#primaryimage\"},\"thumbnailUrl\":\"http:\/\/www.salsa-grenoble.fr\/wp-content\/uploads\/2020\/05\/Groupe-Cuba-2018-a54a1e62.jpg\",\"datePublished\":\"2020-05-08T12:32:47+00:00\",\"dateModified\":\"2020-05-08T13:24:32+00:00\",\"breadcrumb\":{\"@id\":\"https:\/\/www.salsa-grenoble.fr\/index.php\/salsa-cubaine-authentique\/#breadcrumb\"},\"inLanguage\":\"fr-FR\",\"potentialAction\":[{\"@type\":\"ReadAction\",\"target\":[\"https:\/\/www.salsa-grenoble.fr\/index.php\/salsa-cubaine-authentique\/\"]}]},{\"@type\":\"ImageObject\",\"inLanguage\":\"fr-FR\",\"@id\":\"https:\/\/www.salsa-grenoble.fr\/index.php\/salsa-cubaine-authentique\/#primaryimage\",\"url\":\"http:\/\/www.salsa-grenoble.fr\/wp-content\/uploads\/2020\/05\/Groupe-Cuba-2018-a54a1e62.jpg\",\"contentUrl\":\"http:\/\/www.salsa-grenoble.fr\/wp-content\/uploads\/2020\/05\/Groupe-Cuba-2018-a54a1e62.jpg\"},{\"@type\":\"BreadcrumbList\",\"@id\":\"https:\/\/www.salsa-grenoble.fr\/index.php\/salsa-cubaine-authentique\/#breadcrumb\",\"itemListElement\":[{\"@type\":\"ListItem\",\"position\":1,\"name\":\"Accueil\",\"item\":\"https:\/\/www.salsa-grenoble.fr\/\"},{\"@type\":\"ListItem\",\"position\":2,\"name\":\"Salsa cubaine authentique\"}]},{\"@type\":\"WebSite\",\"@id\":\"https:\/\/www.salsa-grenoble.fr\/#website\",\"url\":\"https:\/\/www.salsa-grenoble.fr\/\",\"name\":\"Salsa Grenoble\",\"description\":\"Votre \u00e9cole de salsa cubaine \u00e0 Grenoble\",\"publisher\":{\"@id\":\"https:\/\/www.salsa-grenoble.fr\/#organization\"},\"potentialAction\":[{\"@type\":\"SearchAction\",\"target\":{\"@type\":\"EntryPoint\",\"urlTemplate\":\"https:\/\/www.salsa-grenoble.fr\/?s={search_term_string}\"},\"query-input\":{\"@type\":\"PropertyValueSpecification\",\"valueRequired\":true,\"valueName\":\"search_term_string\"}}],\"inLanguage\":\"fr-FR\"},{\"@type\":\"Organization\",\"@id\":\"https:\/\/www.salsa-grenoble.fr\/#organization\",\"name\":\"ecole de danse Salsa Grenoble\",\"url\":\"https:\/\/www.salsa-grenoble.fr\/\",\"logo\":{\"@type\":\"ImageObject\",\"inLanguage\":\"fr-FR\",\"@id\":\"https:\/\/www.salsa-grenoble.fr\/#\/schema\/logo\/image\/\",\"url\":\"https:\/\/www.salsa-grenoble.fr\/wp-content\/uploads\/2020\/04\/salsa-gre-presentation2.png\",\"contentUrl\":\"https:\/\/www.salsa-grenoble.fr\/wp-content\/uploads\/2020\/04\/salsa-gre-presentation2.png\",\"width\":820,\"height\":220,\"caption\":\"ecole de danse Salsa Grenoble\"},\"image\":{\"@id\":\"https:\/\/www.salsa-grenoble.fr\/#\/schema\/logo\/image\/\"},\"sameAs\":[\"https:\/\/www.facebook.com\/groups\/48137432717\/\",\"https:\/\/www.youtube.com\/channel\/UCZTDZZxtrEhODW5fUUtoRPQ\"]}]}<\/script>\n<!-- \/ Yoast SEO plugin. -->","yoast_head_json":{"title":"Salsa cubaine authentique - Salsa Grenoble","robots":{"index":"index","follow":"follow","max-snippet":"max-snippet:-1","max-image-preview":"max-image-preview:large","max-video-preview":"max-video-preview:-1"},"canonical":"https:\/\/www.salsa-grenoble.fr\/index.php\/salsa-cubaine-authentique\/","og_locale":"fr_FR","og_type":"article","og_title":"Salsa cubaine authentique - Salsa Grenoble","og_description":"L&rsquo;\u00e9cole de danse Salsa Grenoble vous garantis l&rsquo;enseignement de la salsa cubaine authentique ! Foudil, le fondateur de l&rsquo;\u00e9cole SG en 2003, s&rsquo;est form\u00e9 avec les premiers professeurs de salsa cubaine en France puis \u00e0 Cuba avec des professionnels dans chaque sp\u00e9cialit\u00e9 ! L&rsquo;\u00e9cole est aujourd\u2019hui une r\u00e9f\u00e9rence incontournable \u00e0 Grenoble, elle a form\u00e9 des milliers de salseros y salseras (terme utilis\u00e9 pour parler d&rsquo;un danseur de salsa).Salsa Grenoble est actuellement l&rsquo;\u00e9cole qui regroupe le plus d&rsquo;\u00e9l\u00e8ves en salsa cubaine...Lire la suite Lire la suite","og_url":"https:\/\/www.salsa-grenoble.fr\/index.php\/salsa-cubaine-authentique\/","og_site_name":"Salsa Grenoble","article_publisher":"https:\/\/www.facebook.com\/groups\/48137432717\/","article_modified_time":"2020-05-08T13:24:32+00:00","og_image":[{"url":"http:\/\/www.salsa-grenoble.fr\/wp-content\/uploads\/2020\/05\/Groupe-Cuba-2018-a54a1e62.jpg","type":"","width":"","height":""}],"twitter_card":"summary_large_image","twitter_misc":{"Dur\u00e9e de lecture estim\u00e9e":"3 minutes"},"schema":{"@context":"https:\/\/schema.org","@graph":[{"@type":"WebPage","@id":"https:\/\/www.salsa-grenoble.fr\/index.php\/salsa-cubaine-authentique\/","url":"https:\/\/www.salsa-grenoble.fr\/index.php\/salsa-cubaine-authentique\/","name":"Salsa cubaine authentique - Salsa Grenoble","isPartOf":{"@id":"https:\/\/www.salsa-grenoble.fr\/#website"},"primaryImageOfPage":{"@id":"https:\/\/www.salsa-grenoble.fr\/index.php\/salsa-cubaine-authentique\/#primaryimage"},"image":{"@id":"https:\/\/www.salsa-grenoble.fr\/index.php\/salsa-cubaine-authentique\/#primaryimage"},"thumbnailUrl":"http:\/\/www.salsa-grenoble.fr\/wp-content\/uploads\/2020\/05\/Groupe-Cuba-2018-a54a1e62.jpg","datePublished":"2020-05-08T12:32:47+00:00","dateModified":"2020-05-08T13:24:32+00:00","breadcrumb":{"@id":"https:\/\/www.salsa-grenoble.fr\/index.php\/salsa-cubaine-authentique\/#breadcrumb"},"inLanguage":"fr-FR","potentialAction":[{"@type":"ReadAction","target":["https:\/\/www.salsa-grenoble.fr\/index.php\/salsa-cubaine-authentique\/"]}]},{"@type":"ImageObject","inLanguage":"fr-FR","@id":"https:\/\/www.salsa-grenoble.fr\/index.php\/salsa-cubaine-authentique\/#primaryimage","url":"http:\/\/www.salsa-grenoble.fr\/wp-content\/uploads\/2020\/05\/Groupe-Cuba-2018-a54a1e62.jpg","contentUrl":"http:\/\/www.salsa-grenoble.fr\/wp-content\/uploads\/2020\/05\/Groupe-Cuba-2018-a54a1e62.jpg"},{"@type":"BreadcrumbList","@id":"https:\/\/www.salsa-grenoble.fr\/index.php\/salsa-cubaine-authentique\/#breadcrumb","itemListElement":[{"@type":"ListItem","position":1,"name":"Accueil","item":"https:\/\/www.salsa-grenoble.fr\/"},{"@type":"ListItem","position":2,"name":"Salsa cubaine authentique"}]},{"@type":"WebSite","@id":"https:\/\/www.salsa-grenoble.fr\/#website","url":"https:\/\/www.salsa-grenoble.fr\/","name":"Salsa Grenoble","description":"Votre \u00e9cole de salsa cubaine \u00e0 Grenoble","publisher":{"@id":"https:\/\/www.salsa-grenoble.fr\/#organization"},"potentialAction":[{"@type":"SearchAction","target":{"@type":"EntryPoint","urlTemplate":"https:\/\/www.salsa-grenoble.fr\/?s={search_term_string}"},"query-input":{"@type":"PropertyValueSpecification","valueRequired":true,"valueName":"search_term_string"}}],"inLanguage":"fr-FR"},{"@type":"Organization","@id":"https:\/\/www.salsa-grenoble.fr\/#organization","name":"ecole de danse Salsa Grenoble","url":"https:\/\/www.salsa-grenoble.fr\/","logo":{"@type":"ImageObject","inLanguage":"fr-FR","@id":"https:\/\/www.salsa-grenoble.fr\/#\/schema\/logo\/image\/","url":"https:\/\/www.salsa-grenoble.fr\/wp-content\/uploads\/2020\/04\/salsa-gre-presentation2.png","contentUrl":"https:\/\/www.salsa-grenoble.fr\/wp-content\/uploads\/2020\/04\/salsa-gre-presentation2.png","width":820,"height":220,"caption":"ecole de danse Salsa Grenoble"},"image":{"@id":"https:\/\/www.salsa-grenoble.fr\/#\/schema\/logo\/image\/"},"sameAs":["https:\/\/www.facebook.com\/groups\/48137432717\/","https:\/\/www.youtube.com\/channel\/UCZTDZZxtrEhODW5fUUtoRPQ"]}]}},"_links":{"self":[{"href":"https:\/\/www.salsa-grenoble.fr\/index.php\/wp-json\/wp\/v2\/pages\/302","targetHints":{"allow":["GET"]}}],"collection":[{"href":"https:\/\/www.salsa-grenoble.fr\/index.php\/wp-json\/wp\/v2\/pages"}],"about":[{"href":"https:\/\/www.salsa-grenoble.fr\/index.php\/wp-json\/wp\/v2\/types\/page"}],"author":[{"embeddable":true,"href":"https:\/\/www.salsa-grenoble.fr\/index.php\/wp-json\/wp\/v2\/users\/1"}],"replies":[{"embeddable":true,"href":"https:\/\/www.salsa-grenoble.fr\/index.php\/wp-json\/wp\/v2\/comments?post=302"}],"version-history":[{"count":4,"href":"https:\/\/www.salsa-grenoble.fr\/index.php\/wp-json\/wp\/v2\/pages\/302\/revisions"}],"predecessor-version":[{"id":310,"href":"https:\/\/www.salsa-grenoble.fr\/index.php\/wp-json\/wp\/v2\/pages\/302\/revisions\/310"}],"wp:attachment":[{"href":"https:\/\/www.salsa-grenoble.fr\/index.php\/wp-json\/wp\/v2\/media?parent=302"}],"curies":[{"name":"wp","href":"https:\/\/api.w.org\/{rel}","templated":true}]}}