{"id":69,"date":"2020-04-28T15:43:44","date_gmt":"2020-04-28T13:43:44","guid":{"rendered":"http:\/\/ixajhje.cluster028.hosting.ovh.net\/?page_id=69"},"modified":"2025-09-07T11:59:55","modified_gmt":"2025-09-07T09:59:55","slug":"planning-tarifs","status":"publish","type":"page","link":"https:\/\/www.salsa-grenoble.fr\/index.php\/planning-tarifs\/","title":{"rendered":"Planning-tarifs Salsa Grenoble"},"content":{"rendered":"\n<p class=\"has-text-align-left\"><strong><span class=\"has-inline-color has-vivid-red-color\">Adresse de la salle de danse<\/span> : <a href=\"https:\/\/www.salsa-grenoble.fr\/index.php\/nous-contacter\/\">CLIQUEZ-ICI<\/a><\/strong><br><\/p>\n\n\n\n<div class=\"wp-block-file aligncenter\"><a id=\"wp-block-file--media-cd936f62-22df-433a-b41e-500468726a42\" href=\"https:\/\/www.salsa-grenoble.fr\/wp-content\/uploads\/2025\/09\/PlanningSG-25-26.jpg\">PlanningSG-25-26<\/a><a href=\"https:\/\/www.salsa-grenoble.fr\/wp-content\/uploads\/2025\/09\/PlanningSG-25-26.jpg\" class=\"wp-block-file__button wp-element-button\" download aria-describedby=\"wp-block-file--media-cd936f62-22df-433a-b41e-500468726a42\">T\u00e9l\u00e9charger<\/a><\/div>\n\n\n\n<div class=\"wp-block-file aligncenter\"><a id=\"wp-block-file--media-54ad4eca-f5d4-4558-90e7-87756625c71a\" href=\"https:\/\/www.salsa-grenoble.fr\/wp-content\/uploads\/2025\/08\/fiche-inscription-SG-25-26-3.pdf\">fiche-inscription-SG-25-26<\/a><a href=\"https:\/\/www.salsa-grenoble.fr\/wp-content\/uploads\/2025\/08\/fiche-inscription-SG-25-26-3.pdf\" class=\"wp-block-file__button wp-element-button\" download aria-describedby=\"wp-block-file--media-54ad4eca-f5d4-4558-90e7-87756625c71a\">T\u00e9l\u00e9charger<\/a><\/div>\n\n\n\n<hr class=\"wp-block-separator has-css-opacity\"\/>\n\n\n\n<figure class=\"wp-block-image size-large\"><img loading=\"lazy\" decoding=\"async\" width=\"1024\" height=\"724\" src=\"https:\/\/www.salsa-grenoble.fr\/wp-content\/uploads\/2025\/09\/PlanningSG-25-26-1024x724.jpg\" alt=\"\" class=\"wp-image-1562\" srcset=\"https:\/\/www.salsa-grenoble.fr\/wp-content\/uploads\/2025\/09\/PlanningSG-25-26-1024x724.jpg 1024w, https:\/\/www.salsa-grenoble.fr\/wp-content\/uploads\/2025\/09\/PlanningSG-25-26-300x212.jpg 300w, https:\/\/www.salsa-grenoble.fr\/wp-content\/uploads\/2025\/09\/PlanningSG-25-26-768x543.jpg 768w, https:\/\/www.salsa-grenoble.fr\/wp-content\/uploads\/2025\/09\/PlanningSG-25-26-1536x1086.jpg 1536w, https:\/\/www.salsa-grenoble.fr\/wp-content\/uploads\/2025\/09\/PlanningSG-25-26-382x270.jpg 382w, https:\/\/www.salsa-grenoble.fr\/wp-content\/uploads\/2025\/09\/PlanningSG-25-26.jpg 2000w\" sizes=\"auto, (max-width: 1024px) 100vw, 1024px\" \/><figcaption class=\"wp-element-caption\">Saison 2025 &#8211; 2026 <\/figcaption><\/figure>\n\n\n\n<hr class=\"wp-block-separator has-css-opacity\"\/>\n\n\n\n<p><strong>Niv 1 <\/strong>: Niveau vrai d\u00e9butant<br><strong>Niv 2 <\/strong>: Avoir suivi mini 6 mois de cours <br><strong>Niv 3<\/strong> : Avoir suivi mini 12 mois de cours <br><strong>Tous niveaux <\/strong>: On commence par les bases puis le niveau augmente.<\/p>\n\n\n\n<h2 class=\"wp-block-heading\">Tarifs des cours collectifs <\/h2>\n\n\n\n<figure class=\"wp-block-image size-large\"><img loading=\"lazy\" decoding=\"async\" width=\"1024\" height=\"427\" src=\"https:\/\/www.salsa-grenoble.fr\/wp-content\/uploads\/2025\/08\/Tarif-25-26-1024x427.jpg\" alt=\"\" class=\"wp-image-1402\" srcset=\"https:\/\/www.salsa-grenoble.fr\/wp-content\/uploads\/2025\/08\/Tarif-25-26-1024x427.jpg 1024w, https:\/\/www.salsa-grenoble.fr\/wp-content\/uploads\/2025\/08\/Tarif-25-26-300x125.jpg 300w, https:\/\/www.salsa-grenoble.fr\/wp-content\/uploads\/2025\/08\/Tarif-25-26-768x320.jpg 768w, https:\/\/www.salsa-grenoble.fr\/wp-content\/uploads\/2025\/08\/Tarif-25-26-604x252.jpg 604w, https:\/\/www.salsa-grenoble.fr\/wp-content\/uploads\/2025\/08\/Tarif-25-26.jpg 1037w\" sizes=\"auto, (max-width: 1024px) 100vw, 1024px\" \/><figcaption class=\"wp-element-caption\">Tarif 2025-2026 &#8211; Salsa Grenoble<\/figcaption><\/figure>\n\n\n\n<p><span style=\"color:#d62828\" class=\"has-inline-color\"><strong>Tarifs<\/strong><\/span><strong><span style=\"color:#d62828\" class=\"has-inline-color\"> des cours <\/span><\/strong><span class=\"has-inline-color has-vivid-red-color\"><strong>collectifs <\/strong><\/span><br>*<mark style=\"background-color:rgba(0, 0, 0, 0)\" class=\"has-inline-color has-vivid-red-color\"> <strong>Inscription solo <\/strong><\/mark><br>295 euros de septembre \u00e0 juin <br>240 euros de septembre \u00e0 janvier <br><br>* <mark style=\"background-color:rgba(0, 0, 0, 0)\" class=\"has-inline-color has-vivid-red-color\"><strong>Inscription en couple<\/strong> (prix par personne)<\/mark><br>285 euros de septembre \u00e0 juin<br>240 euros de septembre \u00e0 janvier<\/p>\n\n\n\n<p><strong><span style=\"color:#d62828\" class=\"has-inline-color\">Vos avantages compris avec votre abonnement <\/span><\/strong><br>* Ap\u00e9ros-d\u00eenatoires gratuits.<br>* Quelques pratiques salsa entre \u00e9l\u00e8ves.<br>* Possibilit\u00e9 de rattraper son cours dans la semaine.<\/p>\n\n\n\n<h2 class=\"wp-block-heading\">Tarifs des cours particuliers <\/h2>\n\n\n\n<p><strong><span style=\"color:#d62828\" class=\"has-inline-color\">Tarifs des cours particuliers<\/span><\/strong><br><strong>Solo<\/strong>&nbsp;<br>1 heure \/ &nbsp;40\u20ac &nbsp;<br>Carte de 5 heures \/ 190\u20ac au lieu de 200\u20ac&nbsp;<br>Carte de 10 heures \/ 360\u20ac au lieu de 400\u20ac&nbsp;<br><br><strong>Couple<br><\/strong>1 heure \/ 50\u20ac &nbsp;<br>Carte de 5 heures \/ 240\u20ac au lieu de 250\u20ac&nbsp;<br>Carte de 10 heures \/ 450\u20ac au lieu de 500\u20ac&nbsp;<br>&nbsp;&nbsp;<br><strong>Conditions&nbsp;<\/strong><br>Cette carte n\u2019est pas nominative, vous pouvez donc en faire profiter des amis.&nbsp;<br>En cas de perte, nous tra\u00e7ons les cours suivis.&nbsp;<br>La carte n\u2019est pas remboursable.&nbsp;<\/p>\n\n\n\n<p><\/p>\n","protected":false},"excerpt":{"rendered":"<p>Adresse de la salle de danse : CLIQUEZ-ICI Niv 1 : Niveau vrai d\u00e9butantNiv 2 : Avoir suivi mini 6 mois de cours Niv 3 : Avoir suivi mini 12 mois de cours Tous niveaux : On commence par les bases puis le niveau augmente. Tarifs des cours collectifs Tarifs des cours collectifs * Inscription solo 295 euros de septembre \u00e0 juin 240 euros de septembre \u00e0 janvier * Inscription en couple (prix par personne)285 euros de septembre \u00e0 juin240&#8230;<\/p>\n<p class=\"read-more\"><a class=\"btn btn-default\" href=\"https:\/\/www.salsa-grenoble.fr\/index.php\/planning-tarifs\/\">Lire la suite<span class=\"screen-reader-text\"> Lire la suite<\/span><\/a><\/p>\n","protected":false},"author":1,"featured_media":0,"parent":0,"menu_order":0,"comment_status":"closed","ping_status":"closed","template":"","meta":{"_bbp_topic_count":0,"_bbp_reply_count":0,"_bbp_total_topic_count":0,"_bbp_total_reply_count":0,"_bbp_voice_count":0,"_bbp_anonymous_reply_count":0,"_bbp_topic_count_hidden":0,"_bbp_reply_count_hidden":0,"_bbp_forum_subforum_count":0,"footnotes":""},"class_list":["post-69","page","type-page","status-publish","hentry"],"yoast_head":"<!-- This site is optimized with the Yoast SEO plugin v25.8 - https:\/\/yoast.com\/wordpress\/plugins\/seo\/ -->\n<title>Planning-tarifs Salsa Grenoble - Salsa Grenoble<\/title>\n<meta name=\"description\" content=\"Planning et tarifs des cours salsa grenoble, cours collectifs et particuliers\" \/>\n<meta name=\"robots\" content=\"index, follow, max-snippet:-1, max-image-preview:large, max-video-preview:-1\" \/>\n<link rel=\"canonical\" href=\"https:\/\/www.salsa-grenoble.fr\/index.php\/planning-tarifs\/\" \/>\n<meta property=\"og:locale\" content=\"fr_FR\" \/>\n<meta property=\"og:type\" content=\"article\" \/>\n<meta property=\"og:title\" content=\"Planning-tarifs Salsa Grenoble - Salsa Grenoble\" \/>\n<meta property=\"og:description\" content=\"Planning et tarifs des cours salsa grenoble, cours collectifs et particuliers\" \/>\n<meta property=\"og:url\" content=\"https:\/\/www.salsa-grenoble.fr\/index.php\/planning-tarifs\/\" \/>\n<meta property=\"og:site_name\" content=\"Salsa Grenoble\" \/>\n<meta property=\"article:publisher\" content=\"https:\/\/www.facebook.com\/groups\/48137432717\/\" \/>\n<meta property=\"article:modified_time\" content=\"2025-09-07T09:59:55+00:00\" \/>\n<meta property=\"og:image\" content=\"https:\/\/www.salsa-grenoble.fr\/wp-content\/uploads\/2025\/09\/PlanningSG-25-26.jpg\" \/>\n\t<meta property=\"og:image:width\" content=\"2000\" \/>\n\t<meta property=\"og:image:height\" content=\"1414\" \/>\n\t<meta property=\"og:image:type\" content=\"image\/jpeg\" \/>\n<meta name=\"twitter:card\" content=\"summary_large_image\" \/>\n<meta name=\"twitter:label1\" content=\"Dur\u00e9e de lecture estim\u00e9e\" \/>\n\t<meta name=\"twitter:data1\" content=\"2 minutes\" \/>\n<script type=\"application\/ld+json\" class=\"yoast-schema-graph\">{\"@context\":\"https:\/\/schema.org\",\"@graph\":[{\"@type\":\"WebPage\",\"@id\":\"https:\/\/www.salsa-grenoble.fr\/index.php\/planning-tarifs\/\",\"url\":\"https:\/\/www.salsa-grenoble.fr\/index.php\/planning-tarifs\/\",\"name\":\"Planning-tarifs Salsa Grenoble - Salsa Grenoble\",\"isPartOf\":{\"@id\":\"https:\/\/www.salsa-grenoble.fr\/#website\"},\"primaryImageOfPage\":{\"@id\":\"https:\/\/www.salsa-grenoble.fr\/index.php\/planning-tarifs\/#primaryimage\"},\"image\":{\"@id\":\"https:\/\/www.salsa-grenoble.fr\/index.php\/planning-tarifs\/#primaryimage\"},\"thumbnailUrl\":\"https:\/\/www.salsa-grenoble.fr\/wp-content\/uploads\/2025\/09\/PlanningSG-25-26-1024x724.jpg\",\"datePublished\":\"2020-04-28T13:43:44+00:00\",\"dateModified\":\"2025-09-07T09:59:55+00:00\",\"description\":\"Planning et tarifs des cours salsa grenoble, cours collectifs et particuliers\",\"breadcrumb\":{\"@id\":\"https:\/\/www.salsa-grenoble.fr\/index.php\/planning-tarifs\/#breadcrumb\"},\"inLanguage\":\"fr-FR\",\"potentialAction\":[{\"@type\":\"ReadAction\",\"target\":[\"https:\/\/www.salsa-grenoble.fr\/index.php\/planning-tarifs\/\"]}]},{\"@type\":\"ImageObject\",\"inLanguage\":\"fr-FR\",\"@id\":\"https:\/\/www.salsa-grenoble.fr\/index.php\/planning-tarifs\/#primaryimage\",\"url\":\"https:\/\/www.salsa-grenoble.fr\/wp-content\/uploads\/2025\/09\/PlanningSG-25-26.jpg\",\"contentUrl\":\"https:\/\/www.salsa-grenoble.fr\/wp-content\/uploads\/2025\/09\/PlanningSG-25-26.jpg\",\"width\":2000,\"height\":1414},{\"@type\":\"BreadcrumbList\",\"@id\":\"https:\/\/www.salsa-grenoble.fr\/index.php\/planning-tarifs\/#breadcrumb\",\"itemListElement\":[{\"@type\":\"ListItem\",\"position\":1,\"name\":\"Accueil\",\"item\":\"https:\/\/www.salsa-grenoble.fr\/\"},{\"@type\":\"ListItem\",\"position\":2,\"name\":\"Planning-tarifs Salsa Grenoble\"}]},{\"@type\":\"WebSite\",\"@id\":\"https:\/\/www.salsa-grenoble.fr\/#website\",\"url\":\"https:\/\/www.salsa-grenoble.fr\/\",\"name\":\"Salsa Grenoble\",\"description\":\"Votre \u00e9cole de salsa cubaine \u00e0 Grenoble\",\"publisher\":{\"@id\":\"https:\/\/www.salsa-grenoble.fr\/#organization\"},\"potentialAction\":[{\"@type\":\"SearchAction\",\"target\":{\"@type\":\"EntryPoint\",\"urlTemplate\":\"https:\/\/www.salsa-grenoble.fr\/?s={search_term_string}\"},\"query-input\":{\"@type\":\"PropertyValueSpecification\",\"valueRequired\":true,\"valueName\":\"search_term_string\"}}],\"inLanguage\":\"fr-FR\"},{\"@type\":\"Organization\",\"@id\":\"https:\/\/www.salsa-grenoble.fr\/#organization\",\"name\":\"ecole de danse Salsa Grenoble\",\"url\":\"https:\/\/www.salsa-grenoble.fr\/\",\"logo\":{\"@type\":\"ImageObject\",\"inLanguage\":\"fr-FR\",\"@id\":\"https:\/\/www.salsa-grenoble.fr\/#\/schema\/logo\/image\/\",\"url\":\"https:\/\/www.salsa-grenoble.fr\/wp-content\/uploads\/2020\/04\/salsa-gre-presentation2.png\",\"contentUrl\":\"https:\/\/www.salsa-grenoble.fr\/wp-content\/uploads\/2020\/04\/salsa-gre-presentation2.png\",\"width\":820,\"height\":220,\"caption\":\"ecole de danse Salsa Grenoble\"},\"image\":{\"@id\":\"https:\/\/www.salsa-grenoble.fr\/#\/schema\/logo\/image\/\"},\"sameAs\":[\"https:\/\/www.facebook.com\/groups\/48137432717\/\",\"https:\/\/www.youtube.com\/channel\/UCZTDZZxtrEhODW5fUUtoRPQ\"]}]}<\/script>\n<!-- \/ Yoast SEO plugin. -->","yoast_head_json":{"title":"Planning-tarifs Salsa Grenoble - Salsa Grenoble","description":"Planning et tarifs des cours salsa grenoble, cours collectifs et particuliers","robots":{"index":"index","follow":"follow","max-snippet":"max-snippet:-1","max-image-preview":"max-image-preview:large","max-video-preview":"max-video-preview:-1"},"canonical":"https:\/\/www.salsa-grenoble.fr\/index.php\/planning-tarifs\/","og_locale":"fr_FR","og_type":"article","og_title":"Planning-tarifs Salsa Grenoble - Salsa Grenoble","og_description":"Planning et tarifs des cours salsa grenoble, cours collectifs et particuliers","og_url":"https:\/\/www.salsa-grenoble.fr\/index.php\/planning-tarifs\/","og_site_name":"Salsa Grenoble","article_publisher":"https:\/\/www.facebook.com\/groups\/48137432717\/","article_modified_time":"2025-09-07T09:59:55+00:00","og_image":[{"width":2000,"height":1414,"url":"https:\/\/www.salsa-grenoble.fr\/wp-content\/uploads\/2025\/09\/PlanningSG-25-26.jpg","type":"image\/jpeg"}],"twitter_card":"summary_large_image","twitter_misc":{"Dur\u00e9e de lecture estim\u00e9e":"2 minutes"},"schema":{"@context":"https:\/\/schema.org","@graph":[{"@type":"WebPage","@id":"https:\/\/www.salsa-grenoble.fr\/index.php\/planning-tarifs\/","url":"https:\/\/www.salsa-grenoble.fr\/index.php\/planning-tarifs\/","name":"Planning-tarifs Salsa Grenoble - Salsa Grenoble","isPartOf":{"@id":"https:\/\/www.salsa-grenoble.fr\/#website"},"primaryImageOfPage":{"@id":"https:\/\/www.salsa-grenoble.fr\/index.php\/planning-tarifs\/#primaryimage"},"image":{"@id":"https:\/\/www.salsa-grenoble.fr\/index.php\/planning-tarifs\/#primaryimage"},"thumbnailUrl":"https:\/\/www.salsa-grenoble.fr\/wp-content\/uploads\/2025\/09\/PlanningSG-25-26-1024x724.jpg","datePublished":"2020-04-28T13:43:44+00:00","dateModified":"2025-09-07T09:59:55+00:00","description":"Planning et tarifs des cours salsa grenoble, cours collectifs et particuliers","breadcrumb":{"@id":"https:\/\/www.salsa-grenoble.fr\/index.php\/planning-tarifs\/#breadcrumb"},"inLanguage":"fr-FR","potentialAction":[{"@type":"ReadAction","target":["https:\/\/www.salsa-grenoble.fr\/index.php\/planning-tarifs\/"]}]},{"@type":"ImageObject","inLanguage":"fr-FR","@id":"https:\/\/www.salsa-grenoble.fr\/index.php\/planning-tarifs\/#primaryimage","url":"https:\/\/www.salsa-grenoble.fr\/wp-content\/uploads\/2025\/09\/PlanningSG-25-26.jpg","contentUrl":"https:\/\/www.salsa-grenoble.fr\/wp-content\/uploads\/2025\/09\/PlanningSG-25-26.jpg","width":2000,"height":1414},{"@type":"BreadcrumbList","@id":"https:\/\/www.salsa-grenoble.fr\/index.php\/planning-tarifs\/#breadcrumb","itemListElement":[{"@type":"ListItem","position":1,"name":"Accueil","item":"https:\/\/www.salsa-grenoble.fr\/"},{"@type":"ListItem","position":2,"name":"Planning-tarifs Salsa Grenoble"}]},{"@type":"WebSite","@id":"https:\/\/www.salsa-grenoble.fr\/#website","url":"https:\/\/www.salsa-grenoble.fr\/","name":"Salsa Grenoble","description":"Votre \u00e9cole de salsa cubaine \u00e0 Grenoble","publisher":{"@id":"https:\/\/www.salsa-grenoble.fr\/#organization"},"potentialAction":[{"@type":"SearchAction","target":{"@type":"EntryPoint","urlTemplate":"https:\/\/www.salsa-grenoble.fr\/?s={search_term_string}"},"query-input":{"@type":"PropertyValueSpecification","valueRequired":true,"valueName":"search_term_string"}}],"inLanguage":"fr-FR"},{"@type":"Organization","@id":"https:\/\/www.salsa-grenoble.fr\/#organization","name":"ecole de danse Salsa Grenoble","url":"https:\/\/www.salsa-grenoble.fr\/","logo":{"@type":"ImageObject","inLanguage":"fr-FR","@id":"https:\/\/www.salsa-grenoble.fr\/#\/schema\/logo\/image\/","url":"https:\/\/www.salsa-grenoble.fr\/wp-content\/uploads\/2020\/04\/salsa-gre-presentation2.png","contentUrl":"https:\/\/www.salsa-grenoble.fr\/wp-content\/uploads\/2020\/04\/salsa-gre-presentation2.png","width":820,"height":220,"caption":"ecole de danse Salsa Grenoble"},"image":{"@id":"https:\/\/www.salsa-grenoble.fr\/#\/schema\/logo\/image\/"},"sameAs":["https:\/\/www.facebook.com\/groups\/48137432717\/","https:\/\/www.youtube.com\/channel\/UCZTDZZxtrEhODW5fUUtoRPQ"]}]}},"_links":{"self":[{"href":"https:\/\/www.salsa-grenoble.fr\/index.php\/wp-json\/wp\/v2\/pages\/69","targetHints":{"allow":["GET"]}}],"collection":[{"href":"https:\/\/www.salsa-grenoble.fr\/index.php\/wp-json\/wp\/v2\/pages"}],"about":[{"href":"https:\/\/www.salsa-grenoble.fr\/index.php\/wp-json\/wp\/v2\/types\/page"}],"author":[{"embeddable":true,"href":"https:\/\/www.salsa-grenoble.fr\/index.php\/wp-json\/wp\/v2\/users\/1"}],"replies":[{"embeddable":true,"href":"https:\/\/www.salsa-grenoble.fr\/index.php\/wp-json\/wp\/v2\/comments?post=69"}],"version-history":[{"count":90,"href":"https:\/\/www.salsa-grenoble.fr\/index.php\/wp-json\/wp\/v2\/pages\/69\/revisions"}],"predecessor-version":[{"id":1564,"href":"https:\/\/www.salsa-grenoble.fr\/index.php\/wp-json\/wp\/v2\/pages\/69\/revisions\/1564"}],"wp:attachment":[{"href":"https:\/\/www.salsa-grenoble.fr\/index.php\/wp-json\/wp\/v2\/media?parent=69"}],"curies":[{"name":"wp","href":"https:\/\/api.w.org\/{rel}","templated":true}]}}