{"id":73,"date":"2020-04-28T15:53:04","date_gmt":"2020-04-28T13:53:04","guid":{"rendered":"http:\/\/ixajhje.cluster028.hosting.ovh.net\/?page_id=73"},"modified":"2023-08-20T16:46:25","modified_gmt":"2023-08-20T14:46:25","slug":"la-prochaine-soiree","status":"publish","type":"page","link":"https:\/\/www.salsa-grenoble.fr\/index.php\/la-prochaine-soiree\/","title":{"rendered":"Prochaine soir\u00e9e"},"content":{"rendered":"\n<hr class=\"wp-block-separator\"\/>\n\n\n\n<p class=\"has-text-align-left\"><strong>DATE <\/strong>: <strong><span class=\"has-inline-color has-vivid-red-color\">Consulter la page d&rsquo;accueil du site, colonne de droite. <\/span><span class=\"has-inline-color has-vivid-red-color\"><\/span><\/strong><br><strong>HORAIRES <\/strong><br>20h15-21h15 : Initiation avec Foudil (Tous niveaux)<br>21h30-1h30 : Soir\u00e9e <strong>S<\/strong>alsa &#8211; <strong>B<\/strong>achata &#8211; <strong>K<\/strong>izomba<br><strong>STYLE DE MUSIQUE<\/strong> : Salsa-Timba-Bachata-Kizomba-Chachacha-Reggaeton<br><strong>PAF <\/strong>: 7 euros <br>Adh\u00e9sion comprise dans le PAF valable pour la soir\u00e9e ! <br><strong>ADRESSE <\/strong>: 10 rue Amp\u00e8re \u00e0 Grenoble <\/p>\n\n\n\n<hr class=\"wp-block-separator\"\/>\n\n\n\n<p><\/p>\n","protected":false},"excerpt":{"rendered":"<p>DATE : Consulter la page d&rsquo;accueil du site, colonne de droite. HORAIRES 20h15-21h15 : Initiation avec Foudil (Tous niveaux)21h30-1h30 : Soir\u00e9e Salsa &#8211; Bachata &#8211; KizombaSTYLE DE MUSIQUE : Salsa-Timba-Bachata-Kizomba-Chachacha-ReggaetonPAF : 7 euros Adh\u00e9sion comprise dans le PAF valable pour la soir\u00e9e ! ADRESSE : 10 rue Amp\u00e8re \u00e0 Grenoble<\/p>\n","protected":false},"author":1,"featured_media":0,"parent":0,"menu_order":0,"comment_status":"closed","ping_status":"closed","template":"","meta":{"_bbp_topic_count":0,"_bbp_reply_count":0,"_bbp_total_topic_count":0,"_bbp_total_reply_count":0,"_bbp_voice_count":0,"_bbp_anonymous_reply_count":0,"_bbp_topic_count_hidden":0,"_bbp_reply_count_hidden":0,"_bbp_forum_subforum_count":0,"footnotes":""},"class_list":["post-73","page","type-page","status-publish","hentry"],"yoast_head":"<!-- This site is optimized with the Yoast SEO plugin v25.8 - https:\/\/yoast.com\/wordpress\/plugins\/seo\/ -->\n<title>Prochaine soir\u00e9e - Salsa Grenoble %<\/title>\n<meta name=\"description\" content=\"Les prochaines soir\u00e9es salsa grenoble\" \/>\n<meta name=\"robots\" content=\"index, follow, max-snippet:-1, max-image-preview:large, max-video-preview:-1\" \/>\n<link rel=\"canonical\" href=\"https:\/\/www.salsa-grenoble.fr\/index.php\/la-prochaine-soiree\/\" \/>\n<meta property=\"og:locale\" content=\"fr_FR\" \/>\n<meta property=\"og:type\" content=\"article\" \/>\n<meta property=\"og:title\" content=\"Prochaine soir\u00e9e - Salsa Grenoble %\" \/>\n<meta property=\"og:description\" content=\"Les prochaines soir\u00e9es salsa grenoble\" \/>\n<meta property=\"og:url\" content=\"https:\/\/www.salsa-grenoble.fr\/index.php\/la-prochaine-soiree\/\" \/>\n<meta property=\"og:site_name\" content=\"Salsa Grenoble\" \/>\n<meta property=\"article:publisher\" content=\"https:\/\/www.facebook.com\/groups\/48137432717\/\" \/>\n<meta property=\"article:modified_time\" content=\"2023-08-20T14:46:25+00:00\" \/>\n<meta name=\"twitter:card\" content=\"summary_large_image\" \/>\n<script type=\"application\/ld+json\" class=\"yoast-schema-graph\">{\"@context\":\"https:\/\/schema.org\",\"@graph\":[{\"@type\":\"WebPage\",\"@id\":\"https:\/\/www.salsa-grenoble.fr\/index.php\/la-prochaine-soiree\/\",\"url\":\"https:\/\/www.salsa-grenoble.fr\/index.php\/la-prochaine-soiree\/\",\"name\":\"Prochaine soir\u00e9e - Salsa Grenoble %\",\"isPartOf\":{\"@id\":\"https:\/\/www.salsa-grenoble.fr\/#website\"},\"datePublished\":\"2020-04-28T13:53:04+00:00\",\"dateModified\":\"2023-08-20T14:46:25+00:00\",\"description\":\"Les prochaines soir\u00e9es salsa grenoble\",\"breadcrumb\":{\"@id\":\"https:\/\/www.salsa-grenoble.fr\/index.php\/la-prochaine-soiree\/#breadcrumb\"},\"inLanguage\":\"fr-FR\",\"potentialAction\":[{\"@type\":\"ReadAction\",\"target\":[\"https:\/\/www.salsa-grenoble.fr\/index.php\/la-prochaine-soiree\/\"]}]},{\"@type\":\"BreadcrumbList\",\"@id\":\"https:\/\/www.salsa-grenoble.fr\/index.php\/la-prochaine-soiree\/#breadcrumb\",\"itemListElement\":[{\"@type\":\"ListItem\",\"position\":1,\"name\":\"Accueil\",\"item\":\"https:\/\/www.salsa-grenoble.fr\/\"},{\"@type\":\"ListItem\",\"position\":2,\"name\":\"Prochaine soir\u00e9e\"}]},{\"@type\":\"WebSite\",\"@id\":\"https:\/\/www.salsa-grenoble.fr\/#website\",\"url\":\"https:\/\/www.salsa-grenoble.fr\/\",\"name\":\"Salsa Grenoble\",\"description\":\"Votre \u00e9cole de salsa cubaine \u00e0 Grenoble\",\"publisher\":{\"@id\":\"https:\/\/www.salsa-grenoble.fr\/#organization\"},\"potentialAction\":[{\"@type\":\"SearchAction\",\"target\":{\"@type\":\"EntryPoint\",\"urlTemplate\":\"https:\/\/www.salsa-grenoble.fr\/?s={search_term_string}\"},\"query-input\":{\"@type\":\"PropertyValueSpecification\",\"valueRequired\":true,\"valueName\":\"search_term_string\"}}],\"inLanguage\":\"fr-FR\"},{\"@type\":\"Organization\",\"@id\":\"https:\/\/www.salsa-grenoble.fr\/#organization\",\"name\":\"ecole de danse Salsa Grenoble\",\"url\":\"https:\/\/www.salsa-grenoble.fr\/\",\"logo\":{\"@type\":\"ImageObject\",\"inLanguage\":\"fr-FR\",\"@id\":\"https:\/\/www.salsa-grenoble.fr\/#\/schema\/logo\/image\/\",\"url\":\"https:\/\/www.salsa-grenoble.fr\/wp-content\/uploads\/2020\/04\/salsa-gre-presentation2.png\",\"contentUrl\":\"https:\/\/www.salsa-grenoble.fr\/wp-content\/uploads\/2020\/04\/salsa-gre-presentation2.png\",\"width\":820,\"height\":220,\"caption\":\"ecole de danse Salsa Grenoble\"},\"image\":{\"@id\":\"https:\/\/www.salsa-grenoble.fr\/#\/schema\/logo\/image\/\"},\"sameAs\":[\"https:\/\/www.facebook.com\/groups\/48137432717\/\",\"https:\/\/www.youtube.com\/channel\/UCZTDZZxtrEhODW5fUUtoRPQ\"]}]}<\/script>\n<!-- \/ Yoast SEO plugin. -->","yoast_head_json":{"title":"Prochaine soir\u00e9e - Salsa Grenoble %","description":"Les prochaines soir\u00e9es salsa grenoble","robots":{"index":"index","follow":"follow","max-snippet":"max-snippet:-1","max-image-preview":"max-image-preview:large","max-video-preview":"max-video-preview:-1"},"canonical":"https:\/\/www.salsa-grenoble.fr\/index.php\/la-prochaine-soiree\/","og_locale":"fr_FR","og_type":"article","og_title":"Prochaine soir\u00e9e - Salsa Grenoble %","og_description":"Les prochaines soir\u00e9es salsa grenoble","og_url":"https:\/\/www.salsa-grenoble.fr\/index.php\/la-prochaine-soiree\/","og_site_name":"Salsa Grenoble","article_publisher":"https:\/\/www.facebook.com\/groups\/48137432717\/","article_modified_time":"2023-08-20T14:46:25+00:00","twitter_card":"summary_large_image","schema":{"@context":"https:\/\/schema.org","@graph":[{"@type":"WebPage","@id":"https:\/\/www.salsa-grenoble.fr\/index.php\/la-prochaine-soiree\/","url":"https:\/\/www.salsa-grenoble.fr\/index.php\/la-prochaine-soiree\/","name":"Prochaine soir\u00e9e - Salsa Grenoble %","isPartOf":{"@id":"https:\/\/www.salsa-grenoble.fr\/#website"},"datePublished":"2020-04-28T13:53:04+00:00","dateModified":"2023-08-20T14:46:25+00:00","description":"Les prochaines soir\u00e9es salsa grenoble","breadcrumb":{"@id":"https:\/\/www.salsa-grenoble.fr\/index.php\/la-prochaine-soiree\/#breadcrumb"},"inLanguage":"fr-FR","potentialAction":[{"@type":"ReadAction","target":["https:\/\/www.salsa-grenoble.fr\/index.php\/la-prochaine-soiree\/"]}]},{"@type":"BreadcrumbList","@id":"https:\/\/www.salsa-grenoble.fr\/index.php\/la-prochaine-soiree\/#breadcrumb","itemListElement":[{"@type":"ListItem","position":1,"name":"Accueil","item":"https:\/\/www.salsa-grenoble.fr\/"},{"@type":"ListItem","position":2,"name":"Prochaine soir\u00e9e"}]},{"@type":"WebSite","@id":"https:\/\/www.salsa-grenoble.fr\/#website","url":"https:\/\/www.salsa-grenoble.fr\/","name":"Salsa Grenoble","description":"Votre \u00e9cole de salsa cubaine \u00e0 Grenoble","publisher":{"@id":"https:\/\/www.salsa-grenoble.fr\/#organization"},"potentialAction":[{"@type":"SearchAction","target":{"@type":"EntryPoint","urlTemplate":"https:\/\/www.salsa-grenoble.fr\/?s={search_term_string}"},"query-input":{"@type":"PropertyValueSpecification","valueRequired":true,"valueName":"search_term_string"}}],"inLanguage":"fr-FR"},{"@type":"Organization","@id":"https:\/\/www.salsa-grenoble.fr\/#organization","name":"ecole de danse Salsa Grenoble","url":"https:\/\/www.salsa-grenoble.fr\/","logo":{"@type":"ImageObject","inLanguage":"fr-FR","@id":"https:\/\/www.salsa-grenoble.fr\/#\/schema\/logo\/image\/","url":"https:\/\/www.salsa-grenoble.fr\/wp-content\/uploads\/2020\/04\/salsa-gre-presentation2.png","contentUrl":"https:\/\/www.salsa-grenoble.fr\/wp-content\/uploads\/2020\/04\/salsa-gre-presentation2.png","width":820,"height":220,"caption":"ecole de danse Salsa Grenoble"},"image":{"@id":"https:\/\/www.salsa-grenoble.fr\/#\/schema\/logo\/image\/"},"sameAs":["https:\/\/www.facebook.com\/groups\/48137432717\/","https:\/\/www.youtube.com\/channel\/UCZTDZZxtrEhODW5fUUtoRPQ"]}]}},"_links":{"self":[{"href":"https:\/\/www.salsa-grenoble.fr\/index.php\/wp-json\/wp\/v2\/pages\/73","targetHints":{"allow":["GET"]}}],"collection":[{"href":"https:\/\/www.salsa-grenoble.fr\/index.php\/wp-json\/wp\/v2\/pages"}],"about":[{"href":"https:\/\/www.salsa-grenoble.fr\/index.php\/wp-json\/wp\/v2\/types\/page"}],"author":[{"embeddable":true,"href":"https:\/\/www.salsa-grenoble.fr\/index.php\/wp-json\/wp\/v2\/users\/1"}],"replies":[{"embeddable":true,"href":"https:\/\/www.salsa-grenoble.fr\/index.php\/wp-json\/wp\/v2\/comments?post=73"}],"version-history":[{"count":12,"href":"https:\/\/www.salsa-grenoble.fr\/index.php\/wp-json\/wp\/v2\/pages\/73\/revisions"}],"predecessor-version":[{"id":1017,"href":"https:\/\/www.salsa-grenoble.fr\/index.php\/wp-json\/wp\/v2\/pages\/73\/revisions\/1017"}],"wp:attachment":[{"href":"https:\/\/www.salsa-grenoble.fr\/index.php\/wp-json\/wp\/v2\/media?parent=73"}],"curies":[{"name":"wp","href":"https:\/\/api.w.org\/{rel}","templated":true}]}}