{"id":78,"date":"2020-04-28T16:06:30","date_gmt":"2020-04-28T14:06:30","guid":{"rendered":"http:\/\/ixajhje.cluster028.hosting.ovh.net\/?page_id=78"},"modified":"2023-08-20T16:48:02","modified_gmt":"2023-08-20T14:48:02","slug":"nos-portes-ouvertes-gratuites","status":"publish","type":"page","link":"https:\/\/www.salsa-grenoble.fr\/index.php\/nos-portes-ouvertes-gratuites\/","title":{"rendered":"Portes ouvertes"},"content":{"rendered":"\n<p><strong><span class=\"has-inline-color has-vivid-red-color\">COURS D&rsquo;ESSAI APR\u00c8S LES PORTES OUVERTES<\/span><br>Quand les portes ouvertes gratuites sont termin\u00e9es, vous pouvez toujours essayer nos cours !<\/strong><br>* Si le cours n&rsquo;est pas complet.<br>* Si vous avez le niveau minimum requis.<br><strong>Tarif<\/strong> : 10 euros \/ cours, montant d\u00e9ductible de votre abonnement si inscription.<br><br><strong>Consulter Foudil<\/strong> au 06 20 26 83 45 <\/p>\n\n\n\n<hr class=\"wp-block-separator\"\/>\n\n\n\n<p><strong><span class=\"has-inline-color has-vivid-red-color\">PORTES OUVERTES GRATUITES !\u00a0<\/span><\/strong>\u00a0<br><strong>Les portes ouvertes Salsa Grenoble sont gratuites et ouvertes \u00e0 tous !\u00a0<\/strong><br>Solo ou en couple !\u00a0<br>Niveau 1 : Vrai d\u00e9butants\u00a0<br>Niveau 2 : Avoir suivi environ 6 mois de salsa.\u00a0<br>Niveau 3 : Avoir suivi 12 mois de cours de salsa<br><\/p>\n\n\n\n<p><br><strong>D\u00e9roulement des portes ouvertes chez Salsa Grenoble.\u00a0<\/strong> <br>Il est possible de s&rsquo;inscrire seul ou en couple, nous avons 20 places pour les femmes et 20 places pour les hommes.\u00a0<br>Pour la tenue, il n y a rien de particulier, venez dans une tenue o\u00f9 vous \u00eates \u00e0 l&rsquo;aise.\u00a0<br>Les professeurs vous pr\u00e9senteront l&rsquo;\u00e9cole en quelques mots, puis vous pourrez poser vos questions, ensuite les profs feront un exemple de cours pour que vous puissiez appr\u00e9cier la p\u00e9dagogie et l&rsquo;ambiance de l&rsquo;\u00e9cole Salsa Grenoble.\u00a0<br>Vous aurez la possibilit\u00e9 de vous inscrire le soir m\u00eame et r\u00e9server ainsi votre place, donc pensez bien \u00e0 ramener votre moyen de paiement (Ch\u00e8que &#8211; CB &#8211; esp\u00e8ce).\u00a0<br>\u00a0<br>Les portes ouvertes sont pour tous les niveaux et gratuites.<br>\u00a0<br>\u00a0<br><span class=\"has-inline-color has-vivid-red-color\">Quand les cours d\u00e9marrent, Il sera toujours possible d&rsquo;essayer un cours pour 10 euros, ce montant sera d\u00e9duit de votre abonnement si vous d\u00e9cidez de vous inscrire. Merci de venir vous pr\u00e9senter au professeur en d\u00e9but de cours.\u00a0<br>\u00a0<br>Des fiches d&rsquo;inscriptions et planning seront disponibles \u00e0 l&rsquo;\u00e9cole.\u00a0<\/span><br><\/p>\n\n\n\n<hr class=\"wp-block-separator\"\/>\n\n\n\n<p><\/p>\n","protected":false},"excerpt":{"rendered":"<p>COURS D&rsquo;ESSAI APR\u00c8S LES PORTES OUVERTESQuand les portes ouvertes gratuites sont termin\u00e9es, vous pouvez toujours essayer nos cours !* Si le cours n&rsquo;est pas complet.* Si vous avez le niveau minimum requis.Tarif : 10 euros \/ cours, montant d\u00e9ductible de votre abonnement si inscription. Consulter Foudil au 06 20 26 83 45 PORTES OUVERTES GRATUITES !\u00a0\u00a0Les portes ouvertes Salsa Grenoble sont gratuites et ouvertes \u00e0 tous !\u00a0Solo ou en couple !\u00a0Niveau 1 : Vrai d\u00e9butants\u00a0Niveau 2 : Avoir suivi environ&#8230;<\/p>\n<p class=\"read-more\"><a class=\"btn btn-default\" href=\"https:\/\/www.salsa-grenoble.fr\/index.php\/nos-portes-ouvertes-gratuites\/\">Lire la suite<span class=\"screen-reader-text\"> Lire la suite<\/span><\/a><\/p>\n","protected":false},"author":1,"featured_media":0,"parent":0,"menu_order":0,"comment_status":"closed","ping_status":"closed","template":"","meta":{"_bbp_topic_count":0,"_bbp_reply_count":0,"_bbp_total_topic_count":0,"_bbp_total_reply_count":0,"_bbp_voice_count":0,"_bbp_anonymous_reply_count":0,"_bbp_topic_count_hidden":0,"_bbp_reply_count_hidden":0,"_bbp_forum_subforum_count":0,"footnotes":""},"class_list":["post-78","page","type-page","status-publish","hentry"],"yoast_head":"<!-- This site is optimized with the Yoast SEO plugin v25.8 - https:\/\/yoast.com\/wordpress\/plugins\/seo\/ -->\n<title>Portes ouvertes - Salsa Grenoble<\/title>\n<meta name=\"description\" content=\"Les portes ouvertes gratuites salsa grenoble en septembre\" \/>\n<meta name=\"robots\" content=\"index, follow, max-snippet:-1, max-image-preview:large, max-video-preview:-1\" \/>\n<link rel=\"canonical\" href=\"https:\/\/www.salsa-grenoble.fr\/index.php\/nos-portes-ouvertes-gratuites\/\" \/>\n<meta property=\"og:locale\" content=\"fr_FR\" \/>\n<meta property=\"og:type\" content=\"article\" \/>\n<meta property=\"og:title\" content=\"Portes ouvertes - Salsa Grenoble\" \/>\n<meta property=\"og:description\" content=\"Les portes ouvertes gratuites salsa grenoble en septembre\" \/>\n<meta property=\"og:url\" content=\"https:\/\/www.salsa-grenoble.fr\/index.php\/nos-portes-ouvertes-gratuites\/\" \/>\n<meta property=\"og:site_name\" content=\"Salsa Grenoble\" \/>\n<meta property=\"article:publisher\" content=\"https:\/\/www.facebook.com\/groups\/48137432717\/\" \/>\n<meta property=\"article:modified_time\" content=\"2023-08-20T14:48:02+00:00\" \/>\n<meta name=\"twitter:card\" content=\"summary_large_image\" \/>\n<meta name=\"twitter:label1\" content=\"Dur\u00e9e de lecture estim\u00e9e\" \/>\n\t<meta name=\"twitter:data1\" content=\"1 minute\" \/>\n<script type=\"application\/ld+json\" class=\"yoast-schema-graph\">{\"@context\":\"https:\/\/schema.org\",\"@graph\":[{\"@type\":\"WebPage\",\"@id\":\"https:\/\/www.salsa-grenoble.fr\/index.php\/nos-portes-ouvertes-gratuites\/\",\"url\":\"https:\/\/www.salsa-grenoble.fr\/index.php\/nos-portes-ouvertes-gratuites\/\",\"name\":\"Portes ouvertes - Salsa Grenoble\",\"isPartOf\":{\"@id\":\"https:\/\/www.salsa-grenoble.fr\/#website\"},\"datePublished\":\"2020-04-28T14:06:30+00:00\",\"dateModified\":\"2023-08-20T14:48:02+00:00\",\"description\":\"Les portes ouvertes gratuites salsa grenoble en septembre\",\"breadcrumb\":{\"@id\":\"https:\/\/www.salsa-grenoble.fr\/index.php\/nos-portes-ouvertes-gratuites\/#breadcrumb\"},\"inLanguage\":\"fr-FR\",\"potentialAction\":[{\"@type\":\"ReadAction\",\"target\":[\"https:\/\/www.salsa-grenoble.fr\/index.php\/nos-portes-ouvertes-gratuites\/\"]}]},{\"@type\":\"BreadcrumbList\",\"@id\":\"https:\/\/www.salsa-grenoble.fr\/index.php\/nos-portes-ouvertes-gratuites\/#breadcrumb\",\"itemListElement\":[{\"@type\":\"ListItem\",\"position\":1,\"name\":\"Accueil\",\"item\":\"https:\/\/www.salsa-grenoble.fr\/\"},{\"@type\":\"ListItem\",\"position\":2,\"name\":\"Portes ouvertes\"}]},{\"@type\":\"WebSite\",\"@id\":\"https:\/\/www.salsa-grenoble.fr\/#website\",\"url\":\"https:\/\/www.salsa-grenoble.fr\/\",\"name\":\"Salsa Grenoble\",\"description\":\"Votre \u00e9cole de salsa cubaine \u00e0 Grenoble\",\"publisher\":{\"@id\":\"https:\/\/www.salsa-grenoble.fr\/#organization\"},\"potentialAction\":[{\"@type\":\"SearchAction\",\"target\":{\"@type\":\"EntryPoint\",\"urlTemplate\":\"https:\/\/www.salsa-grenoble.fr\/?s={search_term_string}\"},\"query-input\":{\"@type\":\"PropertyValueSpecification\",\"valueRequired\":true,\"valueName\":\"search_term_string\"}}],\"inLanguage\":\"fr-FR\"},{\"@type\":\"Organization\",\"@id\":\"https:\/\/www.salsa-grenoble.fr\/#organization\",\"name\":\"ecole de danse Salsa Grenoble\",\"url\":\"https:\/\/www.salsa-grenoble.fr\/\",\"logo\":{\"@type\":\"ImageObject\",\"inLanguage\":\"fr-FR\",\"@id\":\"https:\/\/www.salsa-grenoble.fr\/#\/schema\/logo\/image\/\",\"url\":\"https:\/\/www.salsa-grenoble.fr\/wp-content\/uploads\/2020\/04\/salsa-gre-presentation2.png\",\"contentUrl\":\"https:\/\/www.salsa-grenoble.fr\/wp-content\/uploads\/2020\/04\/salsa-gre-presentation2.png\",\"width\":820,\"height\":220,\"caption\":\"ecole de danse Salsa Grenoble\"},\"image\":{\"@id\":\"https:\/\/www.salsa-grenoble.fr\/#\/schema\/logo\/image\/\"},\"sameAs\":[\"https:\/\/www.facebook.com\/groups\/48137432717\/\",\"https:\/\/www.youtube.com\/channel\/UCZTDZZxtrEhODW5fUUtoRPQ\"]}]}<\/script>\n<!-- \/ Yoast SEO plugin. -->","yoast_head_json":{"title":"Portes ouvertes - Salsa Grenoble","description":"Les portes ouvertes gratuites salsa grenoble en septembre","robots":{"index":"index","follow":"follow","max-snippet":"max-snippet:-1","max-image-preview":"max-image-preview:large","max-video-preview":"max-video-preview:-1"},"canonical":"https:\/\/www.salsa-grenoble.fr\/index.php\/nos-portes-ouvertes-gratuites\/","og_locale":"fr_FR","og_type":"article","og_title":"Portes ouvertes - Salsa Grenoble","og_description":"Les portes ouvertes gratuites salsa grenoble en septembre","og_url":"https:\/\/www.salsa-grenoble.fr\/index.php\/nos-portes-ouvertes-gratuites\/","og_site_name":"Salsa Grenoble","article_publisher":"https:\/\/www.facebook.com\/groups\/48137432717\/","article_modified_time":"2023-08-20T14:48:02+00:00","twitter_card":"summary_large_image","twitter_misc":{"Dur\u00e9e de lecture estim\u00e9e":"1 minute"},"schema":{"@context":"https:\/\/schema.org","@graph":[{"@type":"WebPage","@id":"https:\/\/www.salsa-grenoble.fr\/index.php\/nos-portes-ouvertes-gratuites\/","url":"https:\/\/www.salsa-grenoble.fr\/index.php\/nos-portes-ouvertes-gratuites\/","name":"Portes ouvertes - Salsa Grenoble","isPartOf":{"@id":"https:\/\/www.salsa-grenoble.fr\/#website"},"datePublished":"2020-04-28T14:06:30+00:00","dateModified":"2023-08-20T14:48:02+00:00","description":"Les portes ouvertes gratuites salsa grenoble en septembre","breadcrumb":{"@id":"https:\/\/www.salsa-grenoble.fr\/index.php\/nos-portes-ouvertes-gratuites\/#breadcrumb"},"inLanguage":"fr-FR","potentialAction":[{"@type":"ReadAction","target":["https:\/\/www.salsa-grenoble.fr\/index.php\/nos-portes-ouvertes-gratuites\/"]}]},{"@type":"BreadcrumbList","@id":"https:\/\/www.salsa-grenoble.fr\/index.php\/nos-portes-ouvertes-gratuites\/#breadcrumb","itemListElement":[{"@type":"ListItem","position":1,"name":"Accueil","item":"https:\/\/www.salsa-grenoble.fr\/"},{"@type":"ListItem","position":2,"name":"Portes ouvertes"}]},{"@type":"WebSite","@id":"https:\/\/www.salsa-grenoble.fr\/#website","url":"https:\/\/www.salsa-grenoble.fr\/","name":"Salsa Grenoble","description":"Votre \u00e9cole de salsa cubaine \u00e0 Grenoble","publisher":{"@id":"https:\/\/www.salsa-grenoble.fr\/#organization"},"potentialAction":[{"@type":"SearchAction","target":{"@type":"EntryPoint","urlTemplate":"https:\/\/www.salsa-grenoble.fr\/?s={search_term_string}"},"query-input":{"@type":"PropertyValueSpecification","valueRequired":true,"valueName":"search_term_string"}}],"inLanguage":"fr-FR"},{"@type":"Organization","@id":"https:\/\/www.salsa-grenoble.fr\/#organization","name":"ecole de danse Salsa Grenoble","url":"https:\/\/www.salsa-grenoble.fr\/","logo":{"@type":"ImageObject","inLanguage":"fr-FR","@id":"https:\/\/www.salsa-grenoble.fr\/#\/schema\/logo\/image\/","url":"https:\/\/www.salsa-grenoble.fr\/wp-content\/uploads\/2020\/04\/salsa-gre-presentation2.png","contentUrl":"https:\/\/www.salsa-grenoble.fr\/wp-content\/uploads\/2020\/04\/salsa-gre-presentation2.png","width":820,"height":220,"caption":"ecole de danse Salsa Grenoble"},"image":{"@id":"https:\/\/www.salsa-grenoble.fr\/#\/schema\/logo\/image\/"},"sameAs":["https:\/\/www.facebook.com\/groups\/48137432717\/","https:\/\/www.youtube.com\/channel\/UCZTDZZxtrEhODW5fUUtoRPQ"]}]}},"_links":{"self":[{"href":"https:\/\/www.salsa-grenoble.fr\/index.php\/wp-json\/wp\/v2\/pages\/78","targetHints":{"allow":["GET"]}}],"collection":[{"href":"https:\/\/www.salsa-grenoble.fr\/index.php\/wp-json\/wp\/v2\/pages"}],"about":[{"href":"https:\/\/www.salsa-grenoble.fr\/index.php\/wp-json\/wp\/v2\/types\/page"}],"author":[{"embeddable":true,"href":"https:\/\/www.salsa-grenoble.fr\/index.php\/wp-json\/wp\/v2\/users\/1"}],"replies":[{"embeddable":true,"href":"https:\/\/www.salsa-grenoble.fr\/index.php\/wp-json\/wp\/v2\/comments?post=78"}],"version-history":[{"count":16,"href":"https:\/\/www.salsa-grenoble.fr\/index.php\/wp-json\/wp\/v2\/pages\/78\/revisions"}],"predecessor-version":[{"id":1018,"href":"https:\/\/www.salsa-grenoble.fr\/index.php\/wp-json\/wp\/v2\/pages\/78\/revisions\/1018"}],"wp:attachment":[{"href":"https:\/\/www.salsa-grenoble.fr\/index.php\/wp-json\/wp\/v2\/media?parent=78"}],"curies":[{"name":"wp","href":"https:\/\/api.w.org\/{rel}","templated":true}]}}