{"id":80,"date":"2020-04-28T16:11:24","date_gmt":"2020-04-28T14:11:24","guid":{"rendered":"http:\/\/ixajhje.cluster028.hosting.ovh.net\/?page_id=80"},"modified":"2023-08-20T16:52:15","modified_gmt":"2023-08-20T14:52:15","slug":"voyage-a-cuba-avec-sg","status":"publish","type":"page","link":"https:\/\/www.salsa-grenoble.fr\/index.php\/voyage-a-cuba-avec-sg\/","title":{"rendered":"Voyage \u00e0 Cuba"},"content":{"rendered":"\n<figure class=\"wp-block-image size-large\"><img loading=\"lazy\" decoding=\"async\" width=\"800\" height=\"400\" src=\"http:\/\/ixajhje.cluster028.hosting.ovh.net\/wp-content\/uploads\/2020\/04\/Cuba-Eleves.jpg\" alt=\"\" class=\"wp-image-81\" srcset=\"https:\/\/www.salsa-grenoble.fr\/wp-content\/uploads\/2020\/04\/Cuba-Eleves.jpg 800w, https:\/\/www.salsa-grenoble.fr\/wp-content\/uploads\/2020\/04\/Cuba-Eleves-300x150.jpg 300w, https:\/\/www.salsa-grenoble.fr\/wp-content\/uploads\/2020\/04\/Cuba-Eleves-768x384.jpg 768w, https:\/\/www.salsa-grenoble.fr\/wp-content\/uploads\/2020\/04\/Cuba-Eleves-540x270.jpg 540w\" sizes=\"auto, (max-width: 800px) 100vw, 800px\" \/><\/figure>\n\n\n\n<hr class=\"wp-block-separator\"\/>\n\n\n\n<p>Salsa Grenoble organise des voyage \u00e0 Santiago de Cuba !<br><br>Site web : <strong><a href=\"https:\/\/www.voyage-a-cuba.fr\">https:\/\/www.voyage-a-cuba.fr<\/a><\/strong><br><br>Vid\u00e9o du voyage en 2017 : <a href=\"https:\/\/www.youtube.com\/watch?v=zWyZmAE3lww\">Cliquez-ici<\/a><br>Vid\u00e9o du voyage en 2016 : <a href=\"https:\/\/www.youtube.com\/watch?v=bxjxT5y9Je8\">Cliquez-ici<\/a><br><br>Pr\u00e9sentation<br>Ce voyage s&rsquo;adresse aux danseurs de salsa cubaine.<br>La base de ce voyage est la danse, se perfectionner au sein d&rsquo;une compagnie professionnelle pendant 2 semaines avec des moments libres pour profiter du soleil, boire des cocktails, se baigner, profiter de la ville et ses richesses.<br><br>Pendant deux semaines, vous \u00eates log\u00e9s en chambre double chez l&rsquo;habitant avec le petit d\u00e9jeuner et le repas du soir inclus.<br>Les logements se trouvent \u00e0 10 min \u00e0 pied du centre ville, pas besoin de voiture sauf pour aller \u00e0 la mer ou faire des visites.<br><br>Vous aurez des cours de : salsa cubaine, salsa style solo, reggaeton, Son, Rumba, Orishas, rueda de casino, musicalit\u00e9, chachacha et la possibilit\u00e9 de prendre un cours particulier avec un prof de l&rsquo;\u00e9quipe au choix.<br><br>Pendant les cours, vous dansez avec un Cubain ou une Cubaine, il y a des changements de partenaires r\u00e9guliers, nous organisons des sorties avec les Cubains pour apprendre \u00e0 mieux se conna\u00eetre et parler de nos diff\u00e9rences de cultures.<br>Nous assisterons \u00e0 des shows de salsa avec une compagnie professionnelle.\u00a0<br>Nous organisons une soir\u00e9e pratique entre les \u00e9l\u00e8ves pour r\u00e9viser les \u00a0figures.<br>Il y a aussi une soir\u00e9e de bienvenue et une soir\u00e9e de d\u00e9part avec les professeurs cubains.<br><br>Lors de votre arriv\u00e9e et de votre d\u00e9part \u00e0 l&rsquo;a\u00e9roport, des taxis am\u00e9ricains viennent vous chercher et un membre de la team Salsa Grenoble est pr\u00e9sent.<br>L&rsquo;a\u00e9roport se trouve \u00e0 15-20 min de vos logements.\u00a0<br>Nous irons \u00e0 la mer en taxi am\u00e9ricain !<br><br>En avril, la temp\u00e9rature est d&rsquo;environ 25 \u00b0c \u00a0\u00e0 35 \u00b0c et le soir environ 19\u00b0c, des temp\u00e9ratures id\u00e9ales.<br>C&rsquo;est l&rsquo;occasion pour les danseurs de salsa cubaine d&rsquo;aller \u00e0 la source, de faire de belles rencontres, votre vision de la salsa cubaine \u00e9voluera certainement !<br><br>Quel est le budget total \u00e0 pr\u00e9voir, tout inclus avec vos d\u00e9penses perso ? Environ 2500 euros<br>Salsa Grenoble vous accompagne dans toutes les \u00e9tapes de votre voyage, de A \u00e0 Z !\u00a0<br>Nous faisons un suivi r\u00e9gulier afin de s&rsquo;assurer que tout se passe bien.<br>Nous organiserons des r\u00e9unions d&rsquo;informations pour r\u00e9pondre \u00e0 toutes vos questions.<br>Le paiement se fera en 2 fois, il faudra acheter le billet d&rsquo;avion au plus t\u00f4t pour r\u00e9server votre place et le deuxi\u00e8me paiement se fera sur place \u00e0 Cuba.<br>10 personnes par niveau maximum.<br>L&rsquo;esprit de convivialit\u00e9 dans le groupe est tr\u00e8s important pour nous, c&rsquo;est pourquoi, nous confirmons ou pas une inscription.<br><br><br>Foudil : 06 20 26 83 45<br>Salsa Grenoble : foudil38@gmail.com<\/p>\n\n\n\n<hr class=\"wp-block-separator\"\/>\n\n\n\n<p><strong><span class=\"has-inline-color has-vivid-red-color\">T\u00e9moignages<\/span><\/strong><br><br><em>\u00a0\u00bb Hola Foudil et Aur\u00e9lie,<br>Merci pour ce superbe s\u00e9jour Salsa \u00e0 Santiago&nbsp;<br>Une semaine apr\u00e8s notre retour, nous avons toujours du mal \u00e0 reprendre notre rythme quotidien et on en a encore plein les oreilles et plein les yeux&#8230;&nbsp;<br>Nous avons vraiment pass\u00e9 de bon moments et tous les cours, les activit\u00e9s et les personnes rencontr\u00e9es \u00e9taient super !&nbsp;<br>Encore f\u00e9licitations pour l&rsquo;organisation car ce n&rsquo;est pas facile de tout g\u00e9rer \u00e0 la fois.&nbsp;<br>On pense d\u00e9j\u00e0 \u00e0 y retourner et c&rsquo;est s\u00fbr, nous y retournerons.&nbsp;<br>Reposez vous bien apr\u00e8s ce retour plein de rebondissement et \u00e0 bient\u00f4t sur le parquet.&nbsp;<br>Salsament v\u00f4tre.\u00a0\u00bb<\/em><br><br><em>\u00ab\u00a0Bonjour Foudil et Aur\u00e9lie,&nbsp;&nbsp;<br>tout d&rsquo;abord je profite de ce mail pour vous remercier tous les deux pour l&rsquo;organisation de ce voyage.&nbsp;&nbsp;<br>Comme j&rsquo;ai d\u00e9j\u00e0 eu l&rsquo;occasion de vous le dire vous avez r\u00e9alis\u00e9 un de mes r\u00eaves. J&rsquo;avais en t\u00eate de faire ce voyage depuis plus de 18 ans, le jour o\u00f9 j&rsquo;ai d\u00e9couvert la salsa \u00e0 Paris en 2000.&nbsp;&nbsp;<br>Sinon que dire d&rsquo;un si beau voyage :&nbsp;&nbsp;<br>&#8211; vous avez \u00e9t\u00e9 tous les deux \u00e0 l&rsquo;\u00e9coute de nos demandes et n&rsquo;avez pas h\u00e9sit\u00e9 \u00e0 adapter le planning avant et pendant le voyage&nbsp;&nbsp;<br>&#8211; vous nous avez accompagn\u00e9 dans toutes nos d\u00e9marches en amont du voyage (billet d&rsquo;avion, visa, h\u00f4tel \u00e0 Paris, liste des affaires \u00e0 prendre, &#8230;)&nbsp;<br>&#8211; la casa particular \u00e9tait au top, Louisa s&rsquo;est occup\u00e9 de moi comme son fils ! M\u00eame avec mon espagnol limit\u00e9 j&rsquo;ai eu des discussions tr\u00e8s riches avec elle sur la vie \u00e0 Cuba, la danse, son m\u00e9tier d\u2019enseignante, &#8230;&nbsp;&nbsp;<br>&#8211; j&rsquo;ai appr\u00e9ci\u00e9 la richesse des cours de danse : salsa couple, rueda, raggaeton, salsa con rumba, son, chachacha, orishas. On a pu avoir un panel assez complet des diff\u00e9rents types de danse cubaine&nbsp;&nbsp;<br>&#8211; j&rsquo;ai \u00e9galement appr\u00e9ci\u00e9 l\u2019opportunit\u00e9 unique de pouvoir danser avec une troupe de danseurs professionnels et de pouvoir assister \u00e0 leur r\u00e9p\u00e9tition. Les 2 shows qu&rsquo;ils nous ont propos\u00e9s \u00e9taient \u00e9poustouflants&#8230;.\u00a0\u00bb<\/em><\/p>\n\n\n\n<hr class=\"wp-block-separator\"\/>\n\n\n\n<figure class=\"wp-block-image size-large\"><img loading=\"lazy\" decoding=\"async\" width=\"919\" height=\"515\" src=\"http:\/\/ixajhje.cluster028.hosting.ovh.net\/wp-content\/uploads\/2020\/04\/Groupe-Cuba-2018-a54a1e62.jpg\" alt=\"\" class=\"wp-image-82\" srcset=\"https:\/\/www.salsa-grenoble.fr\/wp-content\/uploads\/2020\/04\/Groupe-Cuba-2018-a54a1e62.jpg 919w, https:\/\/www.salsa-grenoble.fr\/wp-content\/uploads\/2020\/04\/Groupe-Cuba-2018-a54a1e62-300x168.jpg 300w, https:\/\/www.salsa-grenoble.fr\/wp-content\/uploads\/2020\/04\/Groupe-Cuba-2018-a54a1e62-768x430.jpg 768w, https:\/\/www.salsa-grenoble.fr\/wp-content\/uploads\/2020\/04\/Groupe-Cuba-2018-a54a1e62-482x270.jpg 482w\" sizes=\"auto, (max-width: 919px) 100vw, 919px\" \/><\/figure>\n\n\n\n<figure class=\"wp-block-image size-large\"><img loading=\"lazy\" decoding=\"async\" width=\"890\" height=\"501\" src=\"http:\/\/ixajhje.cluster028.hosting.ovh.net\/wp-content\/uploads\/2020\/04\/P1020539-dde9bc6a.jpg\" alt=\"\" class=\"wp-image-83\" srcset=\"https:\/\/www.salsa-grenoble.fr\/wp-content\/uploads\/2020\/04\/P1020539-dde9bc6a.jpg 890w, https:\/\/www.salsa-grenoble.fr\/wp-content\/uploads\/2020\/04\/P1020539-dde9bc6a-300x169.jpg 300w, https:\/\/www.salsa-grenoble.fr\/wp-content\/uploads\/2020\/04\/P1020539-dde9bc6a-768x432.jpg 768w, https:\/\/www.salsa-grenoble.fr\/wp-content\/uploads\/2020\/04\/P1020539-dde9bc6a-480x270.jpg 480w\" sizes=\"auto, (max-width: 890px) 100vw, 890px\" \/><\/figure>\n","protected":false},"excerpt":{"rendered":"<p>Salsa Grenoble organise des voyage \u00e0 Santiago de Cuba ! Site web : https:\/\/www.voyage-a-cuba.fr Vid\u00e9o du voyage en 2017 : Cliquez-iciVid\u00e9o du voyage en 2016 : Cliquez-ici Pr\u00e9sentationCe voyage s&rsquo;adresse aux danseurs de salsa cubaine.La base de ce voyage est la danse, se perfectionner au sein d&rsquo;une compagnie professionnelle pendant 2 semaines avec des moments libres pour profiter du soleil, boire des cocktails, se baigner, profiter de la ville et ses richesses. Pendant deux semaines, vous \u00eates log\u00e9s en chambre&#8230;<\/p>\n<p class=\"read-more\"><a class=\"btn btn-default\" href=\"https:\/\/www.salsa-grenoble.fr\/index.php\/voyage-a-cuba-avec-sg\/\">Lire la suite<span class=\"screen-reader-text\"> Lire la suite<\/span><\/a><\/p>\n","protected":false},"author":1,"featured_media":0,"parent":0,"menu_order":0,"comment_status":"closed","ping_status":"closed","template":"","meta":{"_bbp_topic_count":0,"_bbp_reply_count":0,"_bbp_total_topic_count":0,"_bbp_total_reply_count":0,"_bbp_voice_count":0,"_bbp_anonymous_reply_count":0,"_bbp_topic_count_hidden":0,"_bbp_reply_count_hidden":0,"_bbp_forum_subforum_count":0,"footnotes":""},"class_list":["post-80","page","type-page","status-publish","hentry"],"yoast_head":"<!-- This site is optimized with the Yoast SEO plugin v25.8 - https:\/\/yoast.com\/wordpress\/plugins\/seo\/ -->\n<title>Voyage \u00e0 Cuba - Salsa Grenoble<\/title>\n<meta name=\"description\" content=\"Chaque ann\u00e9e, salsa grenoble organise un voyage \u00e0 Santiago de Cuba\" \/>\n<meta name=\"robots\" content=\"index, follow, max-snippet:-1, max-image-preview:large, max-video-preview:-1\" \/>\n<link rel=\"canonical\" href=\"https:\/\/www.salsa-grenoble.fr\/index.php\/voyage-a-cuba-avec-sg\/\" \/>\n<meta property=\"og:locale\" content=\"fr_FR\" \/>\n<meta property=\"og:type\" content=\"article\" \/>\n<meta property=\"og:title\" content=\"Voyage \u00e0 Cuba - Salsa Grenoble\" \/>\n<meta property=\"og:description\" content=\"Chaque ann\u00e9e, salsa grenoble organise un voyage \u00e0 Santiago de Cuba\" \/>\n<meta property=\"og:url\" content=\"https:\/\/www.salsa-grenoble.fr\/index.php\/voyage-a-cuba-avec-sg\/\" \/>\n<meta property=\"og:site_name\" content=\"Salsa Grenoble\" \/>\n<meta property=\"article:publisher\" content=\"https:\/\/www.facebook.com\/groups\/48137432717\/\" \/>\n<meta property=\"article:modified_time\" content=\"2023-08-20T14:52:15+00:00\" \/>\n<meta property=\"og:image\" content=\"http:\/\/ixajhje.cluster028.hosting.ovh.net\/wp-content\/uploads\/2020\/04\/Cuba-Eleves.jpg\" \/>\n<meta name=\"twitter:card\" content=\"summary_large_image\" \/>\n<meta name=\"twitter:label1\" content=\"Dur\u00e9e de lecture estim\u00e9e\" \/>\n\t<meta name=\"twitter:data1\" content=\"4 minutes\" \/>\n<script type=\"application\/ld+json\" class=\"yoast-schema-graph\">{\"@context\":\"https:\/\/schema.org\",\"@graph\":[{\"@type\":\"WebPage\",\"@id\":\"https:\/\/www.salsa-grenoble.fr\/index.php\/voyage-a-cuba-avec-sg\/\",\"url\":\"https:\/\/www.salsa-grenoble.fr\/index.php\/voyage-a-cuba-avec-sg\/\",\"name\":\"Voyage \u00e0 Cuba - Salsa Grenoble\",\"isPartOf\":{\"@id\":\"https:\/\/www.salsa-grenoble.fr\/#website\"},\"primaryImageOfPage\":{\"@id\":\"https:\/\/www.salsa-grenoble.fr\/index.php\/voyage-a-cuba-avec-sg\/#primaryimage\"},\"image\":{\"@id\":\"https:\/\/www.salsa-grenoble.fr\/index.php\/voyage-a-cuba-avec-sg\/#primaryimage\"},\"thumbnailUrl\":\"http:\/\/ixajhje.cluster028.hosting.ovh.net\/wp-content\/uploads\/2020\/04\/Cuba-Eleves.jpg\",\"datePublished\":\"2020-04-28T14:11:24+00:00\",\"dateModified\":\"2023-08-20T14:52:15+00:00\",\"description\":\"Chaque ann\u00e9e, salsa grenoble organise un voyage \u00e0 Santiago de Cuba\",\"breadcrumb\":{\"@id\":\"https:\/\/www.salsa-grenoble.fr\/index.php\/voyage-a-cuba-avec-sg\/#breadcrumb\"},\"inLanguage\":\"fr-FR\",\"potentialAction\":[{\"@type\":\"ReadAction\",\"target\":[\"https:\/\/www.salsa-grenoble.fr\/index.php\/voyage-a-cuba-avec-sg\/\"]}]},{\"@type\":\"ImageObject\",\"inLanguage\":\"fr-FR\",\"@id\":\"https:\/\/www.salsa-grenoble.fr\/index.php\/voyage-a-cuba-avec-sg\/#primaryimage\",\"url\":\"http:\/\/ixajhje.cluster028.hosting.ovh.net\/wp-content\/uploads\/2020\/04\/Cuba-Eleves.jpg\",\"contentUrl\":\"http:\/\/ixajhje.cluster028.hosting.ovh.net\/wp-content\/uploads\/2020\/04\/Cuba-Eleves.jpg\"},{\"@type\":\"BreadcrumbList\",\"@id\":\"https:\/\/www.salsa-grenoble.fr\/index.php\/voyage-a-cuba-avec-sg\/#breadcrumb\",\"itemListElement\":[{\"@type\":\"ListItem\",\"position\":1,\"name\":\"Accueil\",\"item\":\"https:\/\/www.salsa-grenoble.fr\/\"},{\"@type\":\"ListItem\",\"position\":2,\"name\":\"Voyage \u00e0 Cuba\"}]},{\"@type\":\"WebSite\",\"@id\":\"https:\/\/www.salsa-grenoble.fr\/#website\",\"url\":\"https:\/\/www.salsa-grenoble.fr\/\",\"name\":\"Salsa Grenoble\",\"description\":\"Votre \u00e9cole de salsa cubaine \u00e0 Grenoble\",\"publisher\":{\"@id\":\"https:\/\/www.salsa-grenoble.fr\/#organization\"},\"potentialAction\":[{\"@type\":\"SearchAction\",\"target\":{\"@type\":\"EntryPoint\",\"urlTemplate\":\"https:\/\/www.salsa-grenoble.fr\/?s={search_term_string}\"},\"query-input\":{\"@type\":\"PropertyValueSpecification\",\"valueRequired\":true,\"valueName\":\"search_term_string\"}}],\"inLanguage\":\"fr-FR\"},{\"@type\":\"Organization\",\"@id\":\"https:\/\/www.salsa-grenoble.fr\/#organization\",\"name\":\"ecole de danse Salsa Grenoble\",\"url\":\"https:\/\/www.salsa-grenoble.fr\/\",\"logo\":{\"@type\":\"ImageObject\",\"inLanguage\":\"fr-FR\",\"@id\":\"https:\/\/www.salsa-grenoble.fr\/#\/schema\/logo\/image\/\",\"url\":\"https:\/\/www.salsa-grenoble.fr\/wp-content\/uploads\/2020\/04\/salsa-gre-presentation2.png\",\"contentUrl\":\"https:\/\/www.salsa-grenoble.fr\/wp-content\/uploads\/2020\/04\/salsa-gre-presentation2.png\",\"width\":820,\"height\":220,\"caption\":\"ecole de danse Salsa Grenoble\"},\"image\":{\"@id\":\"https:\/\/www.salsa-grenoble.fr\/#\/schema\/logo\/image\/\"},\"sameAs\":[\"https:\/\/www.facebook.com\/groups\/48137432717\/\",\"https:\/\/www.youtube.com\/channel\/UCZTDZZxtrEhODW5fUUtoRPQ\"]}]}<\/script>\n<!-- \/ Yoast SEO plugin. -->","yoast_head_json":{"title":"Voyage \u00e0 Cuba - Salsa Grenoble","description":"Chaque ann\u00e9e, salsa grenoble organise un voyage \u00e0 Santiago de Cuba","robots":{"index":"index","follow":"follow","max-snippet":"max-snippet:-1","max-image-preview":"max-image-preview:large","max-video-preview":"max-video-preview:-1"},"canonical":"https:\/\/www.salsa-grenoble.fr\/index.php\/voyage-a-cuba-avec-sg\/","og_locale":"fr_FR","og_type":"article","og_title":"Voyage \u00e0 Cuba - Salsa Grenoble","og_description":"Chaque ann\u00e9e, salsa grenoble organise un voyage \u00e0 Santiago de Cuba","og_url":"https:\/\/www.salsa-grenoble.fr\/index.php\/voyage-a-cuba-avec-sg\/","og_site_name":"Salsa Grenoble","article_publisher":"https:\/\/www.facebook.com\/groups\/48137432717\/","article_modified_time":"2023-08-20T14:52:15+00:00","og_image":[{"url":"http:\/\/ixajhje.cluster028.hosting.ovh.net\/wp-content\/uploads\/2020\/04\/Cuba-Eleves.jpg","type":"","width":"","height":""}],"twitter_card":"summary_large_image","twitter_misc":{"Dur\u00e9e de lecture estim\u00e9e":"4 minutes"},"schema":{"@context":"https:\/\/schema.org","@graph":[{"@type":"WebPage","@id":"https:\/\/www.salsa-grenoble.fr\/index.php\/voyage-a-cuba-avec-sg\/","url":"https:\/\/www.salsa-grenoble.fr\/index.php\/voyage-a-cuba-avec-sg\/","name":"Voyage \u00e0 Cuba - Salsa Grenoble","isPartOf":{"@id":"https:\/\/www.salsa-grenoble.fr\/#website"},"primaryImageOfPage":{"@id":"https:\/\/www.salsa-grenoble.fr\/index.php\/voyage-a-cuba-avec-sg\/#primaryimage"},"image":{"@id":"https:\/\/www.salsa-grenoble.fr\/index.php\/voyage-a-cuba-avec-sg\/#primaryimage"},"thumbnailUrl":"http:\/\/ixajhje.cluster028.hosting.ovh.net\/wp-content\/uploads\/2020\/04\/Cuba-Eleves.jpg","datePublished":"2020-04-28T14:11:24+00:00","dateModified":"2023-08-20T14:52:15+00:00","description":"Chaque ann\u00e9e, salsa grenoble organise un voyage \u00e0 Santiago de Cuba","breadcrumb":{"@id":"https:\/\/www.salsa-grenoble.fr\/index.php\/voyage-a-cuba-avec-sg\/#breadcrumb"},"inLanguage":"fr-FR","potentialAction":[{"@type":"ReadAction","target":["https:\/\/www.salsa-grenoble.fr\/index.php\/voyage-a-cuba-avec-sg\/"]}]},{"@type":"ImageObject","inLanguage":"fr-FR","@id":"https:\/\/www.salsa-grenoble.fr\/index.php\/voyage-a-cuba-avec-sg\/#primaryimage","url":"http:\/\/ixajhje.cluster028.hosting.ovh.net\/wp-content\/uploads\/2020\/04\/Cuba-Eleves.jpg","contentUrl":"http:\/\/ixajhje.cluster028.hosting.ovh.net\/wp-content\/uploads\/2020\/04\/Cuba-Eleves.jpg"},{"@type":"BreadcrumbList","@id":"https:\/\/www.salsa-grenoble.fr\/index.php\/voyage-a-cuba-avec-sg\/#breadcrumb","itemListElement":[{"@type":"ListItem","position":1,"name":"Accueil","item":"https:\/\/www.salsa-grenoble.fr\/"},{"@type":"ListItem","position":2,"name":"Voyage \u00e0 Cuba"}]},{"@type":"WebSite","@id":"https:\/\/www.salsa-grenoble.fr\/#website","url":"https:\/\/www.salsa-grenoble.fr\/","name":"Salsa Grenoble","description":"Votre \u00e9cole de salsa cubaine \u00e0 Grenoble","publisher":{"@id":"https:\/\/www.salsa-grenoble.fr\/#organization"},"potentialAction":[{"@type":"SearchAction","target":{"@type":"EntryPoint","urlTemplate":"https:\/\/www.salsa-grenoble.fr\/?s={search_term_string}"},"query-input":{"@type":"PropertyValueSpecification","valueRequired":true,"valueName":"search_term_string"}}],"inLanguage":"fr-FR"},{"@type":"Organization","@id":"https:\/\/www.salsa-grenoble.fr\/#organization","name":"ecole de danse Salsa Grenoble","url":"https:\/\/www.salsa-grenoble.fr\/","logo":{"@type":"ImageObject","inLanguage":"fr-FR","@id":"https:\/\/www.salsa-grenoble.fr\/#\/schema\/logo\/image\/","url":"https:\/\/www.salsa-grenoble.fr\/wp-content\/uploads\/2020\/04\/salsa-gre-presentation2.png","contentUrl":"https:\/\/www.salsa-grenoble.fr\/wp-content\/uploads\/2020\/04\/salsa-gre-presentation2.png","width":820,"height":220,"caption":"ecole de danse Salsa Grenoble"},"image":{"@id":"https:\/\/www.salsa-grenoble.fr\/#\/schema\/logo\/image\/"},"sameAs":["https:\/\/www.facebook.com\/groups\/48137432717\/","https:\/\/www.youtube.com\/channel\/UCZTDZZxtrEhODW5fUUtoRPQ"]}]}},"_links":{"self":[{"href":"https:\/\/www.salsa-grenoble.fr\/index.php\/wp-json\/wp\/v2\/pages\/80","targetHints":{"allow":["GET"]}}],"collection":[{"href":"https:\/\/www.salsa-grenoble.fr\/index.php\/wp-json\/wp\/v2\/pages"}],"about":[{"href":"https:\/\/www.salsa-grenoble.fr\/index.php\/wp-json\/wp\/v2\/types\/page"}],"author":[{"embeddable":true,"href":"https:\/\/www.salsa-grenoble.fr\/index.php\/wp-json\/wp\/v2\/users\/1"}],"replies":[{"embeddable":true,"href":"https:\/\/www.salsa-grenoble.fr\/index.php\/wp-json\/wp\/v2\/comments?post=80"}],"version-history":[{"count":6,"href":"https:\/\/www.salsa-grenoble.fr\/index.php\/wp-json\/wp\/v2\/pages\/80\/revisions"}],"predecessor-version":[{"id":1019,"href":"https:\/\/www.salsa-grenoble.fr\/index.php\/wp-json\/wp\/v2\/pages\/80\/revisions\/1019"}],"wp:attachment":[{"href":"https:\/\/www.salsa-grenoble.fr\/index.php\/wp-json\/wp\/v2\/media?parent=80"}],"curies":[{"name":"wp","href":"https:\/\/api.w.org\/{rel}","templated":true}]}}